{"id":29676,"date":"2024-07-31T05:44:01","date_gmt":"2024-07-31T03:44:01","guid":{"rendered":"https:\/\/tidy.co\/%e5%ae%a2%e6%88%b7%e6%84%9f%e8%a8%80\/"},"modified":"2024-08-15T00:32:41","modified_gmt":"2024-08-14T22:32:41","slug":"%e5%ae%a2%e6%88%b7%e6%84%9f%e8%a8%80","status":"publish","type":"page","link":"https:\/\/tidy.co\/zh-hans\/%e5%ae%a2%e6%88%b7%e6%84%9f%e8%a8%80\/","title":{"rendered":"\u5ba2\u6237\u611f\u8a00"},"content":{"rendered":"\t\t<div data-elementor-type=\"wp-page\" data-elementor-id=\"29676\" class=\"elementor elementor-29676\" data-elementor-post-type=\"page\">\n\t\t\t\t\t\t<section class=\"elementor-section elementor-top-section elementor-element elementor-element-bac4b0b elementor-section-content-middle elementor-section-full_width elementor-section-stretched elementor-section-height-default elementor-section-height-default\" data-id=\"bac4b0b\" data-element_type=\"section\" data-settings=\"{&quot;stretch_section&quot;:&quot;section-stretched&quot;,&quot;background_background&quot;:&quot;classic&quot;}\">\n\t\t\t\t\t\t<div class=\"elementor-container elementor-column-gap-extended\">\n\t\t\t\t\t<div class=\"elementor-column elementor-col-50 elementor-top-column elementor-element elementor-element-10e149c\" data-id=\"10e149c\" data-element_type=\"column\">\n\t\t\t<div class=\"elementor-widget-wrap elementor-element-populated\">\n\t\t\t\t\t\t<div class=\"vlt-animate-element elementor-element elementor-element-55321df elementor-widget elementor-widget-heading\" data-animation-name=\"mikael\" style=\" --animate-delay: 100ms;\" data-id=\"55321df\" data-element_type=\"widget\" data-settings=\"{&quot;vlt_animated_widget_animation&quot;:&quot;mikael&quot;}\" data-widget_type=\"heading.default\">\n\t\t\t\t<div class=\"elementor-widget-container\">\n\t\t\t\t\t<h2 class=\"elementor-heading-title elementor-size-default\">\u5ba2\u6237\u611f\u8a00<\/h2>\t\t\t\t<\/div>\n\t\t\t\t<\/div>\n\t\t\t\t\t<\/div>\n\t\t<\/div>\n\t\t\t\t<div class=\"elementor-column elementor-col-50 elementor-top-column elementor-element elementor-element-839e9b2\" data-id=\"839e9b2\" data-element_type=\"column\">\n\t\t\t<div class=\"elementor-widget-wrap elementor-element-populated\">\n\t\t\t\t\t\t<div class=\"vlt-animate-element elementor-element elementor-element-b6bbc6e elementor-widget elementor-widget-vlt-slider-controls\" data-animation-name=\"mikael\" style=\" --animate-delay: 100ms;\" data-id=\"b6bbc6e\" data-element_type=\"widget\" data-settings=\"{&quot;vlt_animated_widget_animation&quot;:&quot;mikael&quot;}\" data-widget_type=\"vlt-slider-controls.default\">\n\t\t\t\t<div class=\"elementor-widget-container\">\n\t\t\t\t\t\n\t\t<div class=\"vlt-slider-controls vlt-slider-controls--testimonial-slider\">\n\n\t\t\t<span class=\"prev\"><svg version=\"1.1\" fill=\"currentColor\" xmlns=\"http:\/\/www.w3.org\/2000\/svg\" xmlns:xlink=\"http:\/\/www.w3.org\/1999\/xlink\" width=\"52px\" height=\"16px\" viewBox=\"0 0 52 16\" xml:space=\"preserve\"><polygon points=\"52.6,7 4.4,7 9.7,1.7 8.3,0.3 0.6,8 0.6,8 0.6,8 8.3,15.7 9.7,14.3 4.4,9 52.6,9 \"\/><\/svg><\/span>\n\n\t\t\t\t\t\t\t<span class=\"pagination\"><\/span>\n\t\t\t\n\t\t\t<span class=\"next\"><svg version=\"1.1\" fill=\"currentColor\" xmlns=\"http:\/\/www.w3.org\/2000\/svg\" xmlns:xlink=\"http:\/\/www.w3.org\/1999\/xlink\" width=\"52px\" height=\"16px\" viewBox=\"0 0 52 16\" xml:space=\"preserve\"><polygon points=\"0.6,9 48.7,9 43.5,14.3 44.9,15.7 52.6,8 52.6,8 52.6,8 44.9,0.3 43.5,1.7 48.7,7 0.6,7 \"\/><\/svg><\/span>\n\n\t\t<\/div>\n\n\t\t\t\t\t\t<\/div>\n\t\t\t\t<\/div>\n\t\t\t\t\t<\/div>\n\t\t<\/div>\n\t\t\t\t\t<\/div>\n\t\t<\/section>\n\t\t\t\t<section class=\"elementor-section elementor-top-section elementor-element elementor-element-ab4d9cb elementor-section-full_width elementor-section-stretched elementor-section-height-default elementor-section-height-default\" data-id=\"ab4d9cb\" data-element_type=\"section\" data-settings=\"{&quot;stretch_section&quot;:&quot;section-stretched&quot;,&quot;background_background&quot;:&quot;classic&quot;}\">\n\t\t\t\t\t\t<div class=\"elementor-container elementor-column-gap-extended\">\n\t\t\t\t\t<div class=\"elementor-column elementor-col-100 elementor-top-column elementor-element elementor-element-be1087a\" data-id=\"be1087a\" data-element_type=\"column\">\n\t\t\t<div class=\"elementor-widget-wrap elementor-element-populated\">\n\t\t\t\t\t\t<div class=\"elementor-element elementor-element-1500c20 elementor-widget elementor-widget-spacer\" data-id=\"1500c20\" data-element_type=\"widget\" data-settings=\"{&quot;vlt_animated_widget_animation&quot;:&quot;none&quot;}\" data-widget_type=\"spacer.default\">\n\t\t\t\t<div class=\"elementor-widget-container\">\n\t\t\t\t\t\t\t<div class=\"elementor-spacer\">\n\t\t\t<div class=\"elementor-spacer-inner\"><\/div>\n\t\t<\/div>\n\t\t\t\t\t\t<\/div>\n\t\t\t\t<\/div>\n\t\t\t\t<div class=\"vlt-animate-element elementor-element elementor-element-6985878 elementor-widget elementor-widget-vlt-testimonial-slider\" data-animation-name=\"mikael\" style=\" --animate-delay: 200ms;\" data-id=\"6985878\" data-element_type=\"widget\" data-settings=\"{&quot;vlt_animated_widget_animation&quot;:&quot;mikael&quot;}\" data-widget_type=\"vlt-testimonial-slider.default\">\n\t\t\t\t<div class=\"elementor-widget-container\">\n\t\t\t\t\t\n\t<div class=\"vlt-testimonial-slider swiper-container\" data-animation-speed=\"1000\" data-loop=\"\" data-gap=\"30\">\n\n\t\t<div class=\"swiper-wrapper\">\n\n\t\t\t<div class=\"swiper-slide\"><div class=\"vlt-testimonial-item\"><div class=\"vlt-testimonial-item__content\"><div class=\"vlt-testimonial-item__text\"><p>\u201cHow to impress employers with your r\u00e9sum\u00e9 ? This is a good question for me when I start to make a r\u00e9sum\u00e9 to apply for a job. I believe that the r\u00e9sum\u00e9 has become the number one requirement request to make an impression on a potential employer. So I decided to ask Dr. Arthur\u2019s InsightCV helped update my resume when I was applying for a short-term secondment overseas. I was guided through the key points to be highlighted in the r\u00e9sum\u00e9 and also in the covering letter.<\/p><p>I was helped when I applied on-line for an overseas travel business opportunity.<\/p><p>These counselling activities helped me to understand the current day competition and challenges in getting a responsible senior job in the hospitality and travel sector. Moreover, I also get some small tips how to put the layout and improve my r\u00e9sum\u00e9 to be attractive.<\/p><p>Finally, with this guidance and experience I was successful in getting a great new position.\u201d<\/p><\/div><div class=\"vlt-testimonial-item__meta\"><h6 class=\"vlt-testimonial-item__name\">Siwaporn R,  Manager Air Travel and Ticketing, Thailand<\/h6><span class=\"vlt-testimonial-item__function\">Review from a Thai specialist in air travel and ticketing who was seeking both short-term and long-term career changes.<\/span><\/div><\/div><\/div><\/div><div class=\"swiper-slide\"><div class=\"vlt-testimonial-item\"><div class=\"vlt-testimonial-item__content\"><div class=\"vlt-testimonial-item__text\"><p>\u201cI have used the services of Dr. Arthur to help me improve my CV. I have found his support very helpful indeed and I am pleased to recommend Dr. Arthur\u2019s Insight CV to anyone who wants to sharpen their CV. The process included a complete review in depth and the end result was excellent.\u201d<\/p><\/div><div class=\"vlt-testimonial-item__meta\"><h6 class=\"vlt-testimonial-item__name\">Tomas J. Flight Catering and Airport Services, Sweden<\/h6><span class=\"vlt-testimonial-item__function\">Review from a Swedish senior executive seeking a new career opportunity<\/span><\/div><\/div><\/div><\/div><div class=\"swiper-slide\"><div class=\"vlt-testimonial-item\"><div class=\"vlt-testimonial-item__content\"><div class=\"vlt-testimonial-item__text\"><p>\u201cArthur's professional insights and input into my job search process was instrumental in getting me to job interviews and then achieving two fantastic job opportunities to choose from in FMCG Marketing, a cut throat industry. Arthur helped me present my r\u00e9sum\u00e9 and cover letter in the best light possible, focusing on the areas he knew the employers would be interested in. Arthur also coached me prior to my interviews, which gave me much greater confidence in the interview as I was prepared for the questions I was asked. I would highly recommend anyone wanting to get the best employment opportunity for themselves to enlist Arthur's Insight CV services.\u201d<\/p><\/div><div class=\"vlt-testimonial-item__meta\"><h6 class=\"vlt-testimonial-item__name\">Julia C - Brand Manager, Australia<\/h6><span class=\"vlt-testimonial-item__function\">Review from an experienced Australian Brand Manager who was searching for a job in the UK. The services included post-interview advice and support for email communications.<\/span><\/div><\/div><\/div><\/div>\n\t\t<\/div>\n\n\t<\/div>\n\n\t\t\t\t\t<\/div>\n\t\t\t\t<\/div>\n\t\t\t\t<div class=\"elementor-element elementor-element-5bc0b84 elementor-align-center elementor-widget elementor-widget-button\" data-id=\"5bc0b84\" data-element_type=\"widget\" data-settings=\"{&quot;vlt_animated_widget_animation&quot;:&quot;none&quot;}\" data-widget_type=\"button.default\">\n\t\t\t\t<div class=\"elementor-widget-container\">\n\t\t\t\t\t\t\t\t\t<div class=\"elementor-button-wrapper\">\n\t\t\t\t\t<a class=\"elementor-button elementor-button-link elementor-size-sm\" href=\"#elementor-action%3Aaction%3Dpopup%3Aopen%26settings%3DeyJpZCI6IjI4OTQwIiwidG9nZ2xlIjpmYWxzZX0%3D\">\n\t\t\t\t\t\t<span class=\"elementor-button-content-wrapper\">\n\t\t\t\t\t\t\t\t\t<span class=\"elementor-button-text\">\u4e86\u89e3 Siwaporn \u89c6\u9891\u8bc4\u8bba<\/span>\n\t\t\t\t\t<\/span>\n\t\t\t\t\t<\/a>\n\t\t\t\t<\/div>\n\t\t\t\t\t\t\t\t<\/div>\n\t\t\t\t<\/div>\n\t\t\t\t\t<\/div>\n\t\t<\/div>\n\t\t\t\t\t<\/div>\n\t\t<\/section>\n\t\t\t\t<\/div>\n\t\t","protected":false},"excerpt":{"rendered":"<p>\u5ba2\u6237\u611f\u8a00 \u201cHow to impress employers with your r\u00e9sum\u00e9 ? This  [&hellip;]<\/p>\n","protected":false},"author":1,"featured_media":0,"parent":0,"menu_order":0,"comment_status":"closed","ping_status":"closed","template":"","meta":{"_acf_changed":false,"footnotes":""},"class_list":["post-29676","page","type-page","status-publish","hentry"],"acf":[],"yoast_head":"<!-- This site is optimized with the Yoast SEO plugin v25.3.1 - https:\/\/yoast.com\/wordpress\/plugins\/seo\/ -->\n<title>\u5ba2\u6237\u611f\u8a00 - Insight CV - Tidy.co<\/title>\n<meta name=\"robots\" content=\"index, follow, max-snippet:-1, max-image-preview:large, max-video-preview:-1\" \/>\n<link rel=\"canonical\" href=\"https:\/\/tidy.co\/zh-hans\/\u5ba2\u6237\u611f\u8a00\/\" \/>\n<meta property=\"og:locale\" content=\"zh_CN\" \/>\n<meta property=\"og:type\" content=\"article\" \/>\n<meta property=\"og:title\" content=\"\u5ba2\u6237\u611f\u8a00 - Insight CV - Tidy.co\" \/>\n<meta property=\"og:description\" content=\"\u5ba2\u6237\u611f\u8a00 \u201cHow to impress employers with your r\u00e9sum\u00e9 ? This [&hellip;]\" \/>\n<meta property=\"og:url\" content=\"https:\/\/tidy.co\/zh-hans\/\u5ba2\u6237\u611f\u8a00\/\" \/>\n<meta property=\"og:site_name\" content=\"Insight CV - Tidy.co\" \/>\n<meta property=\"article:modified_time\" content=\"2024-08-14T22:32:41+00:00\" \/>\n<meta name=\"twitter:card\" content=\"summary_large_image\" \/>\n<meta name=\"twitter:label1\" content=\"\u9884\u8ba1\u9605\u8bfb\u65f6\u95f4\" \/>\n\t<meta name=\"twitter:data1\" content=\"2 \u5206\" \/>\n<script type=\"application\/ld+json\" class=\"yoast-schema-graph\">{\"@context\":\"https:\/\/schema.org\",\"@graph\":[{\"@type\":\"WebPage\",\"@id\":\"https:\/\/tidy.co\/zh-hans\/%e5%ae%a2%e6%88%b7%e6%84%9f%e8%a8%80\/\",\"url\":\"https:\/\/tidy.co\/zh-hans\/%e5%ae%a2%e6%88%b7%e6%84%9f%e8%a8%80\/\",\"name\":\"\u5ba2\u6237\u611f\u8a00 - Insight CV - Tidy.co\",\"isPartOf\":{\"@id\":\"https:\/\/tidy.co\/zh-hans\/#website\"},\"datePublished\":\"2024-07-31T03:44:01+00:00\",\"dateModified\":\"2024-08-14T22:32:41+00:00\",\"breadcrumb\":{\"@id\":\"https:\/\/tidy.co\/zh-hans\/%e5%ae%a2%e6%88%b7%e6%84%9f%e8%a8%80\/#breadcrumb\"},\"inLanguage\":\"zh-Hans\",\"potentialAction\":[{\"@type\":\"ReadAction\",\"target\":[\"https:\/\/tidy.co\/zh-hans\/%e5%ae%a2%e6%88%b7%e6%84%9f%e8%a8%80\/\"]}]},{\"@type\":\"BreadcrumbList\",\"@id\":\"https:\/\/tidy.co\/zh-hans\/%e5%ae%a2%e6%88%b7%e6%84%9f%e8%a8%80\/#breadcrumb\",\"itemListElement\":[{\"@type\":\"ListItem\",\"position\":1,\"name\":\"Accueil\",\"item\":\"https:\/\/tidy.co\/zh-hans\/\"},{\"@type\":\"ListItem\",\"position\":2,\"name\":\"\u5ba2\u6237\u611f\u8a00\"}]},{\"@type\":\"WebSite\",\"@id\":\"https:\/\/tidy.co\/zh-hans\/#website\",\"url\":\"https:\/\/tidy.co\/zh-hans\/\",\"name\":\"Insight CV - Tidy.co\",\"description\":\"CV and Resume preparation\",\"potentialAction\":[{\"@type\":\"SearchAction\",\"target\":{\"@type\":\"EntryPoint\",\"urlTemplate\":\"https:\/\/tidy.co\/zh-hans\/?s={search_term_string}\"},\"query-input\":{\"@type\":\"PropertyValueSpecification\",\"valueRequired\":true,\"valueName\":\"search_term_string\"}}],\"inLanguage\":\"zh-Hans\"}]}<\/script>\n<!-- \/ Yoast SEO plugin. -->","yoast_head_json":{"title":"\u5ba2\u6237\u611f\u8a00 - Insight CV - Tidy.co","robots":{"index":"index","follow":"follow","max-snippet":"max-snippet:-1","max-image-preview":"max-image-preview:large","max-video-preview":"max-video-preview:-1"},"canonical":"https:\/\/tidy.co\/zh-hans\/\u5ba2\u6237\u611f\u8a00\/","og_locale":"zh_CN","og_type":"article","og_title":"\u5ba2\u6237\u611f\u8a00 - Insight CV - Tidy.co","og_description":"\u5ba2\u6237\u611f\u8a00 \u201cHow to impress employers with your r\u00e9sum\u00e9 ? This [&hellip;]","og_url":"https:\/\/tidy.co\/zh-hans\/\u5ba2\u6237\u611f\u8a00\/","og_site_name":"Insight CV - Tidy.co","article_modified_time":"2024-08-14T22:32:41+00:00","twitter_card":"summary_large_image","twitter_misc":{"\u9884\u8ba1\u9605\u8bfb\u65f6\u95f4":"2 \u5206"},"schema":{"@context":"https:\/\/schema.org","@graph":[{"@type":"WebPage","@id":"https:\/\/tidy.co\/zh-hans\/%e5%ae%a2%e6%88%b7%e6%84%9f%e8%a8%80\/","url":"https:\/\/tidy.co\/zh-hans\/%e5%ae%a2%e6%88%b7%e6%84%9f%e8%a8%80\/","name":"\u5ba2\u6237\u611f\u8a00 - Insight CV - Tidy.co","isPartOf":{"@id":"https:\/\/tidy.co\/zh-hans\/#website"},"datePublished":"2024-07-31T03:44:01+00:00","dateModified":"2024-08-14T22:32:41+00:00","breadcrumb":{"@id":"https:\/\/tidy.co\/zh-hans\/%e5%ae%a2%e6%88%b7%e6%84%9f%e8%a8%80\/#breadcrumb"},"inLanguage":"zh-Hans","potentialAction":[{"@type":"ReadAction","target":["https:\/\/tidy.co\/zh-hans\/%e5%ae%a2%e6%88%b7%e6%84%9f%e8%a8%80\/"]}]},{"@type":"BreadcrumbList","@id":"https:\/\/tidy.co\/zh-hans\/%e5%ae%a2%e6%88%b7%e6%84%9f%e8%a8%80\/#breadcrumb","itemListElement":[{"@type":"ListItem","position":1,"name":"Accueil","item":"https:\/\/tidy.co\/zh-hans\/"},{"@type":"ListItem","position":2,"name":"\u5ba2\u6237\u611f\u8a00"}]},{"@type":"WebSite","@id":"https:\/\/tidy.co\/zh-hans\/#website","url":"https:\/\/tidy.co\/zh-hans\/","name":"Insight CV - Tidy.co","description":"CV and Resume preparation","potentialAction":[{"@type":"SearchAction","target":{"@type":"EntryPoint","urlTemplate":"https:\/\/tidy.co\/zh-hans\/?s={search_term_string}"},"query-input":{"@type":"PropertyValueSpecification","valueRequired":true,"valueName":"search_term_string"}}],"inLanguage":"zh-Hans"}]}},"_links":{"self":[{"href":"https:\/\/tidy.co\/zh-hans\/wp-json\/wp\/v2\/pages\/29676","targetHints":{"allow":["GET"]}}],"collection":[{"href":"https:\/\/tidy.co\/zh-hans\/wp-json\/wp\/v2\/pages"}],"about":[{"href":"https:\/\/tidy.co\/zh-hans\/wp-json\/wp\/v2\/types\/page"}],"author":[{"embeddable":true,"href":"https:\/\/tidy.co\/zh-hans\/wp-json\/wp\/v2\/users\/1"}],"replies":[{"embeddable":true,"href":"https:\/\/tidy.co\/zh-hans\/wp-json\/wp\/v2\/comments?post=29676"}],"version-history":[{"count":0,"href":"https:\/\/tidy.co\/zh-hans\/wp-json\/wp\/v2\/pages\/29676\/revisions"}],"wp:attachment":[{"href":"https:\/\/tidy.co\/zh-hans\/wp-json\/wp\/v2\/media?parent=29676"}],"curies":[{"name":"wp","href":"https:\/\/api.w.org\/{rel}","templated":true}]}}