{"id":29596,"date":"2024-07-31T05:45:45","date_gmt":"2024-07-31T03:45:45","guid":{"rendered":"https:\/\/tidy.co\/arthur-morse\/"},"modified":"2025-06-16T22:25:46","modified_gmt":"2025-06-16T20:25:46","slug":"arthur-morse","status":"publish","type":"page","link":"https:\/\/tidy.co\/vi\/arthur-morse\/","title":{"rendered":"Arthur Morse"},"content":{"rendered":"\t\t<div data-elementor-type=\"wp-page\" data-elementor-id=\"29596\" class=\"elementor elementor-29596\" data-elementor-post-type=\"page\">\n\t\t\t\t\t\t<section class=\"elementor-section elementor-top-section elementor-element elementor-element-6c7df6b elementor-section-boxed elementor-section-height-default elementor-section-height-default\" data-id=\"6c7df6b\" data-element_type=\"section\">\n\t\t\t\t\t\t<div class=\"elementor-container elementor-column-gap-extended\">\n\t\t\t\t\t<div class=\"elementor-column elementor-col-100 elementor-top-column elementor-element elementor-element-e369988\" data-id=\"e369988\" data-element_type=\"column\">\n\t\t\t<div class=\"elementor-widget-wrap elementor-element-populated\">\n\t\t\t\t\t\t<div class=\"elementor-element elementor-element-8e244c0 elementor-widget elementor-widget-spacer\" data-id=\"8e244c0\" data-element_type=\"widget\" data-settings=\"{&quot;vlt_animated_widget_animation&quot;:&quot;none&quot;}\" data-widget_type=\"spacer.default\">\n\t\t\t\t<div class=\"elementor-widget-container\">\n\t\t\t\t\t\t\t<div class=\"elementor-spacer\">\n\t\t\t<div class=\"elementor-spacer-inner\"><\/div>\n\t\t<\/div>\n\t\t\t\t\t\t<\/div>\n\t\t\t\t<\/div>\n\t\t\t\t<div class=\"vlt-animate-element elementor-element elementor-element-820b39d elementor-widget elementor-widget-heading\" data-animation-name=\"mikael\" style=\" --animate-delay: 200ms;\" data-id=\"820b39d\" data-element_type=\"widget\" data-settings=\"{&quot;vlt_animated_widget_animation&quot;:&quot;mikael&quot;}\" data-widget_type=\"heading.default\">\n\t\t\t\t<div class=\"elementor-widget-container\">\n\t\t\t\t\t<h4 class=\"elementor-heading-title elementor-size-default\">Trang web <span class=\"has-first-color\">Tidy.co<\/span> \u0111\u01b0\u1ee3c <span class=\"has-first-color\">Arthur Morse<\/span> t\u1ea1o ra nh\u1eb1m gi\u00fap m\u1ecdi ng\u01b0\u1eddi \u1edf m\u1ecdi c\u1ea5p \u0111\u1ed9 \"s\u1eafp x\u1ebfp\" suy ngh\u0129 v\u00e0 k\u1ebf ho\u1ea1ch c\u1ee7a m\u00ecnh v\u00e0 h\u1ed7 tr\u1ee3 h\u1ecd \u0111\u1ea1t \u0111\u01b0\u1ee3c s\u1ef1 nghi\u1ec7p th\u00e0nh c\u00f4ng.<\/h4>\t\t\t\t<\/div>\n\t\t\t\t<\/div>\n\t\t\t\t<div class=\"elementor-element elementor-element-37cf507 elementor-widget elementor-widget-spacer\" data-id=\"37cf507\" data-element_type=\"widget\" data-settings=\"{&quot;vlt_animated_widget_animation&quot;:&quot;none&quot;}\" data-widget_type=\"spacer.default\">\n\t\t\t\t<div class=\"elementor-widget-container\">\n\t\t\t\t\t\t\t<div class=\"elementor-spacer\">\n\t\t\t<div class=\"elementor-spacer-inner\"><\/div>\n\t\t<\/div>\n\t\t\t\t\t\t<\/div>\n\t\t\t\t<\/div>\n\t\t\t\t\t<\/div>\n\t\t<\/div>\n\t\t\t\t\t<\/div>\n\t\t<\/section>\n\t\t\t\t<section class=\"elementor-section elementor-top-section elementor-element elementor-element-a034d9f elementor-section-content-middle elementor-section-boxed elementor-section-height-default elementor-section-height-default\" data-id=\"a034d9f\" data-element_type=\"section\">\n\t\t\t\t\t\t<div class=\"elementor-container elementor-column-gap-extended\">\n\t\t\t\t\t<div class=\"elementor-column elementor-col-50 elementor-top-column elementor-element elementor-element-42a87af\" data-id=\"42a87af\" data-element_type=\"column\">\n\t\t\t<div class=\"elementor-widget-wrap elementor-element-populated\">\n\t\t\t\t\t\t<div class=\"vlt-animate-element elementor-element elementor-element-8549ecc elementor-widget elementor-widget-vlt-slide-photo\" data-animation-name=\"mikael\" style=\" --animate-delay: 100ms;\" data-id=\"8549ecc\" data-element_type=\"widget\" data-settings=\"{&quot;vlt_animated_widget_animation&quot;:&quot;mikael&quot;}\" data-widget_type=\"vlt-slide-photo.default\">\n\t\t\t\t<div class=\"elementor-widget-container\">\n\t\t\t\t\t\n\t\t<div class=\"vlt-slide-photo\">\n\n\t\t\t\n\t\t\t\t<div class=\"vlt-slide-photo__inside\">\n\n\t\t\t\t<img loading=\"lazy\" decoding=\"async\" width=\"577\" height=\"725\" src=\"https:\/\/tidy.co\/wp-content\/uploads\/2025\/06\/Personal-Arthur-Photo-for-tidy-co-Arthur-final_25015-5.png\" class=\"attachment-full size-full\" alt=\"\" loading=\"lazy\" srcset=\"https:\/\/tidy.co\/wp-content\/uploads\/2025\/06\/Personal-Arthur-Photo-for-tidy-co-Arthur-final_25015-5.png 577w, https:\/\/tidy.co\/wp-content\/uploads\/2025\/06\/Personal-Arthur-Photo-for-tidy-co-Arthur-final_25015-5-239x300.png 239w\" sizes=\"auto, (max-width: 577px) 100vw, 577px\" \/>\n\t\t\t\t<\/div>\n\n\t\t\t\t\n\t\t\t\n\t\t\t\n\t\t\n\t\t\t<div class=\"vlt-slide-photo__particle elementor-repeater-item-d3abce6 vlt-animate-element\" style=\" --animate-delay: 1200ms;\" data-animation-name=\"fadeInLeftSm\">\n\n\t\t\t\t<img loading=\"lazy\" decoding=\"async\" width=\"289\" height=\"247\" src=\"https:\/\/tidy.co\/wp-content\/uploads\/2020\/06\/plus-light-pattern.png\" class=\"attachment-full size-full\" alt=\"\" loading=\"lazy\" \/>\n\t\t\t<\/div>\n\n\t\t\n\t\t\n\t\t<\/div>\n\n\t\t\t\t\t\t<\/div>\n\t\t\t\t<\/div>\n\t\t\t\t\t<\/div>\n\t\t<\/div>\n\t\t\t\t<div class=\"elementor-column elementor-col-25 elementor-top-column elementor-element elementor-element-a9f6b73\" data-id=\"a9f6b73\" data-element_type=\"column\">\n\t\t\t<div class=\"elementor-widget-wrap\">\n\t\t\t\t\t\t\t<\/div>\n\t\t<\/div>\n\t\t\t\t<div class=\"elementor-column elementor-col-25 elementor-top-column elementor-element elementor-element-ea19bfe\" data-id=\"ea19bfe\" data-element_type=\"column\">\n\t\t\t<div class=\"elementor-widget-wrap elementor-element-populated\">\n\t\t\t\t\t\t<div class=\"vlt-animate-element elementor-element elementor-element-fe2a1f7 elementor-widget elementor-widget-heading\" data-animation-name=\"mikael\" style=\" --animate-delay: 200ms;\" data-id=\"fe2a1f7\" data-element_type=\"widget\" data-settings=\"{&quot;vlt_animated_widget_animation&quot;:&quot;mikael&quot;}\" data-widget_type=\"heading.default\">\n\t\t\t\t<div class=\"elementor-widget-container\">\n\t\t\t\t\t<h4 class=\"elementor-heading-title elementor-size-default\">Arthur <span class=\"has-first-color\">Morse<\/span> l\u00e0 m\u1ed9t k\u1ef9 s\u01b0 v\u00e0 nh\u00e0 v\u1eadt l\u00fd c\u00f3 kinh nghi\u1ec7m \u0111i\u1ec1u h\u00e0nh c\u00e1c d\u1ef1 \u00e1n cho c\u00e1c c\u00f4ng ty t\u01b0 nh\u00e2n, c\u00e1c c\u01a1 quan ch\u00ednh ph\u1ee7 v\u00e0 c\u00e1c c\u01a1 quan Li\u00ean h\u1ee3p qu\u1ed1c t\u1ea1i nhi\u1ec1u qu\u1ed1c gia.<\/h4>\t\t\t\t<\/div>\n\t\t\t\t<\/div>\n\t\t\t\t<div class=\"elementor-element elementor-element-bbc40d5 elementor-widget elementor-widget-spacer\" data-id=\"bbc40d5\" data-element_type=\"widget\" data-settings=\"{&quot;vlt_animated_widget_animation&quot;:&quot;none&quot;}\" data-widget_type=\"spacer.default\">\n\t\t\t\t<div class=\"elementor-widget-container\">\n\t\t\t\t\t\t\t<div class=\"elementor-spacer\">\n\t\t\t<div class=\"elementor-spacer-inner\"><\/div>\n\t\t<\/div>\n\t\t\t\t\t\t<\/div>\n\t\t\t\t<\/div>\n\t\t\t\t<div class=\"vlt-animate-element elementor-element elementor-element-9d489fb elementor-widget elementor-widget-text-editor\" data-animation-name=\"mikael\" style=\" --animate-delay: 200ms;\" data-id=\"9d489fb\" data-element_type=\"widget\" data-settings=\"{&quot;vlt_animated_widget_animation&quot;:&quot;mikael&quot;}\" data-widget_type=\"text-editor.default\">\n\t\t\t\t<div class=\"elementor-widget-container\">\n\t\t\t\t\t\t\t\t\t<p>\u00d4ng sinh ra \u1edf V\u01b0\u01a1ng qu\u1ed1c Anh. \u00d4ng s\u1ed1ng \u1edf Th\u1ee5y S\u0129 v\u00e0 th\u01b0\u1eddng xuy\u00ean \u0111i du l\u1ecbch \u0111\u1ebfn \u0110\u00f4ng Nam \u00c1 v\u00e0 Trung Qu\u1ed1c. Hi\u1ec7n nay, \u00f4ng t\u1eadp trung v\u00e0o vi\u1ec7c gi\u00fap \u0111\u1ee1 sinh vi\u00ean \u0111\u1ea1i h\u1ecdc, sinh vi\u00ean m\u1edbi t\u1ed1t nghi\u1ec7p, chuy\u00ean gia tr\u1ebb v\u00e0 gi\u00e1m \u0111\u1ed1c \u0111i\u1ec1u h\u00e0nh c\u1ea5p cao.&nbsp;  Anh \u1ea5y \u0111\u00e3 t\u1ea1o ra InsightCV \u0111\u1ec3 c\u00f4ng khai v\u00e0 th\u00fac \u0111\u1ea9y c\u00e1c ho\u1ea1t \u0111\u1ed9ng t\u01b0 v\u1ea5n ngh\u1ec1 nghi\u1ec7p v\u00e0 hi\u1ec7n anh \u1ea5y \u0111\u00e3 ph\u00e1t tri\u1ec3n&nbsp;<a class=\"defaultMailLink defaultMailLink\" href=\"http:\/\/tidy.co\/\" target=\"_blank\" rel=\"noopener noreferrer\" data-ik=\"ik-secure\">Tidy.co<\/a>&nbsp; \u0111\u1ec3 th\u00fac \u0111\u1ea9y h\u01a1n n\u1eefa c\u00f4ng vi\u1ec7c c\u1ee7a m\u00ecnh.<\/p>\n\t\t\t\t\t\t\t\t<\/div>\n\t\t\t\t<\/div>\n\t\t\t\t<div class=\"elementor-element elementor-element-bc37393 elementor-widget elementor-widget-spacer\" data-id=\"bc37393\" data-element_type=\"widget\" data-settings=\"{&quot;vlt_animated_widget_animation&quot;:&quot;none&quot;}\" data-widget_type=\"spacer.default\">\n\t\t\t\t<div class=\"elementor-widget-container\">\n\t\t\t\t\t\t\t<div class=\"elementor-spacer\">\n\t\t\t<div class=\"elementor-spacer-inner\"><\/div>\n\t\t<\/div>\n\t\t\t\t\t\t<\/div>\n\t\t\t\t<\/div>\n\t\t\t\t<div class=\"vlt-animate-element elementor-element elementor-element-dec083f elementor-widget elementor-widget-vlt-progress-bar\" data-animation-name=\"mikael\" style=\" --animate-delay: 400ms;\" data-id=\"dec083f\" data-element_type=\"widget\" data-settings=\"{&quot;vlt_animated_widget_animation&quot;:&quot;mikael&quot;}\" data-widget_type=\"vlt-progress-bar.default\">\n\t\t\t\t<div class=\"elementor-widget-container\">\n\t\t\t\t\t\n\t<div class=\"vlt-progress-bar\" data-final-value=\"100\" data-animation-speed=\"1000\">\n\n\t\t\n\t\t\t<h5 class=\"vlt-progress-bar__title\">\n\n\t\t\t\tExperience\n\t\t\t\t<span class=\"counter\"><\/span>\n\n\t\t\t<\/h5>\n\n\t\t\n\t\t<div class=\"vlt-progress-bar__bar\">\n\n\t\t\t<span><\/span>\n\n\t\t<\/div>\n\n\t<\/div>\n\n\t\t\t\t\t<\/div>\n\t\t\t\t<\/div>\n\t\t\t\t<div class=\"elementor-element elementor-element-f90bb73 elementor-widget elementor-widget-spacer\" data-id=\"f90bb73\" data-element_type=\"widget\" data-settings=\"{&quot;vlt_animated_widget_animation&quot;:&quot;none&quot;}\" data-widget_type=\"spacer.default\">\n\t\t\t\t<div class=\"elementor-widget-container\">\n\t\t\t\t\t\t\t<div class=\"elementor-spacer\">\n\t\t\t<div class=\"elementor-spacer-inner\"><\/div>\n\t\t<\/div>\n\t\t\t\t\t\t<\/div>\n\t\t\t\t<\/div>\n\t\t\t\t<div class=\"vlt-animate-element elementor-element elementor-element-1afadc7 elementor-widget elementor-widget-vlt-progress-bar\" data-animation-name=\"mikael\" style=\" --animate-delay: 500ms;\" data-id=\"1afadc7\" data-element_type=\"widget\" data-settings=\"{&quot;vlt_animated_widget_animation&quot;:&quot;mikael&quot;}\" data-widget_type=\"vlt-progress-bar.default\">\n\t\t\t\t<div class=\"elementor-widget-container\">\n\t\t\t\t\t\n\t<div class=\"vlt-progress-bar\" data-final-value=\"100\" data-animation-speed=\"1000\">\n\n\t\t\n\t\t\t<h5 class=\"vlt-progress-bar__title\">\n\n\t\t\t\tAt your disposal\n\t\t\t\t<span class=\"counter\"><\/span>\n\n\t\t\t<\/h5>\n\n\t\t\n\t\t<div class=\"vlt-progress-bar__bar\">\n\n\t\t\t<span><\/span>\n\n\t\t<\/div>\n\n\t<\/div>\n\n\t\t\t\t\t<\/div>\n\t\t\t\t<\/div>\n\t\t\t\t<div class=\"elementor-element elementor-element-e4d72a0 elementor-widget elementor-widget-spacer\" data-id=\"e4d72a0\" data-element_type=\"widget\" data-settings=\"{&quot;vlt_animated_widget_animation&quot;:&quot;none&quot;}\" data-widget_type=\"spacer.default\">\n\t\t\t\t<div class=\"elementor-widget-container\">\n\t\t\t\t\t\t\t<div class=\"elementor-spacer\">\n\t\t\t<div class=\"elementor-spacer-inner\"><\/div>\n\t\t<\/div>\n\t\t\t\t\t\t<\/div>\n\t\t\t\t<\/div>\n\t\t\t\t<div class=\"elementor-element elementor-element-6290713 elementor-view-stacked elementor-shape-circle elementor-widget elementor-widget-icon\" data-id=\"6290713\" data-element_type=\"widget\" data-settings=\"{&quot;vlt_animated_widget_animation&quot;:&quot;none&quot;}\" data-widget_type=\"icon.default\">\n\t\t\t\t<div class=\"elementor-widget-container\">\n\t\t\t\t\t\t\t<div class=\"elementor-icon-wrapper\">\n\t\t\t<a class=\"elementor-icon\" href=\"https:\/\/www.linkedin.com\/in\/arthur-morse-228b4\/english\" target=\"_blank\">\n\t\t\t<svg aria-hidden=\"true\" class=\"e-font-icon-svg e-fab-linkedin\" viewBox=\"0 0 448 512\" xmlns=\"http:\/\/www.w3.org\/2000\/svg\"><path d=\"M416 32H31.9C14.3 32 0 46.5 0 64.3v383.4C0 465.5 14.3 480 31.9 480H416c17.6 0 32-14.5 32-32.3V64.3c0-17.8-14.4-32.3-32-32.3zM135.4 416H69V202.2h66.5V416zm-33.2-243c-21.3 0-38.5-17.3-38.5-38.5S80.9 96 102.2 96c21.2 0 38.5 17.3 38.5 38.5 0 21.3-17.2 38.5-38.5 38.5zm282.1 243h-66.4V312c0-24.8-.5-56.7-34.5-56.7-34.6 0-39.9 27-39.9 54.9V416h-66.4V202.2h63.7v29.2h.9c8.9-16.8 30.6-34.5 62.9-34.5 67.2 0 79.7 44.3 79.7 101.9V416z\"><\/path><\/svg>\t\t\t<\/a>\n\t\t<\/div>\n\t\t\t\t\t\t<\/div>\n\t\t\t\t<\/div>\n\t\t\t\t\t<\/div>\n\t\t<\/div>\n\t\t\t\t\t<\/div>\n\t\t<\/section>\n\t\t<div class=\"elementor-element elementor-element-5f88df2 e-flex e-con-boxed e-con e-parent\" data-id=\"5f88df2\" data-element_type=\"container\">\n\t\t\t\t\t<div class=\"e-con-inner\">\n\t\t\t\t<div class=\"vlt-animate-element elementor-element elementor-element-530fc8c elementor-widget elementor-widget-heading\" data-animation-name=\"mikael\" style=\" --animate-delay: 200ms;\" data-id=\"530fc8c\" data-element_type=\"widget\" data-settings=\"{&quot;vlt_animated_widget_animation&quot;:&quot;mikael&quot;}\" data-widget_type=\"heading.default\">\n\t\t\t\t<div class=\"elementor-widget-container\">\n\t\t\t\t\t<h4 class=\"elementor-heading-title elementor-size-default\">\u201cKhi c\u00f2n l\u00e0 m\u1ed9t sinh vi\u00ean m\u1edbi t\u1ed1t nghi\u1ec7p, t\u00f4i th\u01b0\u1eddng t\u1ef1 h\u1ecfi t\u1ea1i sao m\u1ed9t s\u1ed1 ng\u01b0\u1eddi b\u1ea1n th\u00f4ng minh nh\u1ea5t c\u1ee7a t\u00f4i l\u1ea1i kh\u00f4ng \u0111\u01b0\u1ee3c g\u1ecdi \u0111i ph\u1ecfng v\u1ea5n, trong khi nh\u1eefng ng\u01b0\u1eddi kh\u00e1c, r\u00f5 r\u00e0ng l\u00e0 k\u00e9m tr\u00ecnh \u0111\u1ed9 h\u01a1n, l\u1ea1i \u0111\u01b0\u1ee3c g\u1ecdi \u0111i ph\u1ecfng v\u1ea5n.  <br><br>  Ch\u1ec9 \u0111\u1ebfn khi t\u00f4i tr\u1edf th\u00e0nh tr\u01b0\u1edfng ph\u00f2ng tuy\u1ec3n d\u1ee5ng cho m\u1ed9t t\u1ed5 ch\u1ee9c r\u1ea5t l\u1edbn v\u00e0 nh\u00f3m c\u1ee7a t\u00f4i tuy\u1ec3n d\u1ee5ng \u0111\u01b0\u1ee3c h\u00e0ng tr\u0103m sinh vi\u00ean m\u1edbi t\u1ed1t nghi\u1ec7p v\u00e0o c\u00e1c v\u1ecb tr\u00ed qu\u1ea3n l\u00fd v\u00e0 k\u1ef9 thu\u1eadt, t\u00f4i m\u1edbi hi\u1ec3u \u0111\u01b0\u1ee3c l\u00fd do.  <br><br>  Gi\u1edd \u0111\u00e2y, sau nhi\u1ec1u th\u1eadp k\u1ef7, nh\u1eefng k\u1ef9 thu\u1eadt tuy\u1ec3n ch\u1ecdn v\u00e0 ph\u1ecfng v\u1ea5n t\u01b0\u01a1ng t\u1ef1 v\u1eabn \u0111\u01b0\u1ee3c s\u1eed d\u1ee5ng v\u00e0 sau khi gi\u00fap nhi\u1ec1u sinh vi\u00ean m\u1edbi t\u1ed1t nghi\u1ec7p, chuy\u00ean gia tr\u1ebb v\u00e0 gi\u00e1m \u0111\u1ed1c \u0111i\u1ec1u h\u00e0nh c\u1ea5p cao th\u0103ng ti\u1ebfn trong s\u1ef1 nghi\u1ec7p, t\u00f4i quy\u1ebft \u0111\u1ecbnh <span class=\"has-first-color\">chia s\u1ebb kinh nghi\u1ec7m c\u1ee7a m\u00ecnh<\/span> .  <br><br>  C\u00f9ng v\u1edbi \u0111\u1ed1i t\u00e1c \u0111\u00e3 ph\u00e1t tri\u1ec3n <span class=\"has-first-color\">n\u1ec1n t\u1ea3ng h\u1ecdc tr\u1ef1c tuy\u1ebfn<\/span> v\u00f4 c\u00f9ng th\u00e0nh c\u00f4ng l\u00e0 www.promptskill.com, ch\u00fang t\u00f4i \u0111\u00e3 bi\u00ean so\u1ea1n kh\u00f3a h\u1ecdc chu\u1ea9n b\u1ecb CV v\u00e0 s\u01a1 y\u1ebfu l\u00fd l\u1ecbch.  <br><br>  Kh\u00f3a h\u1ecdc bao g\u1ed3m kho\u1ea3ng m\u1ed9t gi\u1edd video c\u00f9ng nhi\u1ec1u m\u1eb9o v\u00e0 m\u1eabu c\u00f3 th\u1ec3 t\u1ea3i xu\u1ed1ng. \u1ede m\u1ed9t n\u01a1i, c\u00f3 m\u1ed9t <span class=\"has-first-color\">kh\u00f3a h\u1ecdc t\u1ef1 h\u1ecdc<\/span> , cung c\u1ea5p nh\u1eefng th\u00f4ng tin c\u1ea7n thi\u1ebft \u0111\u1ec3 <span class=\"has-first-color\">chu\u1ea9n b\u1ecb CV v\u00e0 s\u01a1 y\u1ebfu l\u00fd l\u1ecbch<\/span> , c\u00e1ch ph\u1ea3n h\u1ed3i qu\u1ea3ng c\u00e1o v\u00e0 mang \u0111\u1ebfn c\u01a1 h\u1ed9i t\u1ed1t nh\u1ea5t \u0111\u1ec3 \u0111\u01b0\u1ee3c m\u1eddi ph\u1ecfng v\u1ea5n.  <br><br>  T\u00f4i r\u1ea5t vui khi chia s\u1ebb m\u1ed9t s\u1ed1 t\u00e0i li\u1ec7u tham kh\u1ea3o t\u1eeb nh\u1eefng ng\u01b0\u1eddi \u0111\u00e3 \u0111\u01b0\u1ee3c h\u01b0\u1edfng l\u1ee3i t\u1eeb s\u1ef1 h\u1ed7 tr\u1ee3 chuy\u00ean nghi\u1ec7p c\u1ee7a t\u00f4i. T\u00f4i ch\u00fac b\u1ea1n th\u00e0nh c\u00f4ng v\u00e0 h\u1ea1nh ph\u00fac trong s\u1ef1 nghi\u1ec7p t\u01b0\u01a1ng lai v\u00e0 hy v\u1ecdng m\u1ecdi \u01b0\u1edbc m\u01a1 c\u1ee7a b\u1ea1n s\u1ebd th\u00e0nh hi\u1ec7n th\u1ef1c.\u201d<\/h4>\t\t\t\t<\/div>\n\t\t\t\t<\/div>\n\t\t\t\t\t<\/div>\n\t\t\t\t<\/div>\n\t\t\t\t<\/div>\n\t\t","protected":false},"excerpt":{"rendered":"<p>Trang web Tidy.co \u0111\u01b0\u1ee3c Arthur Morse t\u1ea1o ra nh\u1eb1m gi\u00fap m\u1ecdi ng\u01b0\u1eddi \u1edf m\u1ecdi c\u1ea5p \u0111\u1ed9 &#8220;s\u1eafp x\u1ebfp&#8221; suy ngh\u0129 v\u00e0 k\u1ebf ho\u1ea1ch c\u1ee7a m\u00ecnh v\u00e0 h\u1ed7 tr\u1ee3 h\u1ecd \u0111\u1ea1t \u0111\u01b0\u1ee3c s\u1ef1 nghi\u1ec7p th\u00e0nh c\u00f4ng. Arthur Morse l\u00e0 m\u1ed9t k\u1ef9 s\u01b0 v\u00e0 nh\u00e0 v\u1eadt l\u00fd c\u00f3 kinh nghi\u1ec7m \u0111i\u1ec1u h\u00e0nh c\u00e1c d\u1ef1 \u00e1n cho c\u00e1c [&hellip;]<\/p>\n","protected":false},"author":1,"featured_media":0,"parent":0,"menu_order":0,"comment_status":"closed","ping_status":"open","template":"","meta":{"_acf_changed":false,"footnotes":""},"class_list":["post-29596","page","type-page","status-publish","hentry"],"acf":[],"yoast_head":"<!-- This site is optimized with the Yoast SEO plugin v25.3.1 - https:\/\/yoast.com\/wordpress\/plugins\/seo\/ -->\n<title>Arthur Morse - Insight CV - Tidy.co<\/title>\n<meta name=\"robots\" content=\"index, follow, max-snippet:-1, max-image-preview:large, max-video-preview:-1\" \/>\n<link rel=\"canonical\" href=\"https:\/\/tidy.co\/vi\/arthur-morse\/\" \/>\n<meta property=\"og:locale\" content=\"vi_VN\" \/>\n<meta property=\"og:type\" content=\"article\" \/>\n<meta property=\"og:title\" content=\"Arthur Morse - Insight CV - Tidy.co\" \/>\n<meta property=\"og:description\" content=\"Trang web Tidy.co \u0111\u01b0\u1ee3c Arthur Morse t\u1ea1o ra nh\u1eb1m gi\u00fap m\u1ecdi ng\u01b0\u1eddi \u1edf m\u1ecdi c\u1ea5p \u0111\u1ed9 &#8220;s\u1eafp x\u1ebfp&#8221; suy ngh\u0129 v\u00e0 k\u1ebf ho\u1ea1ch c\u1ee7a m\u00ecnh v\u00e0 h\u1ed7 tr\u1ee3 h\u1ecd \u0111\u1ea1t \u0111\u01b0\u1ee3c s\u1ef1 nghi\u1ec7p th\u00e0nh c\u00f4ng. Arthur Morse l\u00e0 m\u1ed9t k\u1ef9 s\u01b0 v\u00e0 nh\u00e0 v\u1eadt l\u00fd c\u00f3 kinh nghi\u1ec7m \u0111i\u1ec1u h\u00e0nh c\u00e1c d\u1ef1 \u00e1n cho c\u00e1c [&hellip;]\" \/>\n<meta property=\"og:url\" content=\"https:\/\/tidy.co\/vi\/arthur-morse\/\" \/>\n<meta property=\"og:site_name\" content=\"Insight CV - Tidy.co\" \/>\n<meta property=\"article:modified_time\" content=\"2025-06-16T20:25:46+00:00\" \/>\n<meta property=\"og:image\" content=\"https:\/\/tidy.co\/wp-content\/uploads\/2025\/06\/Personal-Arthur-Photo-for-tidy-co-Arthur-final_25015-5.png\" \/>\n<meta name=\"twitter:card\" content=\"summary_large_image\" \/>\n<meta name=\"twitter:label1\" content=\"Est. reading time\" \/>\n\t<meta name=\"twitter:data1\" content=\"3 minutes\" \/>\n<script type=\"application\/ld+json\" class=\"yoast-schema-graph\">{\"@context\":\"https:\/\/schema.org\",\"@graph\":[{\"@type\":\"WebPage\",\"@id\":\"https:\/\/tidy.co\/vi\/arthur-morse\/\",\"url\":\"https:\/\/tidy.co\/vi\/arthur-morse\/\",\"name\":\"Arthur Morse - Insight CV - Tidy.co\",\"isPartOf\":{\"@id\":\"https:\/\/tidy.co\/vi\/#website\"},\"primaryImageOfPage\":{\"@id\":\"https:\/\/tidy.co\/vi\/arthur-morse\/#primaryimage\"},\"image\":{\"@id\":\"https:\/\/tidy.co\/vi\/arthur-morse\/#primaryimage\"},\"thumbnailUrl\":\"https:\/\/tidy.co\/wp-content\/uploads\/2025\/06\/Personal-Arthur-Photo-for-tidy-co-Arthur-final_25015-5.png\",\"datePublished\":\"2024-07-31T03:45:45+00:00\",\"dateModified\":\"2025-06-16T20:25:46+00:00\",\"breadcrumb\":{\"@id\":\"https:\/\/tidy.co\/vi\/arthur-morse\/#breadcrumb\"},\"inLanguage\":\"vi-VN\",\"potentialAction\":[{\"@type\":\"ReadAction\",\"target\":[\"https:\/\/tidy.co\/vi\/arthur-morse\/\"]}]},{\"@type\":\"ImageObject\",\"inLanguage\":\"vi-VN\",\"@id\":\"https:\/\/tidy.co\/vi\/arthur-morse\/#primaryimage\",\"url\":\"https:\/\/tidy.co\/wp-content\/uploads\/2025\/06\/Personal-Arthur-Photo-for-tidy-co-Arthur-final_25015-5.png\",\"contentUrl\":\"https:\/\/tidy.co\/wp-content\/uploads\/2025\/06\/Personal-Arthur-Photo-for-tidy-co-Arthur-final_25015-5.png\"},{\"@type\":\"BreadcrumbList\",\"@id\":\"https:\/\/tidy.co\/vi\/arthur-morse\/#breadcrumb\",\"itemListElement\":[{\"@type\":\"ListItem\",\"position\":1,\"name\":\"Accueil\",\"item\":\"https:\/\/tidy.co\/\"},{\"@type\":\"ListItem\",\"position\":2,\"name\":\"Arthur Morse\"}]},{\"@type\":\"WebSite\",\"@id\":\"https:\/\/tidy.co\/vi\/#website\",\"url\":\"https:\/\/tidy.co\/vi\/\",\"name\":\"Insight CV - Tidy.co\",\"description\":\"CV and Resume preparation\",\"potentialAction\":[{\"@type\":\"SearchAction\",\"target\":{\"@type\":\"EntryPoint\",\"urlTemplate\":\"https:\/\/tidy.co\/vi\/?s={search_term_string}\"},\"query-input\":{\"@type\":\"PropertyValueSpecification\",\"valueRequired\":true,\"valueName\":\"search_term_string\"}}],\"inLanguage\":\"vi-VN\"}]}<\/script>\n<!-- \/ Yoast SEO plugin. -->","yoast_head_json":{"title":"Arthur Morse - Insight CV - Tidy.co","robots":{"index":"index","follow":"follow","max-snippet":"max-snippet:-1","max-image-preview":"max-image-preview:large","max-video-preview":"max-video-preview:-1"},"canonical":"https:\/\/tidy.co\/vi\/arthur-morse\/","og_locale":"vi_VN","og_type":"article","og_title":"Arthur Morse - Insight CV - Tidy.co","og_description":"Trang web Tidy.co \u0111\u01b0\u1ee3c Arthur Morse t\u1ea1o ra nh\u1eb1m gi\u00fap m\u1ecdi ng\u01b0\u1eddi \u1edf m\u1ecdi c\u1ea5p \u0111\u1ed9 &#8220;s\u1eafp x\u1ebfp&#8221; suy ngh\u0129 v\u00e0 k\u1ebf ho\u1ea1ch c\u1ee7a m\u00ecnh v\u00e0 h\u1ed7 tr\u1ee3 h\u1ecd \u0111\u1ea1t \u0111\u01b0\u1ee3c s\u1ef1 nghi\u1ec7p th\u00e0nh c\u00f4ng. Arthur Morse l\u00e0 m\u1ed9t k\u1ef9 s\u01b0 v\u00e0 nh\u00e0 v\u1eadt l\u00fd c\u00f3 kinh nghi\u1ec7m \u0111i\u1ec1u h\u00e0nh c\u00e1c d\u1ef1 \u00e1n cho c\u00e1c [&hellip;]","og_url":"https:\/\/tidy.co\/vi\/arthur-morse\/","og_site_name":"Insight CV - Tidy.co","article_modified_time":"2025-06-16T20:25:46+00:00","og_image":[{"url":"https:\/\/tidy.co\/wp-content\/uploads\/2025\/06\/Personal-Arthur-Photo-for-tidy-co-Arthur-final_25015-5.png","type":"","width":"","height":""}],"twitter_card":"summary_large_image","twitter_misc":{"Est. reading time":"3 minutes"},"schema":{"@context":"https:\/\/schema.org","@graph":[{"@type":"WebPage","@id":"https:\/\/tidy.co\/vi\/arthur-morse\/","url":"https:\/\/tidy.co\/vi\/arthur-morse\/","name":"Arthur Morse - Insight CV - Tidy.co","isPartOf":{"@id":"https:\/\/tidy.co\/vi\/#website"},"primaryImageOfPage":{"@id":"https:\/\/tidy.co\/vi\/arthur-morse\/#primaryimage"},"image":{"@id":"https:\/\/tidy.co\/vi\/arthur-morse\/#primaryimage"},"thumbnailUrl":"https:\/\/tidy.co\/wp-content\/uploads\/2025\/06\/Personal-Arthur-Photo-for-tidy-co-Arthur-final_25015-5.png","datePublished":"2024-07-31T03:45:45+00:00","dateModified":"2025-06-16T20:25:46+00:00","breadcrumb":{"@id":"https:\/\/tidy.co\/vi\/arthur-morse\/#breadcrumb"},"inLanguage":"vi-VN","potentialAction":[{"@type":"ReadAction","target":["https:\/\/tidy.co\/vi\/arthur-morse\/"]}]},{"@type":"ImageObject","inLanguage":"vi-VN","@id":"https:\/\/tidy.co\/vi\/arthur-morse\/#primaryimage","url":"https:\/\/tidy.co\/wp-content\/uploads\/2025\/06\/Personal-Arthur-Photo-for-tidy-co-Arthur-final_25015-5.png","contentUrl":"https:\/\/tidy.co\/wp-content\/uploads\/2025\/06\/Personal-Arthur-Photo-for-tidy-co-Arthur-final_25015-5.png"},{"@type":"BreadcrumbList","@id":"https:\/\/tidy.co\/vi\/arthur-morse\/#breadcrumb","itemListElement":[{"@type":"ListItem","position":1,"name":"Accueil","item":"https:\/\/tidy.co\/"},{"@type":"ListItem","position":2,"name":"Arthur Morse"}]},{"@type":"WebSite","@id":"https:\/\/tidy.co\/vi\/#website","url":"https:\/\/tidy.co\/vi\/","name":"Insight CV - Tidy.co","description":"CV and Resume preparation","potentialAction":[{"@type":"SearchAction","target":{"@type":"EntryPoint","urlTemplate":"https:\/\/tidy.co\/vi\/?s={search_term_string}"},"query-input":{"@type":"PropertyValueSpecification","valueRequired":true,"valueName":"search_term_string"}}],"inLanguage":"vi-VN"}]}},"_links":{"self":[{"href":"https:\/\/tidy.co\/vi\/wp-json\/wp\/v2\/pages\/29596","targetHints":{"allow":["GET"]}}],"collection":[{"href":"https:\/\/tidy.co\/vi\/wp-json\/wp\/v2\/pages"}],"about":[{"href":"https:\/\/tidy.co\/vi\/wp-json\/wp\/v2\/types\/page"}],"author":[{"embeddable":true,"href":"https:\/\/tidy.co\/vi\/wp-json\/wp\/v2\/users\/1"}],"replies":[{"embeddable":true,"href":"https:\/\/tidy.co\/vi\/wp-json\/wp\/v2\/comments?post=29596"}],"version-history":[{"count":4,"href":"https:\/\/tidy.co\/vi\/wp-json\/wp\/v2\/pages\/29596\/revisions"}],"predecessor-version":[{"id":42247,"href":"https:\/\/tidy.co\/vi\/wp-json\/wp\/v2\/pages\/29596\/revisions\/42247"}],"wp:attachment":[{"href":"https:\/\/tidy.co\/vi\/wp-json\/wp\/v2\/media?parent=29596"}],"curies":[{"name":"wp","href":"https:\/\/api.w.org\/{rel}","templated":true}]}}