{"id":29564,"date":"2024-07-31T05:54:35","date_gmt":"2024-07-31T03:54:35","guid":{"rendered":"https:\/\/tidy.co\/il-sorprendente-cv\/"},"modified":"2024-08-14T18:18:38","modified_gmt":"2024-08-14T16:18:38","slug":"il-sorprendente-cv","status":"publish","type":"page","link":"https:\/\/tidy.co\/it\/il-sorprendente-cv\/","title":{"rendered":"Il sorprendente CV"},"content":{"rendered":"\t\t<div data-elementor-type=\"wp-page\" data-elementor-id=\"29564\" class=\"elementor elementor-29564\" data-elementor-post-type=\"page\">\n\t\t\t\t\t\t<section class=\"elementor-section elementor-top-section elementor-element elementor-element-f4881b6 row w-auto elementor-section-boxed elementor-section-height-default elementor-section-height-default\" data-id=\"f4881b6\" data-element_type=\"section\">\n\t\t\t\t\t\t<div class=\"elementor-container elementor-column-gap-extended\">\n\t\t\t\t\t<div class=\"elementor-column elementor-col-100 elementor-top-column elementor-element elementor-element-4087b2e\" data-id=\"4087b2e\" data-element_type=\"column\">\n\t\t\t<div class=\"elementor-widget-wrap elementor-element-populated\">\n\t\t\t\t\t\t<div class=\"elementor-element elementor-element-bea5301 elementor-widget elementor-widget-spacer\" data-id=\"bea5301\" data-element_type=\"widget\" data-settings=\"{&quot;vlt_animated_widget_animation&quot;:&quot;none&quot;}\" data-widget_type=\"spacer.default\">\n\t\t\t\t<div class=\"elementor-widget-container\">\n\t\t\t\t\t\t\t<div class=\"elementor-spacer\">\n\t\t\t<div class=\"elementor-spacer-inner\"><\/div>\n\t\t<\/div>\n\t\t\t\t\t\t<\/div>\n\t\t\t\t<\/div>\n\t\t\t\t<div class=\"vlt-animate-element elementor-element elementor-element-d440e45 elementor-widget elementor-widget-heading\" data-animation-name=\"mikael\" style=\" --animate-delay: 200ms;\" data-id=\"d440e45\" data-element_type=\"widget\" data-settings=\"{&quot;vlt_animated_widget_animation&quot;:&quot;mikael&quot;}\" data-widget_type=\"heading.default\">\n\t\t\t\t<div class=\"elementor-widget-container\">\n\t\t\t\t\t<h4 class=\"elementor-heading-title elementor-size-default\"><span class=\"has-first-color\">InsightCV<\/span><br>Il tuo servizio di consulenza professionale per la carriera<\/h4>\t\t\t\t<\/div>\n\t\t\t\t<\/div>\n\t\t\t\t\t<\/div>\n\t\t<\/div>\n\t\t\t\t\t<\/div>\n\t\t<\/section>\n\t\t\t\t<section class=\"elementor-section elementor-top-section elementor-element elementor-element-437440c elementor-section-content-middle elementor-section-boxed elementor-section-height-default elementor-section-height-default\" data-id=\"437440c\" data-element_type=\"section\">\n\t\t\t\t\t\t<div class=\"elementor-container elementor-column-gap-extended\">\n\t\t\t\t\t<div class=\"elementor-column elementor-col-100 elementor-top-column elementor-element elementor-element-84e8454\" data-id=\"84e8454\" data-element_type=\"column\">\n\t\t\t<div class=\"elementor-widget-wrap elementor-element-populated\">\n\t\t\t\t\t\t<div class=\"elementor-element elementor-element-43244d0 elementor-widget-divider--view-line elementor-widget elementor-widget-divider\" data-id=\"43244d0\" data-element_type=\"widget\" data-settings=\"{&quot;vlt_animated_widget_animation&quot;:&quot;none&quot;}\" data-widget_type=\"divider.default\">\n\t\t\t\t<div class=\"elementor-widget-container\">\n\t\t\t\t\t\t\t<div class=\"elementor-divider\">\n\t\t\t<span class=\"elementor-divider-separator\">\n\t\t\t\t\t\t<\/span>\n\t\t<\/div>\n\t\t\t\t\t\t<\/div>\n\t\t\t\t<\/div>\n\t\t\t\t<div class=\"elementor-element elementor-element-7523ef6 elementor-widget elementor-widget-spacer\" data-id=\"7523ef6\" data-element_type=\"widget\" data-settings=\"{&quot;vlt_animated_widget_animation&quot;:&quot;none&quot;}\" data-widget_type=\"spacer.default\">\n\t\t\t\t<div class=\"elementor-widget-container\">\n\t\t\t\t\t\t\t<div class=\"elementor-spacer\">\n\t\t\t<div class=\"elementor-spacer-inner\"><\/div>\n\t\t<\/div>\n\t\t\t\t\t\t<\/div>\n\t\t\t\t<\/div>\n\t\t\t\t<div class=\"vlt-animate-element elementor-element elementor-element-e1b9f7a elementor-widget elementor-widget-heading\" data-animation-name=\"mikael\" style=\" --animate-delay: 200ms;\" data-id=\"e1b9f7a\" data-element_type=\"widget\" data-settings=\"{&quot;vlt_animated_widget_animation&quot;:&quot;mikael&quot;}\" data-widget_type=\"heading.default\">\n\t\t\t\t<div class=\"elementor-widget-container\">\n\t\t\t\t\t<h4 class=\"elementor-heading-title elementor-size-default\"><span class=\"has-first-color\">Perch\u00e9 ho bisogno di un CV?<\/h4>\t\t\t\t<\/div>\n\t\t\t\t<\/div>\n\t\t\t\t<div class=\"elementor-element elementor-element-4ba089b elementor-widget elementor-widget-spacer\" data-id=\"4ba089b\" data-element_type=\"widget\" data-settings=\"{&quot;vlt_animated_widget_animation&quot;:&quot;none&quot;}\" data-widget_type=\"spacer.default\">\n\t\t\t\t<div class=\"elementor-widget-container\">\n\t\t\t\t\t\t\t<div class=\"elementor-spacer\">\n\t\t\t<div class=\"elementor-spacer-inner\"><\/div>\n\t\t<\/div>\n\t\t\t\t\t\t<\/div>\n\t\t\t\t<\/div>\n\t\t\t\t<div class=\"vlt-animate-element elementor-element elementor-element-b6beac3 elementor-widget elementor-widget-text-editor\" data-animation-name=\"mikael\" style=\" --animate-delay: 200ms;\" data-id=\"b6beac3\" data-element_type=\"widget\" data-settings=\"{&quot;vlt_animated_widget_animation&quot;:&quot;mikael&quot;}\" data-widget_type=\"text-editor.default\">\n\t\t\t\t<div class=\"elementor-widget-container\">\n\t\t\t\t\t\t\t\t\t<p>Molte persone credono che il CV sia necessario solo per la ricerca di un lavoro.<br \/>Ma il CV ha un valore aggiunto per lo sviluppo della tua carriera anche se sei soddisfatto del tuo lavoro e non stai cercando di cambiare azienda o organizzazione.<\/p>\n\t\t\t\t\t\t\t\t<\/div>\n\t\t\t\t<\/div>\n\t\t\t\t\t<\/div>\n\t\t<\/div>\n\t\t\t\t\t<\/div>\n\t\t<\/section>\n\t\t\t\t<section class=\"elementor-section elementor-top-section elementor-element elementor-element-b984081 elementor-section-content-middle elementor-section-boxed elementor-section-height-default elementor-section-height-default elementor-invisible\" data-id=\"b984081\" data-element_type=\"section\" data-settings=\"{&quot;animation&quot;:&quot;slideInLeft&quot;,&quot;animation_delay&quot;:50}\">\n\t\t\t\t\t\t<div class=\"elementor-container elementor-column-gap-extended\">\n\t\t\t\t\t<div class=\"elementor-column elementor-col-100 elementor-top-column elementor-element elementor-element-a53b531\" data-id=\"a53b531\" data-element_type=\"column\">\n\t\t\t<div class=\"elementor-widget-wrap elementor-element-populated\">\n\t\t\t\t\t\t<div class=\"elementor-element elementor-element-9f5a430 elementor-widget elementor-widget-heading\" data-id=\"9f5a430\" data-element_type=\"widget\" data-settings=\"{&quot;vlt_animated_widget_animation&quot;:&quot;none&quot;}\" data-widget_type=\"heading.default\">\n\t\t\t\t<div class=\"elementor-widget-container\">\n\t\t\t\t\t<h3 class=\"elementor-heading-title elementor-size-default\"><span class=\"has-first-color\">1.<\/span> Ho davvero bisogno di un CV?<\/h3>\t\t\t\t<\/div>\n\t\t\t\t<\/div>\n\t\t\t\t<div class=\"vlt-animate-element elementor-element elementor-element-13faf85 elementor-widget elementor-widget-text-editor\" data-animation-name=\"mikael\" style=\" --animate-delay: 200ms;\" data-id=\"13faf85\" data-element_type=\"widget\" data-settings=\"{&quot;vlt_animated_widget_animation&quot;:&quot;mikael&quot;}\" data-widget_type=\"text-editor.default\">\n\t\t\t\t<div class=\"elementor-widget-container\">\n\t\t\t\t\t\t\t\t\t<p>Il tuo CV, abbreviazione di Curriculum Vitae &#8211; che in inglese significa &#8220;corso della vita&#8221; &#8211; \u00e8 il tuo resoconto personale di come si \u00e8 sviluppata la tua carriera fino ad oggi.<\/p>\n<p>Descrive la tua formazione, la tua storia lavorativa e i tuoi risultati, compresi gli articoli, le relazioni e i libri pubblicati, e sottolinea il completamento di attivit\u00e0 lavorative significative.<\/p>\n\t\t\t\t\t\t\t\t<\/div>\n\t\t\t\t<\/div>\n\t\t\t\t<div class=\"elementor-element elementor-element-11f2413 elementor-widget elementor-widget-heading\" data-id=\"11f2413\" data-element_type=\"widget\" data-settings=\"{&quot;vlt_animated_widget_animation&quot;:&quot;none&quot;}\" data-widget_type=\"heading.default\">\n\t\t\t\t<div class=\"elementor-widget-container\">\n\t\t\t\t\t<h3 class=\"elementor-heading-title elementor-size-default\"><span class=\"has-first-color\">2.<\/span> Il CV e la descrizione del lavoro  <\/h3>\t\t\t\t<\/div>\n\t\t\t\t<\/div>\n\t\t\t\t<div class=\"vlt-animate-element elementor-element elementor-element-a2b3e34 elementor-widget elementor-widget-text-editor\" data-animation-name=\"mikael\" style=\" --animate-delay: 200ms;\" data-id=\"a2b3e34\" data-element_type=\"widget\" data-settings=\"{&quot;vlt_animated_widget_animation&quot;:&quot;mikael&quot;}\" data-widget_type=\"text-editor.default\">\n\t\t\t\t<div class=\"elementor-widget-container\">\n\t\t\t\t\t\t\t\t\t<p>Il tuo CV<strong> <\/strong>\u00e8 diverso da una serie di descrizioni di lavoro perch\u00e9 il CV sottolinea <strong>come<\/strong> hai portato a termine i compiti assegnati.<\/p>\n<p>Particolarmente importanti sono:<br \/> a.<br \/>\ncome hai identificato le questioni chiave<br \/> b.<br \/>\ncome li hai analizzati<br \/> c.<br \/>\ncome hai utilizzato la tua esperienza, le tue capacit\u00e0 e le risorse a tua disposizione per affrontare e risolvere i problemi pi\u00f9 difficili<br \/> d.<br \/>\nCome hai quantificato i benefici del tuo lavoro in termini statistici?    <\/p>\n<p>I compiti che ti sono stati assegnati potrebbero far parte di un progetto pi\u00f9 ampio e, in questo caso, dovrai indicare in che modo il completamento dei compiti che ti sono stati assegnati ha contribuito al successo del progetto pi\u00f9 ampio.<\/p>\n\t\t\t\t\t\t\t\t<\/div>\n\t\t\t\t<\/div>\n\t\t\t\t<div class=\"elementor-element elementor-element-87c01c6 elementor-widget elementor-widget-heading\" data-id=\"87c01c6\" data-element_type=\"widget\" data-settings=\"{&quot;vlt_animated_widget_animation&quot;:&quot;none&quot;}\" data-widget_type=\"heading.default\">\n\t\t\t\t<div class=\"elementor-widget-container\">\n\t\t\t\t\t<h3 class=\"elementor-heading-title elementor-size-default\"><span class=\"has-first-color\">3.<\/span> Il valore del CV nello sviluppo della carriera<\/h3>\t\t\t\t<\/div>\n\t\t\t\t<\/div>\n\t\t\t\t<div class=\"vlt-animate-element elementor-element elementor-element-6c8c3e9 elementor-widget elementor-widget-text-editor\" data-animation-name=\"mikael\" style=\" --animate-delay: 200ms;\" data-id=\"6c8c3e9\" data-element_type=\"widget\" data-settings=\"{&quot;vlt_animated_widget_animation&quot;:&quot;mikael&quot;}\" data-widget_type=\"text-editor.default\">\n\t\t\t\t<div class=\"elementor-widget-container\">\n\t\t\t\t\t\t\t\t\t<p>Un vantaggio significativo del tuo CV \u00e8 il valore che pu\u00f2 apportare alla tua valutazione biennale o annuale delle prestazioni.<\/p>\n<p>Il tuo CV dovrebbe aiutare a focalizzare la valutazione delle prestazioni sui tuoi punti di forza principali, tra cui il pensiero creativo e la capacit\u00e0 di risolvere i problemi, oltre alle tue competenze trasversali come le abilit\u00e0 sociali, l&#8217;empatia e l&#8217;integrit\u00e0.<\/p>\n<p>In questo modo potrai discutere di come hai contribuito al successo del tuo gruppo e della tua azienda\/organizzazione.<br \/>\nInoltre, dovresti essere in grado di esprimere ci\u00f2 che hai fatto di tua iniziativa per sviluppare nuove competenze.<br \/>\nDovresti poi essere in grado di esprimere ci\u00f2 che ritieni possa essere utile in termini di formazione e sviluppo professionale in azienda, che potrebbe portare a una futura promozione o a un avanzamento di carriera all&#8217;interno dell&#8217;azienda.  <\/p>\n<p>Non tutti i capi trovano facile la discussione sulla valutazione delle prestazioni del personale, anche quando la valutazione \u00e8 stata strutturata dal dipartimento delle risorse umane in termini di moduli e domande. Portare i tuoi risultati personali alla riunione di valutazione pu\u00f2 aiutare il tuo capo a svolgere il suo compito e, di conseguenza, a garantire un risultato che ritieni giusto e ragionevole.<\/p>\n\t\t\t\t\t\t\t\t<\/div>\n\t\t\t\t<\/div>\n\t\t\t\t<div class=\"elementor-element elementor-element-0397f5d elementor-widget elementor-widget-heading\" data-id=\"0397f5d\" data-element_type=\"widget\" data-settings=\"{&quot;vlt_animated_widget_animation&quot;:&quot;none&quot;}\" data-widget_type=\"heading.default\">\n\t\t\t\t<div class=\"elementor-widget-container\">\n\t\t\t\t\t<h3 class=\"elementor-heading-title elementor-size-default\"><span class=\"has-first-color\">4.<\/span> Il valore del CV nell'affrontare circostanze previste e impreviste<\/h3>\t\t\t\t<\/div>\n\t\t\t\t<\/div>\n\t\t\t\t<div class=\"vlt-animate-element elementor-element elementor-element-6521c01 elementor-widget elementor-widget-text-editor\" data-animation-name=\"mikael\" style=\" --animate-delay: 200ms;\" data-id=\"6521c01\" data-element_type=\"widget\" data-settings=\"{&quot;vlt_animated_widget_animation&quot;:&quot;mikael&quot;}\" data-widget_type=\"text-editor.default\">\n\t\t\t\t<div class=\"elementor-widget-container\">\n\t\t\t\t\t\t\t\t\t<p>In un contesto economico in continua evoluzione, la sicurezza del lavoro non \u00e8 pi\u00f9 la stessa del passato.<br \/>\nMentre molti settori e discipline lavorative sono in espansione e si creano nuove opportunit\u00e0 di lavoro, altri si stabilizzano o addirittura si contraggono. <\/p>\n<p>Alcune aziende di grande successo hanno iniziato a rivedere e ridurre la propria forza lavoro.<br \/>\nInoltre, anche le aziende tradizionali e familiari che operano con successo da decenni possono essere colpite.<br \/>\nCi\u00f2 pu\u00f2 essere dovuto a molte ragioni diverse, ma una di queste \u00e8 l&#8217;adozione dell&#8217;Intelligenza Artificiale (IA).  <\/p>\n<p>I dipendenti di tutti i livelli e di tutte le et\u00e0 possono essere colpiti dai cambiamenti.<br \/>\nTuttavia, il ridimensionamento pu\u00f2 essere pi\u00f9 devastante o problematico per i lavoratori di et\u00e0 superiore e soprattutto per coloro che sono rimasti con lo stesso datore di lavoro per decenni, con l&#8217;aspettativa di avere un impiego sicuro fino all&#8217;et\u00e0 della pensione.<br \/>\nSe si trovano di fronte a un licenziamento improvviso e alla necessit\u00e0 di cercare un nuovo lavoro, il processo di ricerca del lavoro pu\u00f2 essere particolarmente scoraggiante.  <\/p>\n<p>La disciplina di mantenere un CV aggiornato li aiuter\u00e0 a identificare i vantaggi che hanno prodotto e questo li aiuter\u00e0 a essere in grado di creare un curriculum che illustri i risultati reali e l&#8217;applicazione di conoscenze e competenze che saranno necessarie se si troveranno inaspettatamente disoccupati.<\/p>\n\t\t\t\t\t\t\t\t<\/div>\n\t\t\t\t<\/div>\n\t\t\t\t<div class=\"elementor-element elementor-element-f386c12 elementor-widget elementor-widget-heading\" data-id=\"f386c12\" data-element_type=\"widget\" data-settings=\"{&quot;vlt_animated_widget_animation&quot;:&quot;none&quot;}\" data-widget_type=\"heading.default\">\n\t\t\t\t<div class=\"elementor-widget-container\">\n\t\t\t\t\t<h3 class=\"elementor-heading-title elementor-size-default\"><span class=\"has-first-color\">5.<\/span> I benefici<\/h3>\t\t\t\t<\/div>\n\t\t\t\t<\/div>\n\t\t\t\t<div class=\"elementor-element elementor-element-3de37d5 elementor-widget elementor-widget-spacer\" data-id=\"3de37d5\" data-element_type=\"widget\" data-settings=\"{&quot;vlt_animated_widget_animation&quot;:&quot;none&quot;}\" data-widget_type=\"spacer.default\">\n\t\t\t\t<div class=\"elementor-widget-container\">\n\t\t\t\t\t\t\t<div class=\"elementor-spacer\">\n\t\t\t<div class=\"elementor-spacer-inner\"><\/div>\n\t\t<\/div>\n\t\t\t\t\t\t<\/div>\n\t\t\t\t<\/div>\n\t\t\t\t<div class=\"vlt-animate-element elementor-element elementor-element-c138941 elementor-widget elementor-widget-text-editor\" data-animation-name=\"mikael\" style=\" --animate-delay: 200ms;\" data-id=\"c138941\" data-element_type=\"widget\" data-settings=\"{&quot;vlt_animated_widget_animation&quot;:&quot;mikael&quot;}\" data-widget_type=\"text-editor.default\">\n\t\t\t\t<div class=\"elementor-widget-container\">\n\t\t\t\t\t\t\t\t\t<p>Una volta iniziata la preparazione del CV, vedrai i benefici che ne derivano e ti renderai conto di come l&#8217;autoanalisi e l&#8217;autovalutazione creino un marketing personale delle tue competenze e capacit\u00e0.<\/p>\n<p>Capire quali sono i tuoi risultati pu\u00f2 aiutarti ad aumentare la soddisfazione personale, l&#8217;appagamento e la felicit\u00e0 mentre lavori.  <\/p>\n<p>Per questo motivo ti consigliamo di mantenere un CV anche se sei soddisfatto del tuo lavoro e del tuo attuale datore di lavoro.<\/p>\n\t\t\t\t\t\t\t\t<\/div>\n\t\t\t\t<\/div>\n\t\t\t\t<div class=\"elementor-element elementor-element-ad0ff8a elementor-widget elementor-widget-spacer\" data-id=\"ad0ff8a\" data-element_type=\"widget\" data-settings=\"{&quot;vlt_animated_widget_animation&quot;:&quot;none&quot;}\" data-widget_type=\"spacer.default\">\n\t\t\t\t<div class=\"elementor-widget-container\">\n\t\t\t\t\t\t\t<div class=\"elementor-spacer\">\n\t\t\t<div class=\"elementor-spacer-inner\"><\/div>\n\t\t<\/div>\n\t\t\t\t\t\t<\/div>\n\t\t\t\t<\/div>\n\t\t\t\t\t<\/div>\n\t\t<\/div>\n\t\t\t\t\t<\/div>\n\t\t<\/section>\n\t\t<div class=\"elementor-element elementor-element-cb5a247 e-flex e-con-boxed e-con e-parent\" data-id=\"cb5a247\" data-element_type=\"container\">\n\t\t\t\t\t<div class=\"e-con-inner\">\n\t\t\t\t<div class=\"elementor-element elementor-element-275a755 elementor-widget elementor-widget-vlt-button\" data-id=\"275a755\" data-element_type=\"widget\" data-settings=\"{&quot;_animation_mobile&quot;:&quot;slideInUp&quot;,&quot;vlt_animated_widget_animation&quot;:&quot;none&quot;}\" data-widget_type=\"vlt-button.default\">\n\t\t\t\t<div class=\"elementor-widget-container\">\n\t\t\t\t\t\n\t\t<a class=\"vlt-btn vlt-btn--md vlt-btn--primary\" role=\"button\" href=\"\/contact\" target=\"_blank\">\n\n\t\t\t\n\t\t\t<span class=\"vlt-btn__text\">CONTACT ME<\/span>\n\n\t\t\t\n\t\t<\/a>\n\n\t\t\t\t\t\t<\/div>\n\t\t\t\t<\/div>\n\t\t\t\t\t<\/div>\n\t\t\t\t<\/div>\n\t\t\t\t<\/div>\n\t\t","protected":false},"excerpt":{"rendered":"<p>InsightCVIl tuo servizio di consulenza professionale per la carriera Perch\u00e9 ho bisogno di un CV? Molte persone credono che il CV sia necessario solo per la ricerca di un lavoro.Ma il CV ha un valore aggiunto per lo sviluppo della tua carriera anche se sei soddisfatto del tuo lavoro e non stai cercando di cambiare [&hellip;]<\/p>\n","protected":false},"author":1,"featured_media":0,"parent":0,"menu_order":0,"comment_status":"closed","ping_status":"closed","template":"","meta":{"_acf_changed":false,"footnotes":""},"class_list":["post-29564","page","type-page","status-publish","hentry"],"acf":[],"yoast_head":"<!-- This site is optimized with the Yoast SEO plugin v25.3.1 - https:\/\/yoast.com\/wordpress\/plugins\/seo\/ -->\n<title>Il sorprendente CV - Insight CV - Tidy.co<\/title>\n<meta name=\"robots\" content=\"index, follow, max-snippet:-1, max-image-preview:large, max-video-preview:-1\" \/>\n<link rel=\"canonical\" href=\"https:\/\/tidy.co\/it\/il-sorprendente-cv\/\" \/>\n<meta property=\"og:locale\" content=\"it_IT\" \/>\n<meta property=\"og:type\" content=\"article\" \/>\n<meta property=\"og:title\" content=\"Il sorprendente CV - Insight CV - Tidy.co\" \/>\n<meta property=\"og:description\" content=\"InsightCVIl tuo servizio di consulenza professionale per la carriera Perch\u00e9 ho bisogno di un CV? Molte persone credono che il CV sia necessario solo per la ricerca di un lavoro.Ma il CV ha un valore aggiunto per lo sviluppo della tua carriera anche se sei soddisfatto del tuo lavoro e non stai cercando di cambiare [&hellip;]\" \/>\n<meta property=\"og:url\" content=\"https:\/\/tidy.co\/it\/il-sorprendente-cv\/\" \/>\n<meta property=\"og:site_name\" content=\"Insight CV - Tidy.co\" \/>\n<meta property=\"article:modified_time\" content=\"2024-08-14T16:18:38+00:00\" \/>\n<meta name=\"twitter:card\" content=\"summary_large_image\" \/>\n<meta name=\"twitter:label1\" content=\"Tempo di lettura stimato\" \/>\n\t<meta name=\"twitter:data1\" content=\"4 minuti\" \/>\n<script type=\"application\/ld+json\" class=\"yoast-schema-graph\">{\"@context\":\"https:\/\/schema.org\",\"@graph\":[{\"@type\":\"WebPage\",\"@id\":\"https:\/\/tidy.co\/it\/il-sorprendente-cv\/\",\"url\":\"https:\/\/tidy.co\/it\/il-sorprendente-cv\/\",\"name\":\"Il sorprendente CV - Insight CV - Tidy.co\",\"isPartOf\":{\"@id\":\"https:\/\/tidy.co\/it\/#website\"},\"datePublished\":\"2024-07-31T03:54:35+00:00\",\"dateModified\":\"2024-08-14T16:18:38+00:00\",\"breadcrumb\":{\"@id\":\"https:\/\/tidy.co\/it\/il-sorprendente-cv\/#breadcrumb\"},\"inLanguage\":\"it-IT\",\"potentialAction\":[{\"@type\":\"ReadAction\",\"target\":[\"https:\/\/tidy.co\/it\/il-sorprendente-cv\/\"]}]},{\"@type\":\"BreadcrumbList\",\"@id\":\"https:\/\/tidy.co\/it\/il-sorprendente-cv\/#breadcrumb\",\"itemListElement\":[{\"@type\":\"ListItem\",\"position\":1,\"name\":\"Accueil\",\"item\":\"https:\/\/tidy.co\/\"},{\"@type\":\"ListItem\",\"position\":2,\"name\":\"Il sorprendente CV\"}]},{\"@type\":\"WebSite\",\"@id\":\"https:\/\/tidy.co\/it\/#website\",\"url\":\"https:\/\/tidy.co\/it\/\",\"name\":\"Insight CV - Tidy.co\",\"description\":\"CV and Resume preparation\",\"potentialAction\":[{\"@type\":\"SearchAction\",\"target\":{\"@type\":\"EntryPoint\",\"urlTemplate\":\"https:\/\/tidy.co\/it\/?s={search_term_string}\"},\"query-input\":{\"@type\":\"PropertyValueSpecification\",\"valueRequired\":true,\"valueName\":\"search_term_string\"}}],\"inLanguage\":\"it-IT\"}]}<\/script>\n<!-- \/ Yoast SEO plugin. -->","yoast_head_json":{"title":"Il sorprendente CV - Insight CV - Tidy.co","robots":{"index":"index","follow":"follow","max-snippet":"max-snippet:-1","max-image-preview":"max-image-preview:large","max-video-preview":"max-video-preview:-1"},"canonical":"https:\/\/tidy.co\/it\/il-sorprendente-cv\/","og_locale":"it_IT","og_type":"article","og_title":"Il sorprendente CV - Insight CV - Tidy.co","og_description":"InsightCVIl tuo servizio di consulenza professionale per la carriera Perch\u00e9 ho bisogno di un CV? Molte persone credono che il CV sia necessario solo per la ricerca di un lavoro.Ma il CV ha un valore aggiunto per lo sviluppo della tua carriera anche se sei soddisfatto del tuo lavoro e non stai cercando di cambiare [&hellip;]","og_url":"https:\/\/tidy.co\/it\/il-sorprendente-cv\/","og_site_name":"Insight CV - Tidy.co","article_modified_time":"2024-08-14T16:18:38+00:00","twitter_card":"summary_large_image","twitter_misc":{"Tempo di lettura stimato":"4 minuti"},"schema":{"@context":"https:\/\/schema.org","@graph":[{"@type":"WebPage","@id":"https:\/\/tidy.co\/it\/il-sorprendente-cv\/","url":"https:\/\/tidy.co\/it\/il-sorprendente-cv\/","name":"Il sorprendente CV - Insight CV - Tidy.co","isPartOf":{"@id":"https:\/\/tidy.co\/it\/#website"},"datePublished":"2024-07-31T03:54:35+00:00","dateModified":"2024-08-14T16:18:38+00:00","breadcrumb":{"@id":"https:\/\/tidy.co\/it\/il-sorprendente-cv\/#breadcrumb"},"inLanguage":"it-IT","potentialAction":[{"@type":"ReadAction","target":["https:\/\/tidy.co\/it\/il-sorprendente-cv\/"]}]},{"@type":"BreadcrumbList","@id":"https:\/\/tidy.co\/it\/il-sorprendente-cv\/#breadcrumb","itemListElement":[{"@type":"ListItem","position":1,"name":"Accueil","item":"https:\/\/tidy.co\/"},{"@type":"ListItem","position":2,"name":"Il sorprendente CV"}]},{"@type":"WebSite","@id":"https:\/\/tidy.co\/it\/#website","url":"https:\/\/tidy.co\/it\/","name":"Insight CV - Tidy.co","description":"CV and Resume preparation","potentialAction":[{"@type":"SearchAction","target":{"@type":"EntryPoint","urlTemplate":"https:\/\/tidy.co\/it\/?s={search_term_string}"},"query-input":{"@type":"PropertyValueSpecification","valueRequired":true,"valueName":"search_term_string"}}],"inLanguage":"it-IT"}]}},"_links":{"self":[{"href":"https:\/\/tidy.co\/it\/wp-json\/wp\/v2\/pages\/29564","targetHints":{"allow":["GET"]}}],"collection":[{"href":"https:\/\/tidy.co\/it\/wp-json\/wp\/v2\/pages"}],"about":[{"href":"https:\/\/tidy.co\/it\/wp-json\/wp\/v2\/types\/page"}],"author":[{"embeddable":true,"href":"https:\/\/tidy.co\/it\/wp-json\/wp\/v2\/users\/1"}],"replies":[{"embeddable":true,"href":"https:\/\/tidy.co\/it\/wp-json\/wp\/v2\/comments?post=29564"}],"version-history":[{"count":0,"href":"https:\/\/tidy.co\/it\/wp-json\/wp\/v2\/pages\/29564\/revisions"}],"wp:attachment":[{"href":"https:\/\/tidy.co\/it\/wp-json\/wp\/v2\/media?parent=29564"}],"curies":[{"name":"wp","href":"https:\/\/api.w.org\/{rel}","templated":true}]}}