{"id":29556,"date":"2024-07-31T05:37:15","date_gmt":"2024-07-31T03:37:15","guid":{"rendered":"https:\/\/tidy.co\/il-corso\/"},"modified":"2024-09-23T06:20:06","modified_gmt":"2024-09-23T04:20:06","slug":"il-corso","status":"publish","type":"page","link":"https:\/\/tidy.co\/it\/il-corso\/","title":{"rendered":"Il corso"},"content":{"rendered":"\t\t<div data-elementor-type=\"wp-page\" data-elementor-id=\"29556\" class=\"elementor elementor-29556\" data-elementor-post-type=\"page\">\n\t\t\t\t\t\t<section class=\"elementor-section elementor-top-section elementor-element elementor-element-a87bb40 elementor-section-boxed elementor-section-height-default elementor-section-height-default\" data-id=\"a87bb40\" data-element_type=\"section\">\n\t\t\t\t\t\t<div class=\"elementor-container elementor-column-gap-extended\">\n\t\t\t\t\t<div class=\"elementor-column elementor-col-100 elementor-top-column elementor-element elementor-element-68f6df8\" data-id=\"68f6df8\" data-element_type=\"column\">\n\t\t\t<div class=\"elementor-widget-wrap elementor-element-populated\">\n\t\t\t\t\t\t<section class=\"elementor-section elementor-inner-section elementor-element elementor-element-e120824 row w-auto elementor-section-boxed elementor-section-height-default elementor-section-height-default\" data-id=\"e120824\" data-element_type=\"section\">\n\t\t\t\t\t\t<div class=\"elementor-container elementor-column-gap-extended\">\n\t\t\t\t\t<div class=\"elementor-column elementor-col-33 elementor-inner-column elementor-element elementor-element-83b7c01 elementor-invisible\" data-id=\"83b7c01\" data-element_type=\"column\" data-settings=\"{&quot;animation&quot;:&quot;slideInLeft&quot;}\">\n\t\t\t<div class=\"elementor-widget-wrap elementor-element-populated\">\n\t\t\t\t\t\t<div class=\"elementor-element elementor-element-2fc3d49 elementor-widget elementor-widget-heading\" data-id=\"2fc3d49\" data-element_type=\"widget\" data-settings=\"{&quot;vlt_animated_widget_animation&quot;:&quot;none&quot;}\" data-widget_type=\"heading.default\">\n\t\t\t\t<div class=\"elementor-widget-container\">\n\t\t\t\t\t<h3 class=\"elementor-heading-title elementor-size-default\"><span class=\"has-first-color\">1.<\/span> Benvenuto<\/h3>\t\t\t\t<\/div>\n\t\t\t\t<\/div>\n\t\t\t\t<div class=\"elementor-element elementor-element-1b2ea96 elementor-widget elementor-widget-text-editor\" data-id=\"1b2ea96\" data-element_type=\"widget\" data-settings=\"{&quot;vlt_animated_widget_animation&quot;:&quot;none&quot;}\" data-widget_type=\"text-editor.default\">\n\t\t\t\t<div class=\"elementor-widget-container\">\n\t\t\t\t\t\t\t\t\t<p>Introduzione ai relatori del corso, il Dr. Arthur Morse e la Sig.ra Suparat Sukpradit. Hanno una vasta esperienza nella gestione di aziende e progetti in Asia, Europa, Medio Oriente e Australia. Si impegnano ad aiutare i giovani professionisti a raggiungere la felicit\u00e0 e il successo nella carriera che hanno scelto.<\/p>\n\t\t\t\t\t\t\t\t<\/div>\n\t\t\t\t<\/div>\n\t\t\t\t\t<\/div>\n\t\t<\/div>\n\t\t\t\t<div class=\"elementor-column elementor-col-33 elementor-inner-column elementor-element elementor-element-d71fdfc elementor-invisible\" data-id=\"d71fdfc\" data-element_type=\"column\" data-settings=\"{&quot;animation&quot;:&quot;slideInLeft&quot;}\">\n\t\t\t<div class=\"elementor-widget-wrap elementor-element-populated\">\n\t\t\t\t\t\t<div class=\"elementor-element elementor-element-38e519e elementor-widget elementor-widget-heading\" data-id=\"38e519e\" data-element_type=\"widget\" data-settings=\"{&quot;vlt_animated_widget_animation&quot;:&quot;none&quot;}\" data-widget_type=\"heading.default\">\n\t\t\t\t<div class=\"elementor-widget-container\">\n\t\t\t\t\t<h3 class=\"elementor-heading-title elementor-size-default\"><span class=\"has-first-color\">2.<\/span> Introduzione al corso  <\/h3>\t\t\t\t<\/div>\n\t\t\t\t<\/div>\n\t\t\t\t<div class=\"elementor-element elementor-element-ad74548 elementor-widget elementor-widget-text-editor\" data-id=\"ad74548\" data-element_type=\"widget\" data-settings=\"{&quot;vlt_animated_widget_animation&quot;:&quot;none&quot;}\" data-widget_type=\"text-editor.default\">\n\t\t\t\t<div class=\"elementor-widget-container\">\n\t\t\t\t\t\t\t\t\t<p>Il processo di selezione con riferimento alle tecniche utilizzate dai dipartimenti delle risorse umane e dai responsabili delle assunzioni nei dipartimenti governativi e nelle grandi aziende&#8221;.<\/p>\n\t\t\t\t\t\t\t\t<\/div>\n\t\t\t\t<\/div>\n\t\t\t\t\t<\/div>\n\t\t<\/div>\n\t\t\t\t<div class=\"elementor-column elementor-col-33 elementor-inner-column elementor-element elementor-element-edd702f elementor-invisible\" data-id=\"edd702f\" data-element_type=\"column\" data-settings=\"{&quot;animation&quot;:&quot;slideInLeft&quot;}\">\n\t\t\t<div class=\"elementor-widget-wrap elementor-element-populated\">\n\t\t\t\t\t\t<div class=\"elementor-element elementor-element-980ef1b elementor-widget elementor-widget-heading\" data-id=\"980ef1b\" data-element_type=\"widget\" data-settings=\"{&quot;vlt_animated_widget_animation&quot;:&quot;none&quot;}\" data-widget_type=\"heading.default\">\n\t\t\t\t<div class=\"elementor-widget-container\">\n\t\t\t\t\t<h3 class=\"elementor-heading-title elementor-size-default\"><span class=\"has-first-color\">3.<\/span> Preparazione fondamentale  <\/h3>\t\t\t\t<\/div>\n\t\t\t\t<\/div>\n\t\t\t\t<div class=\"elementor-element elementor-element-a5aa77a elementor-widget elementor-widget-text-editor\" data-id=\"a5aa77a\" data-element_type=\"widget\" data-settings=\"{&quot;vlt_animated_widget_animation&quot;:&quot;none&quot;}\" data-widget_type=\"text-editor.default\">\n\t\t\t\t<div class=\"elementor-widget-container\">\n\t\t\t\t\t\t\t\t\t<p>Il processo di intervista con riferimento alle tecniche utilizzate dai dipartimenti delle risorse umane e dai responsabili delle assunzioni nei dipartimenti governativi e nelle grandi aziende, nonch\u00e9 l&#8217;identificazione delle competenze specifiche ricercate dalle persone di grande successo quando reclutano e selezionano i loro team.<\/p>\n\t\t\t\t\t\t\t\t<\/div>\n\t\t\t\t<\/div>\n\t\t\t\t\t<\/div>\n\t\t<\/div>\n\t\t\t\t\t<\/div>\n\t\t<\/section>\n\t\t\t\t<section class=\"elementor-section elementor-inner-section elementor-element elementor-element-a35d553 row w-auto elementor-section-boxed elementor-section-height-default elementor-section-height-default\" data-id=\"a35d553\" data-element_type=\"section\">\n\t\t\t\t\t\t<div class=\"elementor-container elementor-column-gap-extended\">\n\t\t\t\t\t<div class=\"elementor-column elementor-col-33 elementor-inner-column elementor-element elementor-element-86340b0 elementor-invisible\" data-id=\"86340b0\" data-element_type=\"column\" data-settings=\"{&quot;animation&quot;:&quot;slideInLeft&quot;}\">\n\t\t\t<div class=\"elementor-widget-wrap elementor-element-populated\">\n\t\t\t\t\t\t<div class=\"elementor-element elementor-element-6653408 elementor-widget elementor-widget-heading\" data-id=\"6653408\" data-element_type=\"widget\" data-settings=\"{&quot;vlt_animated_widget_animation&quot;:&quot;none&quot;}\" data-widget_type=\"heading.default\">\n\t\t\t\t<div class=\"elementor-widget-container\">\n\t\t\t\t\t<h3 class=\"elementor-heading-title elementor-size-default\"><span class=\"has-first-color\">4.<\/span> Preparazione dei documenti  <\/h3>\t\t\t\t<\/div>\n\t\t\t\t<\/div>\n\t\t\t\t<div class=\"elementor-element elementor-element-f1eb5e2 elementor-widget elementor-widget-text-editor\" data-id=\"f1eb5e2\" data-element_type=\"widget\" data-settings=\"{&quot;vlt_animated_widget_animation&quot;:&quot;none&quot;}\" data-widget_type=\"text-editor.default\">\n\t\t\t\t<div class=\"elementor-widget-container\">\n\t\t\t\t\t\t\t\t\t<p>Il riassunto e il curriculum. Come scegliere lavori part-time e attivit\u00e0 extracurriculari per acquisire esperienza e dimostrare a se stessi e agli altri cosa piace e sa fare meglio. Spiega come creare un CV che illustri l&#8217;istruzione, la storia lavorativa e i risultati ottenuti.<\/p>\t\t\t\t\t\t\t\t<\/div>\n\t\t\t\t<\/div>\n\t\t\t\t\t<\/div>\n\t\t<\/div>\n\t\t\t\t<div class=\"elementor-column elementor-col-33 elementor-inner-column elementor-element elementor-element-a067c66 elementor-invisible\" data-id=\"a067c66\" data-element_type=\"column\" data-settings=\"{&quot;animation&quot;:&quot;slideInLeft&quot;}\">\n\t\t\t<div class=\"elementor-widget-wrap elementor-element-populated\">\n\t\t\t\t\t\t<div class=\"elementor-element elementor-element-68fdd67 elementor-widget elementor-widget-heading\" data-id=\"68fdd67\" data-element_type=\"widget\" data-settings=\"{&quot;vlt_animated_widget_animation&quot;:&quot;none&quot;}\" data-widget_type=\"heading.default\">\n\t\t\t\t<div class=\"elementor-widget-container\">\n\t\t\t\t\t<h3 class=\"elementor-heading-title elementor-size-default\"><span class=\"has-first-color\">5.<\/span> Il curriculum  <\/h3>\t\t\t\t<\/div>\n\t\t\t\t<\/div>\n\t\t\t\t<div class=\"elementor-element elementor-element-3ccce9e elementor-widget elementor-widget-text-editor\" data-id=\"3ccce9e\" data-element_type=\"widget\" data-settings=\"{&quot;vlt_animated_widget_animation&quot;:&quot;none&quot;}\" data-widget_type=\"text-editor.default\">\n\t\t\t\t<div class=\"elementor-widget-container\">\n\t\t\t\t\t\t\t\t\t<p>Il contenuto di un curriculum e il modo in cui \u00e8 progettato per catturare l&#8217;attenzione del responsabile della selezione del personale che sta cercando di trovare una corrispondenza perfetta con i requisiti del lavoro. Spiegazione di ci\u00f2 che non \u00e8 incluso nel curriculum e dei motivi per cui \u00e8 stato escluso.<\/p>\n\t\t\t\t\t\t\t\t<\/div>\n\t\t\t\t<\/div>\n\t\t\t\t\t<\/div>\n\t\t<\/div>\n\t\t\t\t<div class=\"elementor-column elementor-col-33 elementor-inner-column elementor-element elementor-element-0bf910b elementor-invisible\" data-id=\"0bf910b\" data-element_type=\"column\" data-settings=\"{&quot;animation&quot;:&quot;slideInLeft&quot;}\">\n\t\t\t<div class=\"elementor-widget-wrap elementor-element-populated\">\n\t\t\t\t\t\t<div class=\"elementor-element elementor-element-f55e6b8 elementor-widget elementor-widget-heading\" data-id=\"f55e6b8\" data-element_type=\"widget\" data-settings=\"{&quot;vlt_animated_widget_animation&quot;:&quot;none&quot;}\" data-widget_type=\"heading.default\">\n\t\t\t\t<div class=\"elementor-widget-container\">\n\t\t\t\t\t<h3 class=\"elementor-heading-title elementor-size-default\"><span class=\"has-first-color\">6.<\/span> Rispondere a un annuncio di lavoro  <\/h3>\t\t\t\t<\/div>\n\t\t\t\t<\/div>\n\t\t\t\t<div class=\"elementor-element elementor-element-e2b7903 elementor-widget elementor-widget-text-editor\" data-id=\"e2b7903\" data-element_type=\"widget\" data-settings=\"{&quot;vlt_animated_widget_animation&quot;:&quot;none&quot;}\" data-widget_type=\"text-editor.default\">\n\t\t\t\t<div class=\"elementor-widget-container\">\n\t\t\t\t\t\t\t\t\t<p>La creazione di un curriculum abbinato a un annuncio di lavoro illustra il processo di produzione del curriculum e della relativa lettera di presentazione. Identificare le parole e le frasi chiave e assicurarsi che siano trattate in modo appropriato nel curriculum e nella lettera di presentazione associata con i materiali scaricabili.<\/p>\n\t\t\t\t\t\t\t\t<\/div>\n\t\t\t\t<\/div>\n\t\t\t\t\t<\/div>\n\t\t<\/div>\n\t\t\t\t\t<\/div>\n\t\t<\/section>\n\t\t\t\t<section class=\"elementor-section elementor-inner-section elementor-element elementor-element-ab6d837 row w-auto elementor-section-boxed elementor-section-height-default elementor-section-height-default\" data-id=\"ab6d837\" data-element_type=\"section\">\n\t\t\t\t\t\t<div class=\"elementor-container elementor-column-gap-extended\">\n\t\t\t\t\t<div class=\"elementor-column elementor-col-33 elementor-inner-column elementor-element elementor-element-d21fc13 elementor-invisible\" data-id=\"d21fc13\" data-element_type=\"column\" data-settings=\"{&quot;animation&quot;:&quot;slideInLeft&quot;}\">\n\t\t\t<div class=\"elementor-widget-wrap elementor-element-populated\">\n\t\t\t\t\t\t<div class=\"elementor-element elementor-element-b080b39 elementor-widget elementor-widget-heading\" data-id=\"b080b39\" data-element_type=\"widget\" data-settings=\"{&quot;vlt_animated_widget_animation&quot;:&quot;none&quot;}\" data-widget_type=\"heading.default\">\n\t\t\t\t<div class=\"elementor-widget-container\">\n\t\t\t\t\t<h3 class=\"elementor-heading-title elementor-size-default\"><span class=\"has-first-color\">7.<\/span> La lettera di presentazione  <\/h3>\t\t\t\t<\/div>\n\t\t\t\t<\/div>\n\t\t\t\t<div class=\"elementor-element elementor-element-b57f9fa elementor-widget elementor-widget-text-editor\" data-id=\"b57f9fa\" data-element_type=\"widget\" data-settings=\"{&quot;vlt_animated_widget_animation&quot;:&quot;none&quot;}\" data-widget_type=\"text-editor.default\">\n\t\t\t\t<div class=\"elementor-widget-container\">\n\t\t\t\t\t\t\t\t\t<p>La creazione e lo sviluppo di una lettera di presentazione che accompagner\u00e0 il curriculum del laureando in ingegneria. Viene fornita la struttura della lettera, evidenziando lo scopo dei vari paragrafi della lettera con un modello scaricabile. \u00c8 possibile utilizzare una lettera di presentazione simile a supporto di qualsiasi curriculum, anche di un account executive.<\/p>\n\t\t\t\t\t\t\t\t<\/div>\n\t\t\t\t<\/div>\n\t\t\t\t\t<\/div>\n\t\t<\/div>\n\t\t\t\t<div class=\"elementor-column elementor-col-33 elementor-inner-column elementor-element elementor-element-c99b379 elementor-invisible\" data-id=\"c99b379\" data-element_type=\"column\" data-settings=\"{&quot;animation&quot;:&quot;slideInLeft&quot;}\">\n\t\t\t<div class=\"elementor-widget-wrap elementor-element-populated\">\n\t\t\t\t\t\t<div class=\"elementor-element elementor-element-5570e85 elementor-widget elementor-widget-heading\" data-id=\"5570e85\" data-element_type=\"widget\" data-settings=\"{&quot;vlt_animated_widget_animation&quot;:&quot;none&quot;}\" data-widget_type=\"heading.default\">\n\t\t\t\t<div class=\"elementor-widget-container\">\n\t\t\t\t\t<h3 class=\"elementor-heading-title elementor-size-default\"><span class=\"has-first-color\">8.<\/span> Tecniche per le parole chiave di InsightCV (ICVKT)  <\/h3>\t\t\t\t<\/div>\n\t\t\t\t<\/div>\n\t\t\t\t<div class=\"elementor-element elementor-element-0bf3012 elementor-widget elementor-widget-text-editor\" data-id=\"0bf3012\" data-element_type=\"widget\" data-settings=\"{&quot;vlt_animated_widget_animation&quot;:&quot;none&quot;}\" data-widget_type=\"text-editor.default\">\n\t\t\t\t<div class=\"elementor-widget-container\">\n\t\t\t\t\t\t\t\t\t<p>L&#8217;ICVKT si riferisce al processo di modifica di un curriculum in modo veritiero per soddisfare le esigenze di un annuncio di lavoro. I sistemi di tracciamento dei candidati e il modo in cui vengono utilizzati per vagliare i curriculum quando c&#8217;\u00e8 un gran numero di candidature. Il valore di creare con cura una lettera di presentazione per supportare in modo professionale il curriculum.<\/p>\n\t\t\t\t\t\t\t\t<\/div>\n\t\t\t\t<\/div>\n\t\t\t\t\t<\/div>\n\t\t<\/div>\n\t\t\t\t<div class=\"elementor-column elementor-col-33 elementor-inner-column elementor-element elementor-element-c307473 elementor-invisible\" data-id=\"c307473\" data-element_type=\"column\" data-settings=\"{&quot;animation&quot;:&quot;slideInLeft&quot;}\">\n\t\t\t<div class=\"elementor-widget-wrap elementor-element-populated\">\n\t\t\t\t\t\t<div class=\"elementor-element elementor-element-a98e4cc elementor-widget elementor-widget-heading\" data-id=\"a98e4cc\" data-element_type=\"widget\" data-settings=\"{&quot;vlt_animated_widget_animation&quot;:&quot;none&quot;}\" data-widget_type=\"heading.default\">\n\t\t\t\t<div class=\"elementor-widget-container\">\n\t\t\t\t\t<h3 class=\"elementor-heading-title elementor-size-default\"><span class=\"has-first-color\">9.<\/span> Riepilogo<\/h3>\t\t\t\t<\/div>\n\t\t\t\t<\/div>\n\t\t\t\t<div class=\"elementor-element elementor-element-c10fbd5 elementor-widget elementor-widget-text-editor\" data-id=\"c10fbd5\" data-element_type=\"widget\" data-settings=\"{&quot;vlt_animated_widget_animation&quot;:&quot;none&quot;}\" data-widget_type=\"text-editor.default\">\n\t\t\t\t<div class=\"elementor-widget-container\">\n\t\t\t\t\t\t\t\t\tUna revisione del corso che evidenzia le raccomandazioni principali e le osservazioni conclusive.  \t\t\t\t\t\t\t\t<\/div>\n\t\t\t\t<\/div>\n\t\t\t\t\t<\/div>\n\t\t<\/div>\n\t\t\t\t\t<\/div>\n\t\t<\/section>\n\t\t\t\t\t<\/div>\n\t\t<\/div>\n\t\t\t\t\t<\/div>\n\t\t<\/section>\n\t\t<div class=\"elementor-element elementor-element-c7c697c e-flex e-con-boxed e-con e-parent\" data-id=\"c7c697c\" data-element_type=\"container\">\n\t\t\t\t\t<div class=\"e-con-inner\">\n\t\t\t\t<div class=\"elementor-element elementor-element-e962b50 elementor-widget elementor-widget-vlt-button\" data-id=\"e962b50\" data-element_type=\"widget\" data-settings=\"{&quot;_animation_mobile&quot;:&quot;slideInUp&quot;,&quot;vlt_animated_widget_animation&quot;:&quot;none&quot;}\" data-widget_type=\"vlt-button.default\">\n\t\t\t\t<div class=\"elementor-widget-container\">\n\t\t\t\t\t\n\t\t<a class=\"vlt-btn vlt-btn--md vlt-btn--primary\" role=\"button\" href=\"https:\/\/insightcv.promptskill.com\/course\/PS66002\" target=\"_blank\">\n\n\t\t\t\n\t\t\t<span class=\"vlt-btn__text\">DISCOVER THE COURSE<\/span>\n\n\t\t\t\n\t\t<\/a>\n\n\t\t\t\t\t\t<\/div>\n\t\t\t\t<\/div>\n\t\t\t\t\t<\/div>\n\t\t\t\t<\/div>\n\t\t\t\t<\/div>\n\t\t","protected":false},"excerpt":{"rendered":"<p>1. Benvenuto Introduzione ai relatori del corso, il Dr. Arthur Morse e la Sig.ra Suparat Sukpradit. Hanno una vasta esperienza nella gestione di aziende e progetti in Asia, Europa, Medio Oriente e Australia. Si impegnano ad aiutare i giovani professionisti a raggiungere la felicit\u00e0 e il successo nella carriera che hanno scelto. 2. Introduzione al [&hellip;]<\/p>\n","protected":false},"author":1,"featured_media":0,"parent":0,"menu_order":0,"comment_status":"closed","ping_status":"closed","template":"","meta":{"_acf_changed":false,"footnotes":""},"class_list":["post-29556","page","type-page","status-publish","hentry"],"acf":[],"yoast_head":"<!-- This site is optimized with the Yoast SEO plugin v25.3.1 - https:\/\/yoast.com\/wordpress\/plugins\/seo\/ -->\n<title>Il corso - Insight CV - Tidy.co<\/title>\n<meta name=\"robots\" content=\"index, follow, max-snippet:-1, max-image-preview:large, max-video-preview:-1\" \/>\n<link rel=\"canonical\" href=\"https:\/\/tidy.co\/it\/il-corso\/\" \/>\n<meta property=\"og:locale\" content=\"it_IT\" \/>\n<meta property=\"og:type\" content=\"article\" \/>\n<meta property=\"og:title\" content=\"Il corso - Insight CV - Tidy.co\" \/>\n<meta property=\"og:description\" content=\"1. Benvenuto Introduzione ai relatori del corso, il Dr. Arthur Morse e la Sig.ra Suparat Sukpradit. Hanno una vasta esperienza nella gestione di aziende e progetti in Asia, Europa, Medio Oriente e Australia. Si impegnano ad aiutare i giovani professionisti a raggiungere la felicit\u00e0 e il successo nella carriera che hanno scelto. 2. Introduzione al [&hellip;]\" \/>\n<meta property=\"og:url\" content=\"https:\/\/tidy.co\/it\/il-corso\/\" \/>\n<meta property=\"og:site_name\" content=\"Insight CV - Tidy.co\" \/>\n<meta property=\"article:modified_time\" content=\"2024-09-23T04:20:06+00:00\" \/>\n<meta name=\"twitter:card\" content=\"summary_large_image\" \/>\n<meta name=\"twitter:label1\" content=\"Tempo di lettura stimato\" \/>\n\t<meta name=\"twitter:data1\" content=\"3 minuti\" \/>\n<script type=\"application\/ld+json\" class=\"yoast-schema-graph\">{\"@context\":\"https:\/\/schema.org\",\"@graph\":[{\"@type\":\"WebPage\",\"@id\":\"https:\/\/tidy.co\/it\/il-corso\/\",\"url\":\"https:\/\/tidy.co\/it\/il-corso\/\",\"name\":\"Il corso - Insight CV - Tidy.co\",\"isPartOf\":{\"@id\":\"https:\/\/tidy.co\/it\/#website\"},\"datePublished\":\"2024-07-31T03:37:15+00:00\",\"dateModified\":\"2024-09-23T04:20:06+00:00\",\"breadcrumb\":{\"@id\":\"https:\/\/tidy.co\/it\/il-corso\/#breadcrumb\"},\"inLanguage\":\"it-IT\",\"potentialAction\":[{\"@type\":\"ReadAction\",\"target\":[\"https:\/\/tidy.co\/it\/il-corso\/\"]}]},{\"@type\":\"BreadcrumbList\",\"@id\":\"https:\/\/tidy.co\/it\/il-corso\/#breadcrumb\",\"itemListElement\":[{\"@type\":\"ListItem\",\"position\":1,\"name\":\"Accueil\",\"item\":\"https:\/\/tidy.co\/\"},{\"@type\":\"ListItem\",\"position\":2,\"name\":\"Il corso\"}]},{\"@type\":\"WebSite\",\"@id\":\"https:\/\/tidy.co\/it\/#website\",\"url\":\"https:\/\/tidy.co\/it\/\",\"name\":\"Insight CV - Tidy.co\",\"description\":\"CV and Resume preparation\",\"potentialAction\":[{\"@type\":\"SearchAction\",\"target\":{\"@type\":\"EntryPoint\",\"urlTemplate\":\"https:\/\/tidy.co\/it\/?s={search_term_string}\"},\"query-input\":{\"@type\":\"PropertyValueSpecification\",\"valueRequired\":true,\"valueName\":\"search_term_string\"}}],\"inLanguage\":\"it-IT\"}]}<\/script>\n<!-- \/ Yoast SEO plugin. -->","yoast_head_json":{"title":"Il corso - Insight CV - Tidy.co","robots":{"index":"index","follow":"follow","max-snippet":"max-snippet:-1","max-image-preview":"max-image-preview:large","max-video-preview":"max-video-preview:-1"},"canonical":"https:\/\/tidy.co\/it\/il-corso\/","og_locale":"it_IT","og_type":"article","og_title":"Il corso - Insight CV - Tidy.co","og_description":"1. Benvenuto Introduzione ai relatori del corso, il Dr. Arthur Morse e la Sig.ra Suparat Sukpradit. Hanno una vasta esperienza nella gestione di aziende e progetti in Asia, Europa, Medio Oriente e Australia. Si impegnano ad aiutare i giovani professionisti a raggiungere la felicit\u00e0 e il successo nella carriera che hanno scelto. 2. Introduzione al [&hellip;]","og_url":"https:\/\/tidy.co\/it\/il-corso\/","og_site_name":"Insight CV - Tidy.co","article_modified_time":"2024-09-23T04:20:06+00:00","twitter_card":"summary_large_image","twitter_misc":{"Tempo di lettura stimato":"3 minuti"},"schema":{"@context":"https:\/\/schema.org","@graph":[{"@type":"WebPage","@id":"https:\/\/tidy.co\/it\/il-corso\/","url":"https:\/\/tidy.co\/it\/il-corso\/","name":"Il corso - Insight CV - Tidy.co","isPartOf":{"@id":"https:\/\/tidy.co\/it\/#website"},"datePublished":"2024-07-31T03:37:15+00:00","dateModified":"2024-09-23T04:20:06+00:00","breadcrumb":{"@id":"https:\/\/tidy.co\/it\/il-corso\/#breadcrumb"},"inLanguage":"it-IT","potentialAction":[{"@type":"ReadAction","target":["https:\/\/tidy.co\/it\/il-corso\/"]}]},{"@type":"BreadcrumbList","@id":"https:\/\/tidy.co\/it\/il-corso\/#breadcrumb","itemListElement":[{"@type":"ListItem","position":1,"name":"Accueil","item":"https:\/\/tidy.co\/"},{"@type":"ListItem","position":2,"name":"Il corso"}]},{"@type":"WebSite","@id":"https:\/\/tidy.co\/it\/#website","url":"https:\/\/tidy.co\/it\/","name":"Insight CV - Tidy.co","description":"CV and Resume preparation","potentialAction":[{"@type":"SearchAction","target":{"@type":"EntryPoint","urlTemplate":"https:\/\/tidy.co\/it\/?s={search_term_string}"},"query-input":{"@type":"PropertyValueSpecification","valueRequired":true,"valueName":"search_term_string"}}],"inLanguage":"it-IT"}]}},"_links":{"self":[{"href":"https:\/\/tidy.co\/it\/wp-json\/wp\/v2\/pages\/29556","targetHints":{"allow":["GET"]}}],"collection":[{"href":"https:\/\/tidy.co\/it\/wp-json\/wp\/v2\/pages"}],"about":[{"href":"https:\/\/tidy.co\/it\/wp-json\/wp\/v2\/types\/page"}],"author":[{"embeddable":true,"href":"https:\/\/tidy.co\/it\/wp-json\/wp\/v2\/users\/1"}],"replies":[{"embeddable":true,"href":"https:\/\/tidy.co\/it\/wp-json\/wp\/v2\/comments?post=29556"}],"version-history":[{"count":0,"href":"https:\/\/tidy.co\/it\/wp-json\/wp\/v2\/pages\/29556\/revisions"}],"wp:attachment":[{"href":"https:\/\/tidy.co\/it\/wp-json\/wp\/v2\/media?parent=29556"}],"curies":[{"name":"wp","href":"https:\/\/api.w.org\/{rel}","templated":true}]}}