{"id":29731,"date":"2024-07-31T05:44:01","date_gmt":"2024-07-31T03:44:01","guid":{"rendered":"https:\/\/tidy.co\/temoignages\/"},"modified":"2024-09-02T05:24:02","modified_gmt":"2024-09-02T03:24:02","slug":"temoignages","status":"publish","type":"page","link":"https:\/\/tidy.co\/fr\/temoignages\/","title":{"rendered":"T\u00e9moignages"},"content":{"rendered":"\t\t<div data-elementor-type=\"wp-page\" data-elementor-id=\"29731\" class=\"elementor elementor-29731\" data-elementor-post-type=\"page\">\n\t\t\t\t\t\t<section class=\"elementor-section elementor-top-section elementor-element elementor-element-bac4b0b elementor-section-content-middle elementor-section-full_width elementor-section-stretched elementor-section-height-default elementor-section-height-default\" data-id=\"bac4b0b\" data-element_type=\"section\" data-settings=\"{&quot;stretch_section&quot;:&quot;section-stretched&quot;,&quot;background_background&quot;:&quot;classic&quot;}\">\n\t\t\t\t\t\t<div class=\"elementor-container elementor-column-gap-extended\">\n\t\t\t\t\t<div class=\"elementor-column elementor-col-50 elementor-top-column elementor-element elementor-element-10e149c\" data-id=\"10e149c\" data-element_type=\"column\">\n\t\t\t<div class=\"elementor-widget-wrap elementor-element-populated\">\n\t\t\t\t\t\t<div class=\"vlt-animate-element elementor-element elementor-element-55321df elementor-widget elementor-widget-heading\" data-animation-name=\"mikael\" style=\" --animate-delay: 100ms;\" data-id=\"55321df\" data-element_type=\"widget\" data-settings=\"{&quot;vlt_animated_widget_animation&quot;:&quot;mikael&quot;}\" data-widget_type=\"heading.default\">\n\t\t\t\t<div class=\"elementor-widget-container\">\n\t\t\t\t\t<h2 class=\"elementor-heading-title elementor-size-default\">T\u00e9moignages<\/h2>\t\t\t\t<\/div>\n\t\t\t\t<\/div>\n\t\t\t\t\t<\/div>\n\t\t<\/div>\n\t\t\t\t<div class=\"elementor-column elementor-col-50 elementor-top-column elementor-element elementor-element-839e9b2\" data-id=\"839e9b2\" data-element_type=\"column\">\n\t\t\t<div class=\"elementor-widget-wrap elementor-element-populated\">\n\t\t\t\t\t\t<div class=\"vlt-animate-element elementor-element elementor-element-b6bbc6e elementor-widget elementor-widget-vlt-slider-controls\" data-animation-name=\"mikael\" style=\" --animate-delay: 100ms;\" data-id=\"b6bbc6e\" data-element_type=\"widget\" data-settings=\"{&quot;vlt_animated_widget_animation&quot;:&quot;mikael&quot;}\" data-widget_type=\"vlt-slider-controls.default\">\n\t\t\t\t<div class=\"elementor-widget-container\">\n\t\t\t\t\t\n\t\t<div class=\"vlt-slider-controls vlt-slider-controls--testimonial-slider\">\n\n\t\t\t<span class=\"prev\"><svg version=\"1.1\" fill=\"currentColor\" xmlns=\"http:\/\/www.w3.org\/2000\/svg\" xmlns:xlink=\"http:\/\/www.w3.org\/1999\/xlink\" width=\"52px\" height=\"16px\" viewBox=\"0 0 52 16\" xml:space=\"preserve\"><polygon points=\"52.6,7 4.4,7 9.7,1.7 8.3,0.3 0.6,8 0.6,8 0.6,8 8.3,15.7 9.7,14.3 4.4,9 52.6,9 \"\/><\/svg><\/span>\n\n\t\t\t\t\t\t\t<span class=\"pagination\"><\/span>\n\t\t\t\n\t\t\t<span class=\"next\"><svg version=\"1.1\" fill=\"currentColor\" xmlns=\"http:\/\/www.w3.org\/2000\/svg\" xmlns:xlink=\"http:\/\/www.w3.org\/1999\/xlink\" width=\"52px\" height=\"16px\" viewBox=\"0 0 52 16\" xml:space=\"preserve\"><polygon points=\"0.6,9 48.7,9 43.5,14.3 44.9,15.7 52.6,8 52.6,8 52.6,8 44.9,0.3 43.5,1.7 48.7,7 0.6,7 \"\/><\/svg><\/span>\n\n\t\t<\/div>\n\n\t\t\t\t\t\t<\/div>\n\t\t\t\t<\/div>\n\t\t\t\t\t<\/div>\n\t\t<\/div>\n\t\t\t\t\t<\/div>\n\t\t<\/section>\n\t\t\t\t<section class=\"elementor-section elementor-top-section elementor-element elementor-element-ab4d9cb elementor-section-full_width elementor-section-stretched elementor-section-height-default elementor-section-height-default\" data-id=\"ab4d9cb\" data-element_type=\"section\" data-settings=\"{&quot;stretch_section&quot;:&quot;section-stretched&quot;,&quot;background_background&quot;:&quot;classic&quot;}\">\n\t\t\t\t\t\t<div class=\"elementor-container elementor-column-gap-extended\">\n\t\t\t\t\t<div class=\"elementor-column elementor-col-100 elementor-top-column elementor-element elementor-element-be1087a\" data-id=\"be1087a\" data-element_type=\"column\">\n\t\t\t<div class=\"elementor-widget-wrap elementor-element-populated\">\n\t\t\t\t\t\t<div class=\"elementor-element elementor-element-1500c20 elementor-widget elementor-widget-spacer\" data-id=\"1500c20\" data-element_type=\"widget\" data-settings=\"{&quot;vlt_animated_widget_animation&quot;:&quot;none&quot;}\" data-widget_type=\"spacer.default\">\n\t\t\t\t<div class=\"elementor-widget-container\">\n\t\t\t\t\t\t\t<div class=\"elementor-spacer\">\n\t\t\t<div class=\"elementor-spacer-inner\"><\/div>\n\t\t<\/div>\n\t\t\t\t\t\t<\/div>\n\t\t\t\t<\/div>\n\t\t\t\t<div class=\"vlt-animate-element elementor-element elementor-element-6985878 elementor-widget elementor-widget-vlt-testimonial-slider\" data-animation-name=\"mikael\" style=\" --animate-delay: 200ms;\" data-id=\"6985878\" data-element_type=\"widget\" data-settings=\"{&quot;vlt_animated_widget_animation&quot;:&quot;mikael&quot;}\" data-widget_type=\"vlt-testimonial-slider.default\">\n\t\t\t\t<div class=\"elementor-widget-container\">\n\t\t\t\t\t\n\t<div class=\"vlt-testimonial-slider swiper-container\" data-animation-speed=\"1000\" data-loop=\"\" data-gap=\"30\">\n\n\t\t<div class=\"swiper-wrapper\">\n\n\t\t\t<div class=\"swiper-slide\"><div class=\"vlt-testimonial-item\"><div class=\"vlt-testimonial-item__content\"><div class=\"vlt-testimonial-item__text\"><p>\u00ab Comment impressionner les employeurs avec votre CV ? C\u2019est une bonne question que je me pose lorsque je commence \u00e0 r\u00e9diger un CV pour postuler \u00e0 un emploi. Je pense que le CV est devenu la premi\u00e8re exigence pour faire bonne impression aupr\u00e8s d\u2019un employeur potentiel. J\u2019ai donc d\u00e9cid\u00e9 de demander \u00e0 InsightCV du Dr Arthur de m\u2019aider \u00e0 mettre \u00e0 jour mon CV lorsque je postulais pour un d\u00e9tachement de courte dur\u00e9e \u00e0 l\u2019\u00e9tranger. J\u2019ai \u00e9t\u00e9 guid\u00e9e \u00e0 travers les points cl\u00e9s \u00e0 mettre en \u00e9vidence dans le CV et \u00e9galement dans la lettre de motivation.<\/p><p>J\u2019ai \u00e9t\u00e9 aid\u00e9e lorsque j\u2019ai postul\u00e9 en ligne pour une opportunit\u00e9 d\u2019affaires dans le secteur des voyages \u00e0 l\u2019\u00e9tranger.<\/p><p>Ces activit\u00e9s de conseil m\u2019ont aid\u00e9e \u00e0 comprendre la concurrence actuelle et les d\u00e9fis \u00e0 relever pour obtenir un poste de cadre sup\u00e9rieur \u00e0 responsabilit\u00e9 dans le secteur de l\u2019h\u00f4tellerie et du voyage. De plus, j\u2019ai \u00e9galement re\u00e7u quelques petits conseils sur la fa\u00e7on de mettre en page et d\u2019am\u00e9liorer mon CV pour le rendre attrayant.<\/p><p>Enfin, gr\u00e2ce \u00e0 ces conseils et \u00e0 cette exp\u00e9rience, j\u2019ai r\u00e9ussi \u00e0 d\u00e9crocher un excellent nouveau poste. \u00bb<\/p><\/div><div class=\"vlt-testimonial-item__meta\"><h6 class=\"vlt-testimonial-item__name\">Siwaporn R, Responsable des voyages a\u00e9riens et de la billetterie, Tha\u00eflande<\/h6><span class=\"vlt-testimonial-item__function\">Avis d'un sp\u00e9cialiste tha\u00eflandais du voyage a\u00e9rien et de la billetterie qui recherchait des changements de carri\u00e8re \u00e0 court et \u00e0 long terme.<\/span><\/div><\/div><\/div><\/div><div class=\"swiper-slide\"><div class=\"vlt-testimonial-item\"><div class=\"vlt-testimonial-item__content\"><div class=\"vlt-testimonial-item__text\"><p>\u00ab J\u2019ai fait appel aux services du Dr Arthur pour m\u2019aider \u00e0 am\u00e9liorer mon CV. J\u2019ai trouv\u00e9 son soutien tr\u00e8s utile et je suis ravi de recommander le CV Insight du Dr Arthur \u00e0 tous ceux qui souhaitent peaufiner leur CV. Le processus comprenait une r\u00e9vision compl\u00e8te et approfondie et le r\u00e9sultat final a \u00e9t\u00e9 excellent. \u00bb<\/p><\/div><div class=\"vlt-testimonial-item__meta\"><h6 class=\"vlt-testimonial-item__name\">Tomas J. Restauration a\u00e9rienne et services a\u00e9roportuaires, Su\u00e8de<\/h6><span class=\"vlt-testimonial-item__function\">Avis d'un cadre sup\u00e9rieur su\u00e9dois \u00e0 la recherche d'une nouvelle opportunit\u00e9 de carri\u00e8re<\/span><\/div><\/div><\/div><\/div><div class=\"swiper-slide\"><div class=\"vlt-testimonial-item\"><div class=\"vlt-testimonial-item__content\"><div class=\"vlt-testimonial-item__text\"><p>\u00ab Les conseils professionnels d'Arthur et sa contribution \u00e0 mon processus de recherche d'emploi ont \u00e9t\u00e9 d\u00e9terminants pour me permettre de passer des entretiens d'embauche et de d\u00e9crocher deux fantastiques opportunit\u00e9s d'emploi parmi lesquelles choisir dans le marketing des produits de grande consommation, un secteur tr\u00e8s concurrentiel. Arthur m'a aid\u00e9 \u00e0 pr\u00e9senter mon CV et ma lettre de motivation sous le meilleur jour possible, en me concentrant sur les domaines qui, selon lui, int\u00e9resseraient les employeurs. Arthur m'a \u00e9galement coach\u00e9 \u200b\u200bavant mes entretiens, ce qui m'a donn\u00e9 beaucoup plus de confiance lors de l'entretien, car j'\u00e9tais pr\u00e9par\u00e9 aux questions qui m'ont \u00e9t\u00e9 pos\u00e9es. Je recommande vivement \u00e0 toute personne souhaitant obtenir la meilleure opportunit\u00e9 d'emploi de faire appel aux services Insight CV d'Arthur. \u00bb<\/p><\/div><div class=\"vlt-testimonial-item__meta\"><h6 class=\"vlt-testimonial-item__name\">Julia C - Responsable de marque, Australie<\/h6><span class=\"vlt-testimonial-item__function\">Avis d'un chef de marque australien exp\u00e9riment\u00e9 qui recherchait un emploi au Royaume-Uni. Les services comprenaient des conseils apr\u00e8s l'entretien et une assistance pour les communications par e-mail.<\/span><\/div><\/div><\/div><\/div>\n\t\t<\/div>\n\n\t<\/div>\n\n\t\t\t\t\t<\/div>\n\t\t\t\t<\/div>\n\t\t\t\t<div class=\"elementor-element elementor-element-5bc0b84 elementor-align-center elementor-widget elementor-widget-button\" data-id=\"5bc0b84\" data-element_type=\"widget\" data-settings=\"{&quot;vlt_animated_widget_animation&quot;:&quot;none&quot;}\" data-widget_type=\"button.default\">\n\t\t\t\t<div class=\"elementor-widget-container\">\n\t\t\t\t\t\t\t\t\t<div class=\"elementor-button-wrapper\">\n\t\t\t\t\t<a class=\"elementor-button elementor-button-link elementor-size-sm\" href=\"#elementor-action%3Aaction%3Dpopup%3Aopen%26settings%3DeyJpZCI6IjI4OTQwIiwidG9nZ2xlIjpmYWxzZX0%3D\">\n\t\t\t\t\t\t<span class=\"elementor-button-content-wrapper\">\n\t\t\t\t\t\t\t\t\t<span class=\"elementor-button-text\">D\u00e9couvrez la revue vid\u00e9o de Siwaporn<\/span>\n\t\t\t\t\t<\/span>\n\t\t\t\t\t<\/a>\n\t\t\t\t<\/div>\n\t\t\t\t\t\t\t\t<\/div>\n\t\t\t\t<\/div>\n\t\t\t\t\t<\/div>\n\t\t<\/div>\n\t\t\t\t\t<\/div>\n\t\t<\/section>\n\t\t\t\t<\/div>\n\t\t","protected":false},"excerpt":{"rendered":"<p>T\u00e9moignages \u00ab Comment impressionner les employeurs avec votre CV ? C\u2019est une bonne question que je me pose lorsque je commence \u00e0 r\u00e9diger un CV pour postuler \u00e0 un emploi. Je pense que le CV est devenu la premi\u00e8re exigence pour faire bonne impression aupr\u00e8s d\u2019un employeur potentiel. J\u2019ai donc d\u00e9cid\u00e9 de demander \u00e0 InsightCV [&hellip;]<\/p>\n","protected":false},"author":1,"featured_media":0,"parent":0,"menu_order":0,"comment_status":"closed","ping_status":"closed","template":"","meta":{"_acf_changed":false,"footnotes":""},"class_list":["post-29731","page","type-page","status-publish","hentry"],"acf":[],"yoast_head":"<!-- This site is optimized with the Yoast SEO plugin v25.3.1 - https:\/\/yoast.com\/wordpress\/plugins\/seo\/ -->\n<title>T\u00e9moignages - Insight CV - Tidy.co<\/title>\n<meta name=\"robots\" content=\"index, follow, max-snippet:-1, max-image-preview:large, max-video-preview:-1\" \/>\n<link rel=\"canonical\" href=\"https:\/\/tidy.co\/fr\/temoignages\/\" \/>\n<meta property=\"og:locale\" content=\"fr_FR\" \/>\n<meta property=\"og:type\" content=\"article\" \/>\n<meta property=\"og:title\" content=\"T\u00e9moignages - Insight CV - Tidy.co\" \/>\n<meta property=\"og:description\" content=\"T\u00e9moignages \u00ab Comment impressionner les employeurs avec votre CV ? C\u2019est une bonne question que je me pose lorsque je commence \u00e0 r\u00e9diger un CV pour postuler \u00e0 un emploi. Je pense que le CV est devenu la premi\u00e8re exigence pour faire bonne impression aupr\u00e8s d\u2019un employeur potentiel. J\u2019ai donc d\u00e9cid\u00e9 de demander \u00e0 InsightCV [&hellip;]\" \/>\n<meta property=\"og:url\" content=\"https:\/\/tidy.co\/fr\/temoignages\/\" \/>\n<meta property=\"og:site_name\" content=\"Insight CV - Tidy.co\" \/>\n<meta property=\"article:modified_time\" content=\"2024-09-02T03:24:02+00:00\" \/>\n<meta name=\"twitter:card\" content=\"summary_large_image\" \/>\n<meta name=\"twitter:label1\" content=\"Dur\u00e9e de lecture estim\u00e9e\" \/>\n\t<meta name=\"twitter:data1\" content=\"3 minutes\" \/>\n<script type=\"application\/ld+json\" class=\"yoast-schema-graph\">{\"@context\":\"https:\/\/schema.org\",\"@graph\":[{\"@type\":\"WebPage\",\"@id\":\"https:\/\/tidy.co\/fr\/temoignages\/\",\"url\":\"https:\/\/tidy.co\/fr\/temoignages\/\",\"name\":\"T\u00e9moignages - Insight CV - Tidy.co\",\"isPartOf\":{\"@id\":\"https:\/\/tidy.co\/fr\/#website\"},\"datePublished\":\"2024-07-31T03:44:01+00:00\",\"dateModified\":\"2024-09-02T03:24:02+00:00\",\"breadcrumb\":{\"@id\":\"https:\/\/tidy.co\/fr\/temoignages\/#breadcrumb\"},\"inLanguage\":\"fr-FR\",\"potentialAction\":[{\"@type\":\"ReadAction\",\"target\":[\"https:\/\/tidy.co\/fr\/temoignages\/\"]}]},{\"@type\":\"BreadcrumbList\",\"@id\":\"https:\/\/tidy.co\/fr\/temoignages\/#breadcrumb\",\"itemListElement\":[{\"@type\":\"ListItem\",\"position\":1,\"name\":\"Accueil\",\"item\":\"https:\/\/tidy.co\/\"},{\"@type\":\"ListItem\",\"position\":2,\"name\":\"T\u00e9moignages\"}]},{\"@type\":\"WebSite\",\"@id\":\"https:\/\/tidy.co\/fr\/#website\",\"url\":\"https:\/\/tidy.co\/fr\/\",\"name\":\"Insight CV - Tidy.co\",\"description\":\"Pr\u00e9paration de CV et R\u00e9sum\u00e9\",\"potentialAction\":[{\"@type\":\"SearchAction\",\"target\":{\"@type\":\"EntryPoint\",\"urlTemplate\":\"https:\/\/tidy.co\/fr\/?s={search_term_string}\"},\"query-input\":{\"@type\":\"PropertyValueSpecification\",\"valueRequired\":true,\"valueName\":\"search_term_string\"}}],\"inLanguage\":\"fr-FR\"}]}<\/script>\n<!-- \/ Yoast SEO plugin. -->","yoast_head_json":{"title":"T\u00e9moignages - Insight CV - Tidy.co","robots":{"index":"index","follow":"follow","max-snippet":"max-snippet:-1","max-image-preview":"max-image-preview:large","max-video-preview":"max-video-preview:-1"},"canonical":"https:\/\/tidy.co\/fr\/temoignages\/","og_locale":"fr_FR","og_type":"article","og_title":"T\u00e9moignages - Insight CV - Tidy.co","og_description":"T\u00e9moignages \u00ab Comment impressionner les employeurs avec votre CV ? C\u2019est une bonne question que je me pose lorsque je commence \u00e0 r\u00e9diger un CV pour postuler \u00e0 un emploi. Je pense que le CV est devenu la premi\u00e8re exigence pour faire bonne impression aupr\u00e8s d\u2019un employeur potentiel. J\u2019ai donc d\u00e9cid\u00e9 de demander \u00e0 InsightCV [&hellip;]","og_url":"https:\/\/tidy.co\/fr\/temoignages\/","og_site_name":"Insight CV - Tidy.co","article_modified_time":"2024-09-02T03:24:02+00:00","twitter_card":"summary_large_image","twitter_misc":{"Dur\u00e9e de lecture estim\u00e9e":"3 minutes"},"schema":{"@context":"https:\/\/schema.org","@graph":[{"@type":"WebPage","@id":"https:\/\/tidy.co\/fr\/temoignages\/","url":"https:\/\/tidy.co\/fr\/temoignages\/","name":"T\u00e9moignages - Insight CV - Tidy.co","isPartOf":{"@id":"https:\/\/tidy.co\/fr\/#website"},"datePublished":"2024-07-31T03:44:01+00:00","dateModified":"2024-09-02T03:24:02+00:00","breadcrumb":{"@id":"https:\/\/tidy.co\/fr\/temoignages\/#breadcrumb"},"inLanguage":"fr-FR","potentialAction":[{"@type":"ReadAction","target":["https:\/\/tidy.co\/fr\/temoignages\/"]}]},{"@type":"BreadcrumbList","@id":"https:\/\/tidy.co\/fr\/temoignages\/#breadcrumb","itemListElement":[{"@type":"ListItem","position":1,"name":"Accueil","item":"https:\/\/tidy.co\/"},{"@type":"ListItem","position":2,"name":"T\u00e9moignages"}]},{"@type":"WebSite","@id":"https:\/\/tidy.co\/fr\/#website","url":"https:\/\/tidy.co\/fr\/","name":"Insight CV - Tidy.co","description":"Pr\u00e9paration de CV et R\u00e9sum\u00e9","potentialAction":[{"@type":"SearchAction","target":{"@type":"EntryPoint","urlTemplate":"https:\/\/tidy.co\/fr\/?s={search_term_string}"},"query-input":{"@type":"PropertyValueSpecification","valueRequired":true,"valueName":"search_term_string"}}],"inLanguage":"fr-FR"}]}},"_links":{"self":[{"href":"https:\/\/tidy.co\/fr\/wp-json\/wp\/v2\/pages\/29731","targetHints":{"allow":["GET"]}}],"collection":[{"href":"https:\/\/tidy.co\/fr\/wp-json\/wp\/v2\/pages"}],"about":[{"href":"https:\/\/tidy.co\/fr\/wp-json\/wp\/v2\/types\/page"}],"author":[{"embeddable":true,"href":"https:\/\/tidy.co\/fr\/wp-json\/wp\/v2\/users\/1"}],"replies":[{"embeddable":true,"href":"https:\/\/tidy.co\/fr\/wp-json\/wp\/v2\/comments?post=29731"}],"version-history":[{"count":0,"href":"https:\/\/tidy.co\/fr\/wp-json\/wp\/v2\/pages\/29731\/revisions"}],"wp:attachment":[{"href":"https:\/\/tidy.co\/fr\/wp-json\/wp\/v2\/media?parent=29731"}],"curies":[{"name":"wp","href":"https:\/\/api.w.org\/{rel}","templated":true}]}}