{"id":29715,"date":"2024-07-31T05:54:35","date_gmt":"2024-07-31T03:54:35","guid":{"rendered":"https:\/\/tidy.co\/le-cv-etonnant\/"},"modified":"2024-09-02T05:17:27","modified_gmt":"2024-09-02T03:17:27","slug":"le-cv-etonnant","status":"publish","type":"page","link":"https:\/\/tidy.co\/fr\/le-cv-etonnant\/","title":{"rendered":"Le CV \u00e9tonnant"},"content":{"rendered":"\t\t<div data-elementor-type=\"wp-page\" data-elementor-id=\"29715\" class=\"elementor elementor-29715\" data-elementor-post-type=\"page\">\n\t\t\t\t\t\t<section class=\"elementor-section elementor-top-section elementor-element elementor-element-f4881b6 row w-auto elementor-section-boxed elementor-section-height-default elementor-section-height-default\" data-id=\"f4881b6\" data-element_type=\"section\">\n\t\t\t\t\t\t<div class=\"elementor-container elementor-column-gap-extended\">\n\t\t\t\t\t<div class=\"elementor-column elementor-col-100 elementor-top-column elementor-element elementor-element-4087b2e\" data-id=\"4087b2e\" data-element_type=\"column\">\n\t\t\t<div class=\"elementor-widget-wrap elementor-element-populated\">\n\t\t\t\t\t\t<div class=\"elementor-element elementor-element-bea5301 elementor-widget elementor-widget-spacer\" data-id=\"bea5301\" data-element_type=\"widget\" data-settings=\"{&quot;vlt_animated_widget_animation&quot;:&quot;none&quot;}\" data-widget_type=\"spacer.default\">\n\t\t\t\t<div class=\"elementor-widget-container\">\n\t\t\t\t\t\t\t<div class=\"elementor-spacer\">\n\t\t\t<div class=\"elementor-spacer-inner\"><\/div>\n\t\t<\/div>\n\t\t\t\t\t\t<\/div>\n\t\t\t\t<\/div>\n\t\t\t\t<div class=\"vlt-animate-element elementor-element elementor-element-d440e45 elementor-widget elementor-widget-heading\" data-animation-name=\"mikael\" style=\" --animate-delay: 200ms;\" data-id=\"d440e45\" data-element_type=\"widget\" data-settings=\"{&quot;vlt_animated_widget_animation&quot;:&quot;mikael&quot;}\" data-widget_type=\"heading.default\">\n\t\t\t\t<div class=\"elementor-widget-container\">\n\t\t\t\t\t<h4 class=\"elementor-heading-title elementor-size-default\"><span class=\"has-first-color\">InsightCV<\/span><br>Votre service d'orientation professionnelle<\/h4>\t\t\t\t<\/div>\n\t\t\t\t<\/div>\n\t\t\t\t\t<\/div>\n\t\t<\/div>\n\t\t\t\t\t<\/div>\n\t\t<\/section>\n\t\t\t\t<section class=\"elementor-section elementor-top-section elementor-element elementor-element-437440c elementor-section-content-middle elementor-section-boxed elementor-section-height-default elementor-section-height-default\" data-id=\"437440c\" data-element_type=\"section\">\n\t\t\t\t\t\t<div class=\"elementor-container elementor-column-gap-extended\">\n\t\t\t\t\t<div class=\"elementor-column elementor-col-100 elementor-top-column elementor-element elementor-element-84e8454\" data-id=\"84e8454\" data-element_type=\"column\">\n\t\t\t<div class=\"elementor-widget-wrap elementor-element-populated\">\n\t\t\t\t\t\t<div class=\"elementor-element elementor-element-43244d0 elementor-widget-divider--view-line elementor-widget elementor-widget-divider\" data-id=\"43244d0\" data-element_type=\"widget\" data-settings=\"{&quot;vlt_animated_widget_animation&quot;:&quot;none&quot;}\" data-widget_type=\"divider.default\">\n\t\t\t\t<div class=\"elementor-widget-container\">\n\t\t\t\t\t\t\t<div class=\"elementor-divider\">\n\t\t\t<span class=\"elementor-divider-separator\">\n\t\t\t\t\t\t<\/span>\n\t\t<\/div>\n\t\t\t\t\t\t<\/div>\n\t\t\t\t<\/div>\n\t\t\t\t<div class=\"elementor-element elementor-element-7523ef6 elementor-widget elementor-widget-spacer\" data-id=\"7523ef6\" data-element_type=\"widget\" data-settings=\"{&quot;vlt_animated_widget_animation&quot;:&quot;none&quot;}\" data-widget_type=\"spacer.default\">\n\t\t\t\t<div class=\"elementor-widget-container\">\n\t\t\t\t\t\t\t<div class=\"elementor-spacer\">\n\t\t\t<div class=\"elementor-spacer-inner\"><\/div>\n\t\t<\/div>\n\t\t\t\t\t\t<\/div>\n\t\t\t\t<\/div>\n\t\t\t\t<div class=\"vlt-animate-element elementor-element elementor-element-e1b9f7a elementor-widget elementor-widget-heading\" data-animation-name=\"mikael\" style=\" --animate-delay: 200ms;\" data-id=\"e1b9f7a\" data-element_type=\"widget\" data-settings=\"{&quot;vlt_animated_widget_animation&quot;:&quot;mikael&quot;}\" data-widget_type=\"heading.default\">\n\t\t\t\t<div class=\"elementor-widget-container\">\n\t\t\t\t\t<h4 class=\"elementor-heading-title elementor-size-default\"><span class=\"has-first-color\">Pourquoi ai-je besoin d'un CV ?<\/h4>\t\t\t\t<\/div>\n\t\t\t\t<\/div>\n\t\t\t\t<div class=\"elementor-element elementor-element-4ba089b elementor-widget elementor-widget-spacer\" data-id=\"4ba089b\" data-element_type=\"widget\" data-settings=\"{&quot;vlt_animated_widget_animation&quot;:&quot;none&quot;}\" data-widget_type=\"spacer.default\">\n\t\t\t\t<div class=\"elementor-widget-container\">\n\t\t\t\t\t\t\t<div class=\"elementor-spacer\">\n\t\t\t<div class=\"elementor-spacer-inner\"><\/div>\n\t\t<\/div>\n\t\t\t\t\t\t<\/div>\n\t\t\t\t<\/div>\n\t\t\t\t<div class=\"vlt-animate-element elementor-element elementor-element-b6beac3 elementor-widget elementor-widget-text-editor\" data-animation-name=\"mikael\" style=\" --animate-delay: 200ms;\" data-id=\"b6beac3\" data-element_type=\"widget\" data-settings=\"{&quot;vlt_animated_widget_animation&quot;:&quot;mikael&quot;}\" data-widget_type=\"text-editor.default\">\n\t\t\t\t<div class=\"elementor-widget-container\">\n\t\t\t\t\t\t\t\t\t<p>De nombreuses personnes pensent qu&rsquo;un CV n&rsquo;est n\u00e9cessaire que pour la recherche d&rsquo;un emploi.<br \/>Mais le CV ajoute de la valeur \u00e0 votre d\u00e9veloppement de carri\u00e8re, m\u00eame si vous \u00eates satisfait de votre travail et que vous ne cherchez pas \u00e0 changer d&rsquo;entreprise ou d&rsquo;organisation.<\/p>\n\t\t\t\t\t\t\t\t<\/div>\n\t\t\t\t<\/div>\n\t\t\t\t\t<\/div>\n\t\t<\/div>\n\t\t\t\t\t<\/div>\n\t\t<\/section>\n\t\t\t\t<section class=\"elementor-section elementor-top-section elementor-element elementor-element-b984081 elementor-section-content-middle elementor-section-boxed elementor-section-height-default elementor-section-height-default elementor-invisible\" data-id=\"b984081\" data-element_type=\"section\" data-settings=\"{&quot;animation&quot;:&quot;slideInLeft&quot;,&quot;animation_delay&quot;:50}\">\n\t\t\t\t\t\t<div class=\"elementor-container elementor-column-gap-extended\">\n\t\t\t\t\t<div class=\"elementor-column elementor-col-100 elementor-top-column elementor-element elementor-element-a53b531\" data-id=\"a53b531\" data-element_type=\"column\">\n\t\t\t<div class=\"elementor-widget-wrap elementor-element-populated\">\n\t\t\t\t\t\t<div class=\"elementor-element elementor-element-9f5a430 elementor-widget elementor-widget-heading\" data-id=\"9f5a430\" data-element_type=\"widget\" data-settings=\"{&quot;vlt_animated_widget_animation&quot;:&quot;none&quot;}\" data-widget_type=\"heading.default\">\n\t\t\t\t<div class=\"elementor-widget-container\">\n\t\t\t\t\t<h3 class=\"elementor-heading-title elementor-size-default\"><span class=\"has-first-color\">1.<\/span> Ai-je vraiment besoin d'un CV ?<\/h3>\t\t\t\t<\/div>\n\t\t\t\t<\/div>\n\t\t\t\t<div class=\"vlt-animate-element elementor-element elementor-element-13faf85 elementor-widget elementor-widget-text-editor\" data-animation-name=\"mikael\" style=\" --animate-delay: 200ms;\" data-id=\"13faf85\" data-element_type=\"widget\" data-settings=\"{&quot;vlt_animated_widget_animation&quot;:&quot;mikael&quot;}\" data-widget_type=\"text-editor.default\">\n\t\t\t\t<div class=\"elementor-widget-container\">\n\t\t\t\t\t\t\t\t\t<p>Votre CV, abr\u00e9viation de Curriculum Vitae, qui signifie en anglais \u00ab\u00a0course of life\u00a0\u00bb, est votre r\u00e9cit personnel de l&rsquo;\u00e9volution de votre carri\u00e8re jusqu&rsquo;\u00e0 aujourd&rsquo;hui.<\/p>\n<p>Il d\u00e9crit votre formation, vos ant\u00e9c\u00e9dents professionnels et vos r\u00e9alisations, y compris les articles, rapports et livres publi\u00e9s, et met en \u00e9vidence l&rsquo;accomplissement de t\u00e2ches professionnelles importantes.<\/p>\n\t\t\t\t\t\t\t\t<\/div>\n\t\t\t\t<\/div>\n\t\t\t\t<div class=\"elementor-element elementor-element-11f2413 elementor-widget elementor-widget-heading\" data-id=\"11f2413\" data-element_type=\"widget\" data-settings=\"{&quot;vlt_animated_widget_animation&quot;:&quot;none&quot;}\" data-widget_type=\"heading.default\">\n\t\t\t\t<div class=\"elementor-widget-container\">\n\t\t\t\t\t<h3 class=\"elementor-heading-title elementor-size-default\"><span class=\"has-first-color\">2.<\/span> Le CV et la description du poste  <\/h3>\t\t\t\t<\/div>\n\t\t\t\t<\/div>\n\t\t\t\t<div class=\"vlt-animate-element elementor-element elementor-element-a2b3e34 elementor-widget elementor-widget-text-editor\" data-animation-name=\"mikael\" style=\" --animate-delay: 200ms;\" data-id=\"a2b3e34\" data-element_type=\"widget\" data-settings=\"{&quot;vlt_animated_widget_animation&quot;:&quot;mikael&quot;}\" data-widget_type=\"text-editor.default\">\n\t\t\t\t<div class=\"elementor-widget-container\">\n\t\t\t\t\t\t\t\t\t<p>Votre CV<strong> <\/strong>est diff\u00e9rent d&rsquo;une s\u00e9rie de descriptions de postes, car le CV met l&rsquo;accent sur la <strong>mani\u00e8re dont<\/strong> vous avez accompli les t\u00e2ches qui vous ont \u00e9t\u00e9 confi\u00e9es.<\/p>\n<p>Les points suivants sont particuli\u00e8rement importants :<br> a. comment avez-vous identifi\u00e9 les questions cl\u00e9s<br> b. comment les avez-vous analys\u00e9es<br> c. comment avez-vous utilis\u00e9 votre exp\u00e9rience, vos comp\u00e9tences et les ressources \u00e0 votre disposition pour faire face aux probl\u00e8mes les plus difficiles et les r\u00e9soudre<br> d. Comment avez-vous quantifi\u00e9 les avantages de votre travail en termes statistiques ?<\/p>\n<p>Les t\u00e2ches qui vous ont \u00e9t\u00e9 confi\u00e9es peuvent faire partie d&rsquo;un projet plus vaste et, dans ce cas, vous devez indiquer comment l&rsquo;accomplissement des t\u00e2ches qui vous ont \u00e9t\u00e9 confi\u00e9es a contribu\u00e9 \u00e0 la r\u00e9ussite du projet plus vaste.<\/p>\t\t\t\t\t\t\t\t<\/div>\n\t\t\t\t<\/div>\n\t\t\t\t<div class=\"elementor-element elementor-element-87c01c6 elementor-widget elementor-widget-heading\" data-id=\"87c01c6\" data-element_type=\"widget\" data-settings=\"{&quot;vlt_animated_widget_animation&quot;:&quot;none&quot;}\" data-widget_type=\"heading.default\">\n\t\t\t\t<div class=\"elementor-widget-container\">\n\t\t\t\t\t<h3 class=\"elementor-heading-title elementor-size-default\"><span class=\"has-first-color\">3.<\/span> La valeur du CV dans le d\u00e9veloppement de carri\u00e8re<\/h3>\t\t\t\t<\/div>\n\t\t\t\t<\/div>\n\t\t\t\t<div class=\"vlt-animate-element elementor-element elementor-element-6c8c3e9 elementor-widget elementor-widget-text-editor\" data-animation-name=\"mikael\" style=\" --animate-delay: 200ms;\" data-id=\"6c8c3e9\" data-element_type=\"widget\" data-settings=\"{&quot;vlt_animated_widget_animation&quot;:&quot;mikael&quot;}\" data-widget_type=\"text-editor.default\">\n\t\t\t\t<div class=\"elementor-widget-container\">\n\t\t\t\t\t\t\t\t\t<p>L&rsquo;un des principaux avantages de votre CV est la valeur qu&rsquo;il peut apporter \u00e0 votre \u00e9valuation semestrielle ou annuelle des performances.<\/p>\n<p>Votre CV doit permettre d&rsquo;axer l&rsquo;\u00e9valuation des performances sur vos points forts, notamment votre cr\u00e9ativit\u00e9 et votre capacit\u00e9 \u00e0 r\u00e9soudre des probl\u00e8mes, ainsi que sur vos comp\u00e9tences non techniques, telles que les aptitudes sociales, l&#8217;empathie et l&rsquo;int\u00e9grit\u00e9.<\/p>\n<p>Cela devrait vous permettre de discuter de la mani\u00e8re dont vous avez contribu\u00e9 au succ\u00e8s de votre groupe et de votre entreprise\/organisation. En outre, vous devez \u00eatre en mesure d&rsquo;exprimer ce que vous avez fait de votre propre initiative pour d\u00e9velopper de nouvelles comp\u00e9tences. Ensuite, vous devez \u00eatre en mesure d&rsquo;exprimer ce que vous pensez \u00eatre utile en termes de formation et de d\u00e9veloppement professionnel futurs au sein de l&rsquo;entreprise, ce qui pourrait conduire \u00e0 une promotion future ou \u00e0 une \u00e9volution de carri\u00e8re au sein de l&rsquo;entreprise.<\/p>\n<p>Tous les patrons ne trouvent pas faciles les discussions sur l&rsquo;\u00e9valuation des performances du personnel, m\u00eame lorsque l&rsquo;\u00e9valuation a \u00e9t\u00e9 structur\u00e9e par le service des ressources humaines en termes de formulaires et de questions. Le fait d&rsquo;apporter vos r\u00e9alisations personnelles \u00e0 la r\u00e9union d&rsquo;\u00e9valuation peut aider votre patron dans sa t\u00e2che et, par cons\u00e9quent, contribuer \u00e0 garantir un r\u00e9sultat que vous estimez juste et raisonnable.<\/p>\n\t\t\t\t\t\t\t\t<\/div>\n\t\t\t\t<\/div>\n\t\t\t\t<div class=\"elementor-element elementor-element-0397f5d elementor-widget elementor-widget-heading\" data-id=\"0397f5d\" data-element_type=\"widget\" data-settings=\"{&quot;vlt_animated_widget_animation&quot;:&quot;none&quot;}\" data-widget_type=\"heading.default\">\n\t\t\t\t<div class=\"elementor-widget-container\">\n\t\t\t\t\t<h3 class=\"elementor-heading-title elementor-size-default\"><span class=\"has-first-color\">4.<\/span> La valeur du CV pour faire face aux circonstances pr\u00e9vues et impr\u00e9vues<\/h3>\t\t\t\t<\/div>\n\t\t\t\t<\/div>\n\t\t\t\t<div class=\"vlt-animate-element elementor-element elementor-element-6521c01 elementor-widget elementor-widget-text-editor\" data-animation-name=\"mikael\" style=\" --animate-delay: 200ms;\" data-id=\"6521c01\" data-element_type=\"widget\" data-settings=\"{&quot;vlt_animated_widget_animation&quot;:&quot;mikael&quot;}\" data-widget_type=\"text-editor.default\">\n\t\t\t\t<div class=\"elementor-widget-container\">\n\t\t\t\t\t\t\t\t\t<p>Dans un contexte \u00e9conomique mondial en constante \u00e9volution, la s\u00e9curit\u00e9 de l&#8217;emploi n&rsquo;est plus la m\u00eame que par le pass\u00e9. Alors que de nombreuses industries et disciplines professionnelles se d\u00e9veloppent et cr\u00e9ent de nouvelles opportunit\u00e9s d&#8217;emploi, d&rsquo;autres peuvent se stabiliser ou m\u00eame se contracter.<\/p>\n<p>Certaines entreprises tr\u00e8s performantes ont commenc\u00e9 \u00e0 revoir et \u00e0 r\u00e9duire leurs effectifs. En outre, les entreprises traditionnelles et familiales qui fonctionnent avec succ\u00e8s depuis des d\u00e9cennies peuvent \u00e9galement \u00eatre touch\u00e9es. Cela peut \u00eatre d\u00fb \u00e0 de nombreuses raisons, mais l&rsquo;une d&rsquo;entre elles, qui fait de plus en plus parler d&rsquo;elle, est l&rsquo;adoption de l&rsquo;intelligence artificielle (IA).<\/p>\n<p>Les salari\u00e9s de tous niveaux et de tous \u00e2ges peuvent \u00eatre concern\u00e9s par ces changements. Toutefois, la r\u00e9duction des effectifs peut \u00eatre plus d\u00e9vastatrice ou g\u00eanante pour les travailleurs d&rsquo;un certain \u00e2ge, en particulier pour ceux qui sont rest\u00e9s chez le m\u00eame employeur pendant des d\u00e9cennies en pensant que leur emploi serait assur\u00e9 jusqu&rsquo;\u00e0 ce qu&rsquo;ils atteignent l&rsquo;\u00e2ge de la retraite. S&rsquo;ils sont confront\u00e9s \u00e0 un licenciement soudain et \u00e0 la n\u00e9cessit\u00e9 de chercher un nouvel emploi, le processus de recherche d&#8217;emploi peut \u00eatre particuli\u00e8rement d\u00e9courageant.<\/p>\n<p>La discipline consistant \u00e0 tenir un CV \u00e0 jour les aidera \u00e0 identifier les avantages qu&rsquo;ils ont produits, ce qui leur permettra de cr\u00e9er un CV illustrant de v\u00e9ritables r\u00e9alisations et la mise en \u0153uvre de connaissances et de comp\u00e9tences qui seront n\u00e9cessaires s&rsquo;ils se retrouvent inopin\u00e9ment au ch\u00f4mage.<\/p>\n\t\t\t\t\t\t\t\t<\/div>\n\t\t\t\t<\/div>\n\t\t\t\t<div class=\"elementor-element elementor-element-f386c12 elementor-widget elementor-widget-heading\" data-id=\"f386c12\" data-element_type=\"widget\" data-settings=\"{&quot;vlt_animated_widget_animation&quot;:&quot;none&quot;}\" data-widget_type=\"heading.default\">\n\t\t\t\t<div class=\"elementor-widget-container\">\n\t\t\t\t\t<h3 class=\"elementor-heading-title elementor-size-default\"><span class=\"has-first-color\">5.<\/span> Les avantages<\/h3>\t\t\t\t<\/div>\n\t\t\t\t<\/div>\n\t\t\t\t<div class=\"elementor-element elementor-element-3de37d5 elementor-widget elementor-widget-spacer\" data-id=\"3de37d5\" data-element_type=\"widget\" data-settings=\"{&quot;vlt_animated_widget_animation&quot;:&quot;none&quot;}\" data-widget_type=\"spacer.default\">\n\t\t\t\t<div class=\"elementor-widget-container\">\n\t\t\t\t\t\t\t<div class=\"elementor-spacer\">\n\t\t\t<div class=\"elementor-spacer-inner\"><\/div>\n\t\t<\/div>\n\t\t\t\t\t\t<\/div>\n\t\t\t\t<\/div>\n\t\t\t\t<div class=\"vlt-animate-element elementor-element elementor-element-c138941 elementor-widget elementor-widget-text-editor\" data-animation-name=\"mikael\" style=\" --animate-delay: 200ms;\" data-id=\"c138941\" data-element_type=\"widget\" data-settings=\"{&quot;vlt_animated_widget_animation&quot;:&quot;mikael&quot;}\" data-widget_type=\"text-editor.default\">\n\t\t\t\t<div class=\"elementor-widget-container\">\n\t\t\t\t\t\t\t\t\t<p>Une fois que vous aurez commenc\u00e9 \u00e0 pr\u00e9parer votre CV, vous en verrez les avantages et vous r\u00e9aliserez que votre auto-analyse et votre auto-\u00e9valuation cr\u00e9ent un marketing personnel de vos comp\u00e9tences et de vos capacit\u00e9s.<\/p>\n<p>Comprendre vos r\u00e9alisations peut vous aider \u00e0 accro\u00eetre votre satisfaction personnelle, votre \u00e9panouissement et votre bonheur, pendant que vous travaillez.  <\/p>\n<p>C&rsquo;est pourquoi nous vous recommandons de conserver un CV m\u00eame si vous \u00eates satisfait de votre travail et de votre employeur actuel.<\/p>\n\t\t\t\t\t\t\t\t<\/div>\n\t\t\t\t<\/div>\n\t\t\t\t<div class=\"elementor-element elementor-element-ad0ff8a elementor-widget elementor-widget-spacer\" data-id=\"ad0ff8a\" data-element_type=\"widget\" data-settings=\"{&quot;vlt_animated_widget_animation&quot;:&quot;none&quot;}\" data-widget_type=\"spacer.default\">\n\t\t\t\t<div class=\"elementor-widget-container\">\n\t\t\t\t\t\t\t<div class=\"elementor-spacer\">\n\t\t\t<div class=\"elementor-spacer-inner\"><\/div>\n\t\t<\/div>\n\t\t\t\t\t\t<\/div>\n\t\t\t\t<\/div>\n\t\t\t\t\t<\/div>\n\t\t<\/div>\n\t\t\t\t\t<\/div>\n\t\t<\/section>\n\t\t<div class=\"elementor-element elementor-element-cb5a247 e-flex e-con-boxed e-con e-parent\" data-id=\"cb5a247\" data-element_type=\"container\">\n\t\t\t\t\t<div class=\"e-con-inner\">\n\t\t\t\t<div class=\"elementor-element elementor-element-275a755 elementor-widget elementor-widget-vlt-button\" data-id=\"275a755\" data-element_type=\"widget\" data-settings=\"{&quot;_animation_mobile&quot;:&quot;slideInUp&quot;,&quot;vlt_animated_widget_animation&quot;:&quot;none&quot;}\" data-widget_type=\"vlt-button.default\">\n\t\t\t\t<div class=\"elementor-widget-container\">\n\t\t\t\t\t\n\t\t<a class=\"vlt-btn vlt-btn--md vlt-btn--primary\" role=\"button\" href=\"\/contact\" target=\"_blank\">\n\n\t\t\t\n\t\t\t<span class=\"vlt-btn__text\">CONTACT ME<\/span>\n\n\t\t\t\n\t\t<\/a>\n\n\t\t\t\t\t\t<\/div>\n\t\t\t\t<\/div>\n\t\t\t\t\t<\/div>\n\t\t\t\t<\/div>\n\t\t\t\t<\/div>\n\t\t","protected":false},"excerpt":{"rendered":"<p>InsightCVVotre service d&rsquo;orientation professionnelle Pourquoi ai-je besoin d&rsquo;un CV ? De nombreuses personnes pensent qu&rsquo;un CV n&rsquo;est n\u00e9cessaire que pour la recherche d&rsquo;un emploi.Mais le CV ajoute de la valeur \u00e0 votre d\u00e9veloppement de carri\u00e8re, m\u00eame si vous \u00eates satisfait de votre travail et que vous ne cherchez pas \u00e0 changer d&rsquo;entreprise ou d&rsquo;organisation. 1. [&hellip;]<\/p>\n","protected":false},"author":1,"featured_media":0,"parent":0,"menu_order":0,"comment_status":"closed","ping_status":"closed","template":"","meta":{"_acf_changed":false,"footnotes":""},"class_list":["post-29715","page","type-page","status-publish","hentry"],"acf":[],"yoast_head":"<!-- This site is optimized with the Yoast SEO plugin v25.3.1 - https:\/\/yoast.com\/wordpress\/plugins\/seo\/ -->\n<title>Le CV \u00e9tonnant - Insight CV - Tidy.co<\/title>\n<meta name=\"robots\" content=\"index, follow, max-snippet:-1, max-image-preview:large, max-video-preview:-1\" \/>\n<link rel=\"canonical\" href=\"https:\/\/tidy.co\/fr\/le-cv-etonnant\/\" \/>\n<meta property=\"og:locale\" content=\"fr_FR\" \/>\n<meta property=\"og:type\" content=\"article\" \/>\n<meta property=\"og:title\" content=\"Le CV \u00e9tonnant - Insight CV - Tidy.co\" \/>\n<meta property=\"og:description\" content=\"InsightCVVotre service d&rsquo;orientation professionnelle Pourquoi ai-je besoin d&rsquo;un CV ? De nombreuses personnes pensent qu&rsquo;un CV n&rsquo;est n\u00e9cessaire que pour la recherche d&rsquo;un emploi.Mais le CV ajoute de la valeur \u00e0 votre d\u00e9veloppement de carri\u00e8re, m\u00eame si vous \u00eates satisfait de votre travail et que vous ne cherchez pas \u00e0 changer d&rsquo;entreprise ou d&rsquo;organisation. 1. [&hellip;]\" \/>\n<meta property=\"og:url\" content=\"https:\/\/tidy.co\/fr\/le-cv-etonnant\/\" \/>\n<meta property=\"og:site_name\" content=\"Insight CV - Tidy.co\" \/>\n<meta property=\"article:modified_time\" content=\"2024-09-02T03:17:27+00:00\" \/>\n<meta name=\"twitter:card\" content=\"summary_large_image\" \/>\n<meta name=\"twitter:label1\" content=\"Dur\u00e9e de lecture estim\u00e9e\" \/>\n\t<meta name=\"twitter:data1\" content=\"5 minutes\" \/>\n<script type=\"application\/ld+json\" class=\"yoast-schema-graph\">{\"@context\":\"https:\/\/schema.org\",\"@graph\":[{\"@type\":\"WebPage\",\"@id\":\"https:\/\/tidy.co\/fr\/le-cv-etonnant\/\",\"url\":\"https:\/\/tidy.co\/fr\/le-cv-etonnant\/\",\"name\":\"Le CV \u00e9tonnant - Insight CV - Tidy.co\",\"isPartOf\":{\"@id\":\"https:\/\/tidy.co\/fr\/#website\"},\"datePublished\":\"2024-07-31T03:54:35+00:00\",\"dateModified\":\"2024-09-02T03:17:27+00:00\",\"breadcrumb\":{\"@id\":\"https:\/\/tidy.co\/fr\/le-cv-etonnant\/#breadcrumb\"},\"inLanguage\":\"fr-FR\",\"potentialAction\":[{\"@type\":\"ReadAction\",\"target\":[\"https:\/\/tidy.co\/fr\/le-cv-etonnant\/\"]}]},{\"@type\":\"BreadcrumbList\",\"@id\":\"https:\/\/tidy.co\/fr\/le-cv-etonnant\/#breadcrumb\",\"itemListElement\":[{\"@type\":\"ListItem\",\"position\":1,\"name\":\"Accueil\",\"item\":\"https:\/\/tidy.co\/\"},{\"@type\":\"ListItem\",\"position\":2,\"name\":\"Le CV \u00e9tonnant\"}]},{\"@type\":\"WebSite\",\"@id\":\"https:\/\/tidy.co\/fr\/#website\",\"url\":\"https:\/\/tidy.co\/fr\/\",\"name\":\"Insight CV - Tidy.co\",\"description\":\"Pr\u00e9paration de CV et R\u00e9sum\u00e9\",\"potentialAction\":[{\"@type\":\"SearchAction\",\"target\":{\"@type\":\"EntryPoint\",\"urlTemplate\":\"https:\/\/tidy.co\/fr\/?s={search_term_string}\"},\"query-input\":{\"@type\":\"PropertyValueSpecification\",\"valueRequired\":true,\"valueName\":\"search_term_string\"}}],\"inLanguage\":\"fr-FR\"}]}<\/script>\n<!-- \/ Yoast SEO plugin. -->","yoast_head_json":{"title":"Le CV \u00e9tonnant - Insight CV - Tidy.co","robots":{"index":"index","follow":"follow","max-snippet":"max-snippet:-1","max-image-preview":"max-image-preview:large","max-video-preview":"max-video-preview:-1"},"canonical":"https:\/\/tidy.co\/fr\/le-cv-etonnant\/","og_locale":"fr_FR","og_type":"article","og_title":"Le CV \u00e9tonnant - Insight CV - Tidy.co","og_description":"InsightCVVotre service d&rsquo;orientation professionnelle Pourquoi ai-je besoin d&rsquo;un CV ? De nombreuses personnes pensent qu&rsquo;un CV n&rsquo;est n\u00e9cessaire que pour la recherche d&rsquo;un emploi.Mais le CV ajoute de la valeur \u00e0 votre d\u00e9veloppement de carri\u00e8re, m\u00eame si vous \u00eates satisfait de votre travail et que vous ne cherchez pas \u00e0 changer d&rsquo;entreprise ou d&rsquo;organisation. 1. [&hellip;]","og_url":"https:\/\/tidy.co\/fr\/le-cv-etonnant\/","og_site_name":"Insight CV - Tidy.co","article_modified_time":"2024-09-02T03:17:27+00:00","twitter_card":"summary_large_image","twitter_misc":{"Dur\u00e9e de lecture estim\u00e9e":"5 minutes"},"schema":{"@context":"https:\/\/schema.org","@graph":[{"@type":"WebPage","@id":"https:\/\/tidy.co\/fr\/le-cv-etonnant\/","url":"https:\/\/tidy.co\/fr\/le-cv-etonnant\/","name":"Le CV \u00e9tonnant - Insight CV - Tidy.co","isPartOf":{"@id":"https:\/\/tidy.co\/fr\/#website"},"datePublished":"2024-07-31T03:54:35+00:00","dateModified":"2024-09-02T03:17:27+00:00","breadcrumb":{"@id":"https:\/\/tidy.co\/fr\/le-cv-etonnant\/#breadcrumb"},"inLanguage":"fr-FR","potentialAction":[{"@type":"ReadAction","target":["https:\/\/tidy.co\/fr\/le-cv-etonnant\/"]}]},{"@type":"BreadcrumbList","@id":"https:\/\/tidy.co\/fr\/le-cv-etonnant\/#breadcrumb","itemListElement":[{"@type":"ListItem","position":1,"name":"Accueil","item":"https:\/\/tidy.co\/"},{"@type":"ListItem","position":2,"name":"Le CV \u00e9tonnant"}]},{"@type":"WebSite","@id":"https:\/\/tidy.co\/fr\/#website","url":"https:\/\/tidy.co\/fr\/","name":"Insight CV - Tidy.co","description":"Pr\u00e9paration de CV et R\u00e9sum\u00e9","potentialAction":[{"@type":"SearchAction","target":{"@type":"EntryPoint","urlTemplate":"https:\/\/tidy.co\/fr\/?s={search_term_string}"},"query-input":{"@type":"PropertyValueSpecification","valueRequired":true,"valueName":"search_term_string"}}],"inLanguage":"fr-FR"}]}},"_links":{"self":[{"href":"https:\/\/tidy.co\/fr\/wp-json\/wp\/v2\/pages\/29715","targetHints":{"allow":["GET"]}}],"collection":[{"href":"https:\/\/tidy.co\/fr\/wp-json\/wp\/v2\/pages"}],"about":[{"href":"https:\/\/tidy.co\/fr\/wp-json\/wp\/v2\/types\/page"}],"author":[{"embeddable":true,"href":"https:\/\/tidy.co\/fr\/wp-json\/wp\/v2\/users\/1"}],"replies":[{"embeddable":true,"href":"https:\/\/tidy.co\/fr\/wp-json\/wp\/v2\/comments?post=29715"}],"version-history":[{"count":0,"href":"https:\/\/tidy.co\/fr\/wp-json\/wp\/v2\/pages\/29715\/revisions"}],"wp:attachment":[{"href":"https:\/\/tidy.co\/fr\/wp-json\/wp\/v2\/media?parent=29715"}],"curies":[{"name":"wp","href":"https:\/\/api.w.org\/{rel}","templated":true}]}}