{"id":29712,"date":"2024-07-31T05:37:15","date_gmt":"2024-07-31T03:37:15","guid":{"rendered":"https:\/\/tidy.co\/le-cours\/"},"modified":"2024-09-02T05:16:58","modified_gmt":"2024-09-02T03:16:58","slug":"le-cours","status":"publish","type":"page","link":"https:\/\/tidy.co\/fr\/le-cours\/","title":{"rendered":"Le cours"},"content":{"rendered":"\t\t<div data-elementor-type=\"wp-page\" data-elementor-id=\"29712\" class=\"elementor elementor-29712\" data-elementor-post-type=\"page\">\n\t\t\t\t\t\t<section class=\"elementor-section elementor-top-section elementor-element elementor-element-a87bb40 elementor-section-boxed elementor-section-height-default elementor-section-height-default\" data-id=\"a87bb40\" data-element_type=\"section\">\n\t\t\t\t\t\t<div class=\"elementor-container elementor-column-gap-extended\">\n\t\t\t\t\t<div class=\"elementor-column elementor-col-100 elementor-top-column elementor-element elementor-element-68f6df8\" data-id=\"68f6df8\" data-element_type=\"column\">\n\t\t\t<div class=\"elementor-widget-wrap elementor-element-populated\">\n\t\t\t\t\t\t<section class=\"elementor-section elementor-inner-section elementor-element elementor-element-e120824 row w-auto elementor-section-boxed elementor-section-height-default elementor-section-height-default\" data-id=\"e120824\" data-element_type=\"section\">\n\t\t\t\t\t\t<div class=\"elementor-container elementor-column-gap-extended\">\n\t\t\t\t\t<div class=\"elementor-column elementor-col-33 elementor-inner-column elementor-element elementor-element-83b7c01 elementor-invisible\" data-id=\"83b7c01\" data-element_type=\"column\" data-settings=\"{&quot;animation&quot;:&quot;slideInLeft&quot;}\">\n\t\t\t<div class=\"elementor-widget-wrap elementor-element-populated\">\n\t\t\t\t\t\t<div class=\"elementor-element elementor-element-2fc3d49 elementor-widget elementor-widget-heading\" data-id=\"2fc3d49\" data-element_type=\"widget\" data-settings=\"{&quot;vlt_animated_widget_animation&quot;:&quot;none&quot;}\" data-widget_type=\"heading.default\">\n\t\t\t\t<div class=\"elementor-widget-container\">\n\t\t\t\t\t<h3 class=\"elementor-heading-title elementor-size-default\"><span class=\"has-first-color\">1.<\/span> Bienvenue sur le site<\/h3>\t\t\t\t<\/div>\n\t\t\t\t<\/div>\n\t\t\t\t<div class=\"elementor-element elementor-element-1b2ea96 elementor-widget elementor-widget-text-editor\" data-id=\"1b2ea96\" data-element_type=\"widget\" data-settings=\"{&quot;vlt_animated_widget_animation&quot;:&quot;none&quot;}\" data-widget_type=\"text-editor.default\">\n\t\t\t\t<div class=\"elementor-widget-container\">\n\t\t\t\t\t\t\t\t\t<p>Pr\u00e9sentation des animateurs du cours, Dr Arthur Morse et Mme Suparat Sukpradit. Ils ont une grande exp\u00e9rience de la gestion d&rsquo;entreprises et de projets en Asie, en Europe, au Moyen-Orient et en Australie. Ils s&rsquo;engagent \u00e0 aider les jeunes professionnels \u00e0 \u00eatre heureux et \u00e0 r\u00e9ussir dans la carri\u00e8re qu&rsquo;ils ont choisie.<\/p>\t\t\t\t\t\t\t\t<\/div>\n\t\t\t\t<\/div>\n\t\t\t\t\t<\/div>\n\t\t<\/div>\n\t\t\t\t<div class=\"elementor-column elementor-col-33 elementor-inner-column elementor-element elementor-element-d71fdfc elementor-invisible\" data-id=\"d71fdfc\" data-element_type=\"column\" data-settings=\"{&quot;animation&quot;:&quot;slideInLeft&quot;}\">\n\t\t\t<div class=\"elementor-widget-wrap elementor-element-populated\">\n\t\t\t\t\t\t<div class=\"elementor-element elementor-element-38e519e elementor-widget elementor-widget-heading\" data-id=\"38e519e\" data-element_type=\"widget\" data-settings=\"{&quot;vlt_animated_widget_animation&quot;:&quot;none&quot;}\" data-widget_type=\"heading.default\">\n\t\t\t\t<div class=\"elementor-widget-container\">\n\t\t\t\t\t<h3 class=\"elementor-heading-title elementor-size-default\"><span class=\"has-first-color\">2.<\/span> Introduction au cours  <\/h3>\t\t\t\t<\/div>\n\t\t\t\t<\/div>\n\t\t\t\t<div class=\"elementor-element elementor-element-ad74548 elementor-widget elementor-widget-text-editor\" data-id=\"ad74548\" data-element_type=\"widget\" data-settings=\"{&quot;vlt_animated_widget_animation&quot;:&quot;none&quot;}\" data-widget_type=\"text-editor.default\">\n\t\t\t\t<div class=\"elementor-widget-container\">\n\t\t\t\t\t\t\t\t\t<p>Le processus de s\u00e9lection en r\u00e9f\u00e9rence aux techniques utilis\u00e9es par les d\u00e9partements des ressources humaines et les responsables du recrutement dans les administrations et les grandes entreprises\u00a0\u00bb.<\/p>\n\t\t\t\t\t\t\t\t<\/div>\n\t\t\t\t<\/div>\n\t\t\t\t\t<\/div>\n\t\t<\/div>\n\t\t\t\t<div class=\"elementor-column elementor-col-33 elementor-inner-column elementor-element elementor-element-edd702f elementor-invisible\" data-id=\"edd702f\" data-element_type=\"column\" data-settings=\"{&quot;animation&quot;:&quot;slideInLeft&quot;}\">\n\t\t\t<div class=\"elementor-widget-wrap elementor-element-populated\">\n\t\t\t\t\t\t<div class=\"elementor-element elementor-element-980ef1b elementor-widget elementor-widget-heading\" data-id=\"980ef1b\" data-element_type=\"widget\" data-settings=\"{&quot;vlt_animated_widget_animation&quot;:&quot;none&quot;}\" data-widget_type=\"heading.default\">\n\t\t\t\t<div class=\"elementor-widget-container\">\n\t\t\t\t\t<h3 class=\"elementor-heading-title elementor-size-default\"><span class=\"has-first-color\">3.<\/span> Pr\u00e9paration fondamentale  <\/h3>\t\t\t\t<\/div>\n\t\t\t\t<\/div>\n\t\t\t\t<div class=\"elementor-element elementor-element-a5aa77a elementor-widget elementor-widget-text-editor\" data-id=\"a5aa77a\" data-element_type=\"widget\" data-settings=\"{&quot;vlt_animated_widget_animation&quot;:&quot;none&quot;}\" data-widget_type=\"text-editor.default\">\n\t\t\t\t<div class=\"elementor-widget-container\">\n\t\t\t\t\t\t\t\t\t<p>Le processus d&rsquo;entretien en r\u00e9f\u00e9rence aux techniques utilis\u00e9es par les d\u00e9partements des ressources humaines et les responsables du recrutement dans les administrations et les grandes entreprises, ainsi que l&rsquo;identification des comp\u00e9tences sp\u00e9cifiques recherch\u00e9es par les personnes tr\u00e8s performantes lors du recrutement et de la s\u00e9lection de leurs \u00e9quipes.<\/p>\n\t\t\t\t\t\t\t\t<\/div>\n\t\t\t\t<\/div>\n\t\t\t\t\t<\/div>\n\t\t<\/div>\n\t\t\t\t\t<\/div>\n\t\t<\/section>\n\t\t\t\t<section class=\"elementor-section elementor-inner-section elementor-element elementor-element-a35d553 row w-auto elementor-section-boxed elementor-section-height-default elementor-section-height-default\" data-id=\"a35d553\" data-element_type=\"section\">\n\t\t\t\t\t\t<div class=\"elementor-container elementor-column-gap-extended\">\n\t\t\t\t\t<div class=\"elementor-column elementor-col-33 elementor-inner-column elementor-element elementor-element-86340b0 elementor-invisible\" data-id=\"86340b0\" data-element_type=\"column\" data-settings=\"{&quot;animation&quot;:&quot;slideInLeft&quot;}\">\n\t\t\t<div class=\"elementor-widget-wrap elementor-element-populated\">\n\t\t\t\t\t\t<div class=\"elementor-element elementor-element-6653408 elementor-widget elementor-widget-heading\" data-id=\"6653408\" data-element_type=\"widget\" data-settings=\"{&quot;vlt_animated_widget_animation&quot;:&quot;none&quot;}\" data-widget_type=\"heading.default\">\n\t\t\t\t<div class=\"elementor-widget-container\">\n\t\t\t\t\t<h3 class=\"elementor-heading-title elementor-size-default\"><span class=\"has-first-color\">4.<\/span> Pr\u00e9paration des documents  <\/h3>\t\t\t\t<\/div>\n\t\t\t\t<\/div>\n\t\t\t\t<div class=\"elementor-element elementor-element-f1eb5e2 elementor-widget elementor-widget-text-editor\" data-id=\"f1eb5e2\" data-element_type=\"widget\" data-settings=\"{&quot;vlt_animated_widget_animation&quot;:&quot;none&quot;}\" data-widget_type=\"text-editor.default\">\n\t\t\t\t<div class=\"elementor-widget-container\">\n\t\t\t\t\t\t\t\t\t<p>Le CV et la lettre de motivation . Comment choisir des emplois \u00e0 temps partiel et des activit\u00e9s extrascolaires pour acqu\u00e9rir de l&rsquo;exp\u00e9rience et montrer \u00e0 eux-m\u00eames et aux autres ce qu&rsquo;ils pr\u00e9f\u00e8rent et ce qu&rsquo;ils peuvent faire de mieux. Explication de la mani\u00e8re de cr\u00e9er un CV illustrant la formation, les ant\u00e9c\u00e9dents professionnels et les r\u00e9alisations.<\/p>\n\t\t\t\t\t\t\t\t<\/div>\n\t\t\t\t<\/div>\n\t\t\t\t\t<\/div>\n\t\t<\/div>\n\t\t\t\t<div class=\"elementor-column elementor-col-33 elementor-inner-column elementor-element elementor-element-a067c66 elementor-invisible\" data-id=\"a067c66\" data-element_type=\"column\" data-settings=\"{&quot;animation&quot;:&quot;slideInLeft&quot;}\">\n\t\t\t<div class=\"elementor-widget-wrap elementor-element-populated\">\n\t\t\t\t\t\t<div class=\"elementor-element elementor-element-68fdd67 elementor-widget elementor-widget-heading\" data-id=\"68fdd67\" data-element_type=\"widget\" data-settings=\"{&quot;vlt_animated_widget_animation&quot;:&quot;none&quot;}\" data-widget_type=\"heading.default\">\n\t\t\t\t<div class=\"elementor-widget-container\">\n\t\t\t\t\t<h3 class=\"elementor-heading-title elementor-size-default\"><span class=\"has-first-color\">5.<\/span> Le curriculum vitae  <\/h3>\t\t\t\t<\/div>\n\t\t\t\t<\/div>\n\t\t\t\t<div class=\"elementor-element elementor-element-3ccce9e elementor-widget elementor-widget-text-editor\" data-id=\"3ccce9e\" data-element_type=\"widget\" data-settings=\"{&quot;vlt_animated_widget_animation&quot;:&quot;none&quot;}\" data-widget_type=\"text-editor.default\">\n\t\t\t\t<div class=\"elementor-widget-container\">\n\t\t\t\t\t\t\t\t\t<p>Le contenu d&rsquo;un CV et la mani\u00e8re dont il est con\u00e7u pour attirer l&rsquo;attention du responsable du recrutement qui cherche \u00e0 trouver une personne correspondant parfaitement aux exigences du poste. Explication de ce qui n&rsquo;est pas inclus dans le CV et des raisons pour lesquelles ces \u00e9l\u00e9ments sont exclus.<\/p>\n\t\t\t\t\t\t\t\t<\/div>\n\t\t\t\t<\/div>\n\t\t\t\t\t<\/div>\n\t\t<\/div>\n\t\t\t\t<div class=\"elementor-column elementor-col-33 elementor-inner-column elementor-element elementor-element-0bf910b elementor-invisible\" data-id=\"0bf910b\" data-element_type=\"column\" data-settings=\"{&quot;animation&quot;:&quot;slideInLeft&quot;}\">\n\t\t\t<div class=\"elementor-widget-wrap elementor-element-populated\">\n\t\t\t\t\t\t<div class=\"elementor-element elementor-element-f55e6b8 elementor-widget elementor-widget-heading\" data-id=\"f55e6b8\" data-element_type=\"widget\" data-settings=\"{&quot;vlt_animated_widget_animation&quot;:&quot;none&quot;}\" data-widget_type=\"heading.default\">\n\t\t\t\t<div class=\"elementor-widget-container\">\n\t\t\t\t\t<h3 class=\"elementor-heading-title elementor-size-default\"><span class=\"has-first-color\">6.<\/span> R\u00e9pondre \u00e0 une offre d'emploi  <\/h3>\t\t\t\t<\/div>\n\t\t\t\t<\/div>\n\t\t\t\t<div class=\"elementor-element elementor-element-e2b7903 elementor-widget elementor-widget-text-editor\" data-id=\"e2b7903\" data-element_type=\"widget\" data-settings=\"{&quot;vlt_animated_widget_animation&quot;:&quot;none&quot;}\" data-widget_type=\"text-editor.default\">\n\t\t\t\t<div class=\"elementor-widget-container\">\n\t\t\t\t\t\t\t\t\t<p>La cr\u00e9ation d&rsquo;un CV correspondant \u00e0 une offre d&#8217;emploi illustre le processus de production du CV et de la lettre de motivation associ\u00e9e. Identifier les mots et les phrases cl\u00e9s et s&rsquo;assurer qu&rsquo;ils sont couverts de mani\u00e8re appropri\u00e9e dans le CV et la lettre de motivation associ\u00e9e \u00e0 l&rsquo;aide de mat\u00e9riel t\u00e9l\u00e9chargeable.<\/p>\n\t\t\t\t\t\t\t\t<\/div>\n\t\t\t\t<\/div>\n\t\t\t\t\t<\/div>\n\t\t<\/div>\n\t\t\t\t\t<\/div>\n\t\t<\/section>\n\t\t\t\t<section class=\"elementor-section elementor-inner-section elementor-element elementor-element-ab6d837 row w-auto elementor-section-boxed elementor-section-height-default elementor-section-height-default\" data-id=\"ab6d837\" data-element_type=\"section\">\n\t\t\t\t\t\t<div class=\"elementor-container elementor-column-gap-extended\">\n\t\t\t\t\t<div class=\"elementor-column elementor-col-33 elementor-inner-column elementor-element elementor-element-d21fc13 elementor-invisible\" data-id=\"d21fc13\" data-element_type=\"column\" data-settings=\"{&quot;animation&quot;:&quot;slideInLeft&quot;}\">\n\t\t\t<div class=\"elementor-widget-wrap elementor-element-populated\">\n\t\t\t\t\t\t<div class=\"elementor-element elementor-element-b080b39 elementor-widget elementor-widget-heading\" data-id=\"b080b39\" data-element_type=\"widget\" data-settings=\"{&quot;vlt_animated_widget_animation&quot;:&quot;none&quot;}\" data-widget_type=\"heading.default\">\n\t\t\t\t<div class=\"elementor-widget-container\">\n\t\t\t\t\t<h3 class=\"elementor-heading-title elementor-size-default\"><span class=\"has-first-color\">7.<\/span> La lettre de motivation  <\/h3>\t\t\t\t<\/div>\n\t\t\t\t<\/div>\n\t\t\t\t<div class=\"elementor-element elementor-element-b57f9fa elementor-widget elementor-widget-text-editor\" data-id=\"b57f9fa\" data-element_type=\"widget\" data-settings=\"{&quot;vlt_animated_widget_animation&quot;:&quot;none&quot;}\" data-widget_type=\"text-editor.default\">\n\t\t\t\t<div class=\"elementor-widget-container\">\n\t\t\t\t\t\t\t\t\t<p>La cr\u00e9ation et le d\u00e9veloppement d&rsquo;une lettre de motivation qui accompagnera le CV de l&rsquo;ing\u00e9nieur dipl\u00f4m\u00e9. La structure de la lettre est donn\u00e9e, en soulignant l&rsquo;objectif des diff\u00e9rents paragraphes de la lettre avec un mod\u00e8le t\u00e9l\u00e9chargeable. Il est possible d&rsquo;utiliser une lettre de motivation similaire pour \u00e9tayer n&rsquo;importe quel CV, y compris celui d&rsquo;un charg\u00e9 de client\u00e8le.<\/p>\n\t\t\t\t\t\t\t\t<\/div>\n\t\t\t\t<\/div>\n\t\t\t\t\t<\/div>\n\t\t<\/div>\n\t\t\t\t<div class=\"elementor-column elementor-col-33 elementor-inner-column elementor-element elementor-element-c99b379 elementor-invisible\" data-id=\"c99b379\" data-element_type=\"column\" data-settings=\"{&quot;animation&quot;:&quot;slideInLeft&quot;}\">\n\t\t\t<div class=\"elementor-widget-wrap elementor-element-populated\">\n\t\t\t\t\t\t<div class=\"elementor-element elementor-element-5570e85 elementor-widget elementor-widget-heading\" data-id=\"5570e85\" data-element_type=\"widget\" data-settings=\"{&quot;vlt_animated_widget_animation&quot;:&quot;none&quot;}\" data-widget_type=\"heading.default\">\n\t\t\t\t<div class=\"elementor-widget-container\">\n\t\t\t\t\t<h3 class=\"elementor-heading-title elementor-size-default\"><span class=\"has-first-color\">8.<\/span> InsightCV Keywords Techniques (ICVKT)  <\/h3>\t\t\t\t<\/div>\n\t\t\t\t<\/div>\n\t\t\t\t<div class=\"elementor-element elementor-element-0bf3012 elementor-widget elementor-widget-text-editor\" data-id=\"0bf3012\" data-element_type=\"widget\" data-settings=\"{&quot;vlt_animated_widget_animation&quot;:&quot;none&quot;}\" data-widget_type=\"text-editor.default\">\n\t\t\t\t<div class=\"elementor-widget-container\">\n\t\t\t\t\t\t\t\t\t<p>L&rsquo;ICVKT concerne le processus de modification d&rsquo;un curriculum vitae pour r\u00e9pondre aux besoins d&rsquo;une offre d&#8217;emploi. Les syst\u00e8mes de suivi des candidats et la mani\u00e8re dont ils sont utilis\u00e9s pour trier les CV lorsqu&rsquo;il y a un grand nombre de candidatures. L&rsquo;int\u00e9r\u00eat de r\u00e9diger avec soin une lettre de motivation pour \u00e9tayer professionnellement le CV.<\/p>\n\t\t\t\t\t\t\t\t<\/div>\n\t\t\t\t<\/div>\n\t\t\t\t\t<\/div>\n\t\t<\/div>\n\t\t\t\t<div class=\"elementor-column elementor-col-33 elementor-inner-column elementor-element elementor-element-c307473 elementor-invisible\" data-id=\"c307473\" data-element_type=\"column\" data-settings=\"{&quot;animation&quot;:&quot;slideInLeft&quot;}\">\n\t\t\t<div class=\"elementor-widget-wrap elementor-element-populated\">\n\t\t\t\t\t\t<div class=\"elementor-element elementor-element-a98e4cc elementor-widget elementor-widget-heading\" data-id=\"a98e4cc\" data-element_type=\"widget\" data-settings=\"{&quot;vlt_animated_widget_animation&quot;:&quot;none&quot;}\" data-widget_type=\"heading.default\">\n\t\t\t\t<div class=\"elementor-widget-container\">\n\t\t\t\t\t<h3 class=\"elementor-heading-title elementor-size-default\"><span class=\"has-first-color\">9.<\/span> R\u00e9sum\u00e9<\/h3>\t\t\t\t<\/div>\n\t\t\t\t<\/div>\n\t\t\t\t<div class=\"elementor-element elementor-element-c10fbd5 elementor-widget elementor-widget-text-editor\" data-id=\"c10fbd5\" data-element_type=\"widget\" data-settings=\"{&quot;vlt_animated_widget_animation&quot;:&quot;none&quot;}\" data-widget_type=\"text-editor.default\">\n\t\t\t\t<div class=\"elementor-widget-container\">\n\t\t\t\t\t\t\t\t\tUn examen du cours mettant en \u00e9vidence les principales recommandations et les remarques finales.  \t\t\t\t\t\t\t\t<\/div>\n\t\t\t\t<\/div>\n\t\t\t\t\t<\/div>\n\t\t<\/div>\n\t\t\t\t\t<\/div>\n\t\t<\/section>\n\t\t\t\t\t<\/div>\n\t\t<\/div>\n\t\t\t\t\t<\/div>\n\t\t<\/section>\n\t\t<div class=\"elementor-element elementor-element-c7c697c e-flex e-con-boxed e-con e-parent\" data-id=\"c7c697c\" data-element_type=\"container\">\n\t\t\t\t\t<div class=\"e-con-inner\">\n\t\t\t\t<div class=\"elementor-element elementor-element-e962b50 elementor-widget elementor-widget-vlt-button\" data-id=\"e962b50\" data-element_type=\"widget\" data-settings=\"{&quot;_animation_mobile&quot;:&quot;slideInUp&quot;,&quot;vlt_animated_widget_animation&quot;:&quot;none&quot;}\" data-widget_type=\"vlt-button.default\">\n\t\t\t\t<div class=\"elementor-widget-container\">\n\t\t\t\t\t\n\t\t<a class=\"vlt-btn vlt-btn--md vlt-btn--primary\" role=\"button\" href=\"https:\/\/insightcv.promptskill.com\/course\/PS66002\" target=\"_blank\">\n\n\t\t\t\n\t\t\t<span class=\"vlt-btn__text\">DISCOVER THE COURSE<\/span>\n\n\t\t\t\n\t\t<\/a>\n\n\t\t\t\t\t\t<\/div>\n\t\t\t\t<\/div>\n\t\t\t\t\t<\/div>\n\t\t\t\t<\/div>\n\t\t\t\t<\/div>\n\t\t","protected":false},"excerpt":{"rendered":"<p>1. Bienvenue sur le site Pr\u00e9sentation des animateurs du cours, Dr Arthur Morse et Mme Suparat Sukpradit. Ils ont une grande exp\u00e9rience de la gestion d&rsquo;entreprises et de projets en Asie, en Europe, au Moyen-Orient et en Australie. Ils s&rsquo;engagent \u00e0 aider les jeunes professionnels \u00e0 \u00eatre heureux et \u00e0 r\u00e9ussir dans la carri\u00e8re qu&rsquo;ils [&hellip;]<\/p>\n","protected":false},"author":1,"featured_media":0,"parent":0,"menu_order":0,"comment_status":"closed","ping_status":"closed","template":"","meta":{"_acf_changed":false,"footnotes":""},"class_list":["post-29712","page","type-page","status-publish","hentry"],"acf":[],"yoast_head":"<!-- This site is optimized with the Yoast SEO plugin v25.3.1 - https:\/\/yoast.com\/wordpress\/plugins\/seo\/ -->\n<title>Le cours - Insight CV - Tidy.co<\/title>\n<meta name=\"robots\" content=\"index, follow, max-snippet:-1, max-image-preview:large, max-video-preview:-1\" \/>\n<link rel=\"canonical\" href=\"https:\/\/tidy.co\/fr\/le-cours\/\" \/>\n<meta property=\"og:locale\" content=\"fr_FR\" \/>\n<meta property=\"og:type\" content=\"article\" \/>\n<meta property=\"og:title\" content=\"Le cours - Insight CV - Tidy.co\" \/>\n<meta property=\"og:description\" content=\"1. Bienvenue sur le site Pr\u00e9sentation des animateurs du cours, Dr Arthur Morse et Mme Suparat Sukpradit. Ils ont une grande exp\u00e9rience de la gestion d&rsquo;entreprises et de projets en Asie, en Europe, au Moyen-Orient et en Australie. Ils s&rsquo;engagent \u00e0 aider les jeunes professionnels \u00e0 \u00eatre heureux et \u00e0 r\u00e9ussir dans la carri\u00e8re qu&rsquo;ils [&hellip;]\" \/>\n<meta property=\"og:url\" content=\"https:\/\/tidy.co\/fr\/le-cours\/\" \/>\n<meta property=\"og:site_name\" content=\"Insight CV - Tidy.co\" \/>\n<meta property=\"article:modified_time\" content=\"2024-09-02T03:16:58+00:00\" \/>\n<meta name=\"twitter:card\" content=\"summary_large_image\" \/>\n<meta name=\"twitter:label1\" content=\"Dur\u00e9e de lecture estim\u00e9e\" \/>\n\t<meta name=\"twitter:data1\" content=\"3 minutes\" \/>\n<script type=\"application\/ld+json\" class=\"yoast-schema-graph\">{\"@context\":\"https:\/\/schema.org\",\"@graph\":[{\"@type\":\"WebPage\",\"@id\":\"https:\/\/tidy.co\/fr\/le-cours\/\",\"url\":\"https:\/\/tidy.co\/fr\/le-cours\/\",\"name\":\"Le cours - Insight CV - Tidy.co\",\"isPartOf\":{\"@id\":\"https:\/\/tidy.co\/fr\/#website\"},\"datePublished\":\"2024-07-31T03:37:15+00:00\",\"dateModified\":\"2024-09-02T03:16:58+00:00\",\"breadcrumb\":{\"@id\":\"https:\/\/tidy.co\/fr\/le-cours\/#breadcrumb\"},\"inLanguage\":\"fr-FR\",\"potentialAction\":[{\"@type\":\"ReadAction\",\"target\":[\"https:\/\/tidy.co\/fr\/le-cours\/\"]}]},{\"@type\":\"BreadcrumbList\",\"@id\":\"https:\/\/tidy.co\/fr\/le-cours\/#breadcrumb\",\"itemListElement\":[{\"@type\":\"ListItem\",\"position\":1,\"name\":\"Accueil\",\"item\":\"https:\/\/tidy.co\/\"},{\"@type\":\"ListItem\",\"position\":2,\"name\":\"Le cours\"}]},{\"@type\":\"WebSite\",\"@id\":\"https:\/\/tidy.co\/fr\/#website\",\"url\":\"https:\/\/tidy.co\/fr\/\",\"name\":\"Insight CV - Tidy.co\",\"description\":\"Pr\u00e9paration de CV et R\u00e9sum\u00e9\",\"potentialAction\":[{\"@type\":\"SearchAction\",\"target\":{\"@type\":\"EntryPoint\",\"urlTemplate\":\"https:\/\/tidy.co\/fr\/?s={search_term_string}\"},\"query-input\":{\"@type\":\"PropertyValueSpecification\",\"valueRequired\":true,\"valueName\":\"search_term_string\"}}],\"inLanguage\":\"fr-FR\"}]}<\/script>\n<!-- \/ Yoast SEO plugin. -->","yoast_head_json":{"title":"Le cours - Insight CV - Tidy.co","robots":{"index":"index","follow":"follow","max-snippet":"max-snippet:-1","max-image-preview":"max-image-preview:large","max-video-preview":"max-video-preview:-1"},"canonical":"https:\/\/tidy.co\/fr\/le-cours\/","og_locale":"fr_FR","og_type":"article","og_title":"Le cours - Insight CV - Tidy.co","og_description":"1. Bienvenue sur le site Pr\u00e9sentation des animateurs du cours, Dr Arthur Morse et Mme Suparat Sukpradit. Ils ont une grande exp\u00e9rience de la gestion d&rsquo;entreprises et de projets en Asie, en Europe, au Moyen-Orient et en Australie. Ils s&rsquo;engagent \u00e0 aider les jeunes professionnels \u00e0 \u00eatre heureux et \u00e0 r\u00e9ussir dans la carri\u00e8re qu&rsquo;ils [&hellip;]","og_url":"https:\/\/tidy.co\/fr\/le-cours\/","og_site_name":"Insight CV - Tidy.co","article_modified_time":"2024-09-02T03:16:58+00:00","twitter_card":"summary_large_image","twitter_misc":{"Dur\u00e9e de lecture estim\u00e9e":"3 minutes"},"schema":{"@context":"https:\/\/schema.org","@graph":[{"@type":"WebPage","@id":"https:\/\/tidy.co\/fr\/le-cours\/","url":"https:\/\/tidy.co\/fr\/le-cours\/","name":"Le cours - Insight CV - Tidy.co","isPartOf":{"@id":"https:\/\/tidy.co\/fr\/#website"},"datePublished":"2024-07-31T03:37:15+00:00","dateModified":"2024-09-02T03:16:58+00:00","breadcrumb":{"@id":"https:\/\/tidy.co\/fr\/le-cours\/#breadcrumb"},"inLanguage":"fr-FR","potentialAction":[{"@type":"ReadAction","target":["https:\/\/tidy.co\/fr\/le-cours\/"]}]},{"@type":"BreadcrumbList","@id":"https:\/\/tidy.co\/fr\/le-cours\/#breadcrumb","itemListElement":[{"@type":"ListItem","position":1,"name":"Accueil","item":"https:\/\/tidy.co\/"},{"@type":"ListItem","position":2,"name":"Le cours"}]},{"@type":"WebSite","@id":"https:\/\/tidy.co\/fr\/#website","url":"https:\/\/tidy.co\/fr\/","name":"Insight CV - Tidy.co","description":"Pr\u00e9paration de CV et R\u00e9sum\u00e9","potentialAction":[{"@type":"SearchAction","target":{"@type":"EntryPoint","urlTemplate":"https:\/\/tidy.co\/fr\/?s={search_term_string}"},"query-input":{"@type":"PropertyValueSpecification","valueRequired":true,"valueName":"search_term_string"}}],"inLanguage":"fr-FR"}]}},"_links":{"self":[{"href":"https:\/\/tidy.co\/fr\/wp-json\/wp\/v2\/pages\/29712","targetHints":{"allow":["GET"]}}],"collection":[{"href":"https:\/\/tidy.co\/fr\/wp-json\/wp\/v2\/pages"}],"about":[{"href":"https:\/\/tidy.co\/fr\/wp-json\/wp\/v2\/types\/page"}],"author":[{"embeddable":true,"href":"https:\/\/tidy.co\/fr\/wp-json\/wp\/v2\/users\/1"}],"replies":[{"embeddable":true,"href":"https:\/\/tidy.co\/fr\/wp-json\/wp\/v2\/comments?post=29712"}],"version-history":[{"count":0,"href":"https:\/\/tidy.co\/fr\/wp-json\/wp\/v2\/pages\/29712\/revisions"}],"wp:attachment":[{"href":"https:\/\/tidy.co\/fr\/wp-json\/wp\/v2\/media?parent=29712"}],"curies":[{"name":"wp","href":"https:\/\/api.w.org\/{rel}","templated":true}]}}