{"id":29658,"date":"2024-07-31T05:54:35","date_gmt":"2024-07-31T03:54:35","guid":{"rendered":"https:\/\/tidy.co\/der-erstaunliche-lebenslauf\/"},"modified":"2024-08-14T18:19:12","modified_gmt":"2024-08-14T16:19:12","slug":"der-erstaunliche-lebenslauf","status":"publish","type":"page","link":"https:\/\/tidy.co\/de\/der-erstaunliche-lebenslauf\/","title":{"rendered":"Der erstaunliche Lebenslauf"},"content":{"rendered":"\t\t<div data-elementor-type=\"wp-page\" data-elementor-id=\"29658\" class=\"elementor elementor-29658\" data-elementor-post-type=\"page\">\n\t\t\t\t\t\t<section class=\"elementor-section elementor-top-section elementor-element elementor-element-f4881b6 row w-auto elementor-section-boxed elementor-section-height-default elementor-section-height-default\" data-id=\"f4881b6\" data-element_type=\"section\">\n\t\t\t\t\t\t<div class=\"elementor-container elementor-column-gap-extended\">\n\t\t\t\t\t<div class=\"elementor-column elementor-col-100 elementor-top-column elementor-element elementor-element-4087b2e\" data-id=\"4087b2e\" data-element_type=\"column\">\n\t\t\t<div class=\"elementor-widget-wrap elementor-element-populated\">\n\t\t\t\t\t\t<div class=\"elementor-element elementor-element-bea5301 elementor-widget elementor-widget-spacer\" data-id=\"bea5301\" data-element_type=\"widget\" data-settings=\"{&quot;vlt_animated_widget_animation&quot;:&quot;none&quot;}\" data-widget_type=\"spacer.default\">\n\t\t\t\t<div class=\"elementor-widget-container\">\n\t\t\t\t\t\t\t<div class=\"elementor-spacer\">\n\t\t\t<div class=\"elementor-spacer-inner\"><\/div>\n\t\t<\/div>\n\t\t\t\t\t\t<\/div>\n\t\t\t\t<\/div>\n\t\t\t\t<div class=\"vlt-animate-element elementor-element elementor-element-d440e45 elementor-widget elementor-widget-heading\" data-animation-name=\"mikael\" style=\" --animate-delay: 200ms;\" data-id=\"d440e45\" data-element_type=\"widget\" data-settings=\"{&quot;vlt_animated_widget_animation&quot;:&quot;mikael&quot;}\" data-widget_type=\"heading.default\">\n\t\t\t\t<div class=\"elementor-widget-container\">\n\t\t\t\t\t<h4 class=\"elementor-heading-title elementor-size-default\"><span class=\"has-first-color\">InsightCV<\/span><br>Ihr professioneller Karriereberatungsservice<\/h4>\t\t\t\t<\/div>\n\t\t\t\t<\/div>\n\t\t\t\t\t<\/div>\n\t\t<\/div>\n\t\t\t\t\t<\/div>\n\t\t<\/section>\n\t\t\t\t<section class=\"elementor-section elementor-top-section elementor-element elementor-element-437440c elementor-section-content-middle elementor-section-boxed elementor-section-height-default elementor-section-height-default\" data-id=\"437440c\" data-element_type=\"section\">\n\t\t\t\t\t\t<div class=\"elementor-container elementor-column-gap-extended\">\n\t\t\t\t\t<div class=\"elementor-column elementor-col-100 elementor-top-column elementor-element elementor-element-84e8454\" data-id=\"84e8454\" data-element_type=\"column\">\n\t\t\t<div class=\"elementor-widget-wrap elementor-element-populated\">\n\t\t\t\t\t\t<div class=\"elementor-element elementor-element-43244d0 elementor-widget-divider--view-line elementor-widget elementor-widget-divider\" data-id=\"43244d0\" data-element_type=\"widget\" data-settings=\"{&quot;vlt_animated_widget_animation&quot;:&quot;none&quot;}\" data-widget_type=\"divider.default\">\n\t\t\t\t<div class=\"elementor-widget-container\">\n\t\t\t\t\t\t\t<div class=\"elementor-divider\">\n\t\t\t<span class=\"elementor-divider-separator\">\n\t\t\t\t\t\t<\/span>\n\t\t<\/div>\n\t\t\t\t\t\t<\/div>\n\t\t\t\t<\/div>\n\t\t\t\t<div class=\"elementor-element elementor-element-7523ef6 elementor-widget elementor-widget-spacer\" data-id=\"7523ef6\" data-element_type=\"widget\" data-settings=\"{&quot;vlt_animated_widget_animation&quot;:&quot;none&quot;}\" data-widget_type=\"spacer.default\">\n\t\t\t\t<div class=\"elementor-widget-container\">\n\t\t\t\t\t\t\t<div class=\"elementor-spacer\">\n\t\t\t<div class=\"elementor-spacer-inner\"><\/div>\n\t\t<\/div>\n\t\t\t\t\t\t<\/div>\n\t\t\t\t<\/div>\n\t\t\t\t<div class=\"vlt-animate-element elementor-element elementor-element-e1b9f7a elementor-widget elementor-widget-heading\" data-animation-name=\"mikael\" style=\" --animate-delay: 200ms;\" data-id=\"e1b9f7a\" data-element_type=\"widget\" data-settings=\"{&quot;vlt_animated_widget_animation&quot;:&quot;mikael&quot;}\" data-widget_type=\"heading.default\">\n\t\t\t\t<div class=\"elementor-widget-container\">\n\t\t\t\t\t<h4 class=\"elementor-heading-title elementor-size-default\"><span class=\"has-first-color\">Warum brauche ich einen Lebenslauf?<\/h4>\t\t\t\t<\/div>\n\t\t\t\t<\/div>\n\t\t\t\t<div class=\"elementor-element elementor-element-4ba089b elementor-widget elementor-widget-spacer\" data-id=\"4ba089b\" data-element_type=\"widget\" data-settings=\"{&quot;vlt_animated_widget_animation&quot;:&quot;none&quot;}\" data-widget_type=\"spacer.default\">\n\t\t\t\t<div class=\"elementor-widget-container\">\n\t\t\t\t\t\t\t<div class=\"elementor-spacer\">\n\t\t\t<div class=\"elementor-spacer-inner\"><\/div>\n\t\t<\/div>\n\t\t\t\t\t\t<\/div>\n\t\t\t\t<\/div>\n\t\t\t\t<div class=\"vlt-animate-element elementor-element elementor-element-b6beac3 elementor-widget elementor-widget-text-editor\" data-animation-name=\"mikael\" style=\" --animate-delay: 200ms;\" data-id=\"b6beac3\" data-element_type=\"widget\" data-settings=\"{&quot;vlt_animated_widget_animation&quot;:&quot;mikael&quot;}\" data-widget_type=\"text-editor.default\">\n\t\t\t\t<div class=\"elementor-widget-container\">\n\t\t\t\t\t\t\t\t\t<p>Viele Menschen glauben, dass ein Lebenslauf nur f\u00fcr die Stellensuche ben\u00f6tigt wird.<br \/>Aber der Lebenslauf ist auch dann von Nutzen f\u00fcr Ihre berufliche Entwicklung, wenn Sie mit Ihrer Arbeit zufrieden sind und nicht nach einem Wechsel des Unternehmens oder der Organisation suchen.<\/p>\n\t\t\t\t\t\t\t\t<\/div>\n\t\t\t\t<\/div>\n\t\t\t\t\t<\/div>\n\t\t<\/div>\n\t\t\t\t\t<\/div>\n\t\t<\/section>\n\t\t\t\t<section class=\"elementor-section elementor-top-section elementor-element elementor-element-b984081 elementor-section-content-middle elementor-section-boxed elementor-section-height-default elementor-section-height-default elementor-invisible\" data-id=\"b984081\" data-element_type=\"section\" data-settings=\"{&quot;animation&quot;:&quot;slideInLeft&quot;,&quot;animation_delay&quot;:50}\">\n\t\t\t\t\t\t<div class=\"elementor-container elementor-column-gap-extended\">\n\t\t\t\t\t<div class=\"elementor-column elementor-col-100 elementor-top-column elementor-element elementor-element-a53b531\" data-id=\"a53b531\" data-element_type=\"column\">\n\t\t\t<div class=\"elementor-widget-wrap elementor-element-populated\">\n\t\t\t\t\t\t<div class=\"elementor-element elementor-element-9f5a430 elementor-widget elementor-widget-heading\" data-id=\"9f5a430\" data-element_type=\"widget\" data-settings=\"{&quot;vlt_animated_widget_animation&quot;:&quot;none&quot;}\" data-widget_type=\"heading.default\">\n\t\t\t\t<div class=\"elementor-widget-container\">\n\t\t\t\t\t<h3 class=\"elementor-heading-title elementor-size-default\"><span class=\"has-first-color\">1.<\/span> Brauche ich wirklich einen Lebenslauf?<\/h3>\t\t\t\t<\/div>\n\t\t\t\t<\/div>\n\t\t\t\t<div class=\"vlt-animate-element elementor-element elementor-element-13faf85 elementor-widget elementor-widget-text-editor\" data-animation-name=\"mikael\" style=\" --animate-delay: 200ms;\" data-id=\"13faf85\" data-element_type=\"widget\" data-settings=\"{&quot;vlt_animated_widget_animation&quot;:&quot;mikael&quot;}\" data-widget_type=\"text-editor.default\">\n\t\t\t\t<div class=\"elementor-widget-container\">\n\t\t\t\t\t\t\t\t\t<p>Ihr Lebenslauf, eine Abk\u00fcrzung f\u00fcr Curriculum Vitae &#8211; was auf Englisch Lebenslauf bedeutet, ist Ihre pers\u00f6nliche Darstellung der Entwicklung Ihrer Karriere bis zum heutigen Zeitpunkt.<\/p>\n<p>Er beschreibt Ihre Ausbildung, Ihren beruflichen Werdegang und Ihre Leistungen, einschlie\u00dflich ver\u00f6ffentlichter Arbeiten, Berichte und B\u00fccher, und hebt die Erledigung wichtiger beruflicher Aufgaben hervor.<\/p>\n\t\t\t\t\t\t\t\t<\/div>\n\t\t\t\t<\/div>\n\t\t\t\t<div class=\"elementor-element elementor-element-11f2413 elementor-widget elementor-widget-heading\" data-id=\"11f2413\" data-element_type=\"widget\" data-settings=\"{&quot;vlt_animated_widget_animation&quot;:&quot;none&quot;}\" data-widget_type=\"heading.default\">\n\t\t\t\t<div class=\"elementor-widget-container\">\n\t\t\t\t\t<h3 class=\"elementor-heading-title elementor-size-default\"><span class=\"has-first-color\">2.<\/span> Der Lebenslauf und die Stellenbeschreibung  <\/h3>\t\t\t\t<\/div>\n\t\t\t\t<\/div>\n\t\t\t\t<div class=\"vlt-animate-element elementor-element elementor-element-a2b3e34 elementor-widget elementor-widget-text-editor\" data-animation-name=\"mikael\" style=\" --animate-delay: 200ms;\" data-id=\"a2b3e34\" data-element_type=\"widget\" data-settings=\"{&quot;vlt_animated_widget_animation&quot;:&quot;mikael&quot;}\" data-widget_type=\"text-editor.default\">\n\t\t\t\t<div class=\"elementor-widget-container\">\n\t\t\t\t\t\t\t\t\t<p>Ihr Lebenslauf<strong> <\/strong>unterscheidet sich von einer Reihe von Stellenbeschreibungen, denn der Lebenslauf betont, <strong>wie<\/strong> Sie die Ihnen \u00fcbertragenen Aufgaben erf\u00fcllt haben.<\/p>\n<p>Besonders wichtig sind:<br \/> a.<br \/>\nWie haben Sie die wichtigsten Themen identifiziert<br \/> b.<br \/>\nwie haben Sie sie analysiert<br \/> c.<br \/>\nwie haben Sie Ihre Erfahrungen und F\u00e4higkeiten sowie die Ihnen zur Verf\u00fcgung stehenden Ressourcen genutzt, um die schwierigsten Probleme anzugehen und zu l\u00f6sen<br \/> d.<br \/>\nWie haben Sie den Nutzen Ihrer Arbeit statistisch beziffert?    <\/p>\n<p>Die Ihnen zugewiesenen Aufgaben k\u00f6nnen Teil eines gr\u00f6\u00dferen Projekts gewesen sein. In diesem Fall sollten Sie angeben, wie die Erledigung der Ihnen zugewiesenen Aufgaben zum erfolgreichen Abschluss des gr\u00f6\u00dferen Projekts beigetragen hat.<\/p>\n\t\t\t\t\t\t\t\t<\/div>\n\t\t\t\t<\/div>\n\t\t\t\t<div class=\"elementor-element elementor-element-87c01c6 elementor-widget elementor-widget-heading\" data-id=\"87c01c6\" data-element_type=\"widget\" data-settings=\"{&quot;vlt_animated_widget_animation&quot;:&quot;none&quot;}\" data-widget_type=\"heading.default\">\n\t\t\t\t<div class=\"elementor-widget-container\">\n\t\t\t\t\t<h3 class=\"elementor-heading-title elementor-size-default\"><span class=\"has-first-color\">3.<\/span> Der Wert des Lebenslaufs f\u00fcr die Karriereentwicklung<\/h3>\t\t\t\t<\/div>\n\t\t\t\t<\/div>\n\t\t\t\t<div class=\"vlt-animate-element elementor-element elementor-element-6c8c3e9 elementor-widget elementor-widget-text-editor\" data-animation-name=\"mikael\" style=\" --animate-delay: 200ms;\" data-id=\"6c8c3e9\" data-element_type=\"widget\" data-settings=\"{&quot;vlt_animated_widget_animation&quot;:&quot;mikael&quot;}\" data-widget_type=\"text-editor.default\">\n\t\t\t\t<div class=\"elementor-widget-container\">\n\t\t\t\t\t\t\t\t\t<p>Ein wesentlicher Vorteil Ihres Lebenslaufs ist der Wert, den er f\u00fcr Ihre halbj\u00e4hrliche oder j\u00e4hrliche Leistungsbeurteilung haben kann.<\/p>\n<p>Ihr Lebenslauf sollte dazu beitragen, die Leistungsbeurteilung auf Ihre wichtigsten St\u00e4rken auszurichten, darunter Ihr kreatives Denken und Ihre Probleml\u00f6sungsf\u00e4higkeiten sowie Ihre Soft Skills wie soziale Kompetenz, Empathie und Integrit\u00e4t.<\/p>\n<p>Dies sollte es Ihnen erm\u00f6glichen, dar\u00fcber zu sprechen, wie Sie zum Erfolg Ihrer Gruppe und Ihres Unternehmens\/ Ihrer Organisation beigetragen haben.<br \/>\nAu\u00dferdem sollten Sie zum Ausdruck bringen k\u00f6nnen, was Sie aus eigener Initiative getan haben, um neue F\u00e4higkeiten zu entwickeln.<br \/>\nDann sollten Sie zum Ausdruck bringen k\u00f6nnen, was Ihrer Meinung nach f\u00fcr k\u00fcnftige innerbetriebliche Schulungen und berufliche Weiterbildungen n\u00fctzlich sein k\u00f6nnte, die zu einer k\u00fcnftigen Bef\u00f6rderung oder zu einem Karriereschritt innerhalb des Unternehmens f\u00fchren k\u00f6nnten.  <\/p>\n<p>Nicht allen Chefs f\u00e4llt das Mitarbeitergespr\u00e4ch leicht, selbst wenn es von der Personalabteilung in Form von Formularen und Fragen strukturiert worden ist. Wenn Sie Ihre pers\u00f6nlichen Leistungen in das Beurteilungsgespr\u00e4ch einbringen, k\u00f6nnen Sie Ihrem Chef bei seiner Aufgabe helfen. und somit zu einem Ergebnis beitragen, das Sie als fair und angemessen empfinden.<\/p>\n\t\t\t\t\t\t\t\t<\/div>\n\t\t\t\t<\/div>\n\t\t\t\t<div class=\"elementor-element elementor-element-0397f5d elementor-widget elementor-widget-heading\" data-id=\"0397f5d\" data-element_type=\"widget\" data-settings=\"{&quot;vlt_animated_widget_animation&quot;:&quot;none&quot;}\" data-widget_type=\"heading.default\">\n\t\t\t\t<div class=\"elementor-widget-container\">\n\t\t\t\t\t<h3 class=\"elementor-heading-title elementor-size-default\"><span class=\"has-first-color\">4.<\/span> Der Wert des Lebenslaufs im Umgang mit vorhersehbaren und unvorhersehbaren Umst\u00e4nden<\/h3>\t\t\t\t<\/div>\n\t\t\t\t<\/div>\n\t\t\t\t<div class=\"vlt-animate-element elementor-element elementor-element-6521c01 elementor-widget elementor-widget-text-editor\" data-animation-name=\"mikael\" style=\" --animate-delay: 200ms;\" data-id=\"6521c01\" data-element_type=\"widget\" data-settings=\"{&quot;vlt_animated_widget_animation&quot;:&quot;mikael&quot;}\" data-widget_type=\"text-editor.default\">\n\t\t\t\t<div class=\"elementor-widget-container\">\n\t\t\t\t\t\t\t\t\t<p>Angesichts der sich st\u00e4ndig \u00e4ndernden wirtschaftlichen Bedingungen auf der ganzen Welt ist die Arbeitsplatzsicherheit nicht mehr dieselbe wie in der Vergangenheit.<br \/>\nW\u00e4hrend viele Branchen und Arbeitsbereiche expandieren und neue Besch\u00e4ftigungsm\u00f6glichkeiten geschaffen werden, stabilisieren sich andere oder schrumpfen sogar. <\/p>\n<p>Einige sehr erfolgreiche Unternehmen haben damit begonnen, ihre Belegschaft zu \u00fcberpr\u00fcfen und zu reduzieren.<br \/>\nAber auch traditionelle und familiengef\u00fchrte Unternehmen, die seit Jahrzehnten erfolgreich t\u00e4tig sind, k\u00f6nnen davon betroffen sein.<br \/>\nDaf\u00fcr kann es viele verschiedene Gr\u00fcnde geben, aber ein Grund, der zunehmend in den Nachrichten auftaucht, ist die Einf\u00fchrung von K\u00fcnstlicher Intelligenz (KI).  <\/p>\n<p>Mitarbeiter aller Ebenen und jeden Alters k\u00f6nnen von den Ver\u00e4nderungen betroffen sein.<br \/>\nF\u00fcr Arbeitnehmer ab einem bestimmten Alter und insbesondere f\u00fcr diejenigen, die jahrzehntelang beim selben Arbeitgeber besch\u00e4ftigt waren und davon ausgingen, dass ihr Arbeitsplatz bis zum Erreichen des Rentenalters sicher sei, kann der Personalabbau jedoch verheerender oder problematischer sein.<br \/>\nWenn sie mit einer pl\u00f6tzlichen Entlassung konfrontiert werden und sich nach einer neuen Stelle umsehen m\u00fcssen, kann der Prozess der Stellensuche besonders entmutigend sein.  <\/p>\n<p>Die Disziplin, einen Lebenslauf auf dem neuesten Stand zu halten, wird ihnen helfen, ihre Leistungen zu erkennen, und das wird ihnen helfen, einen Lebenslauf zu erstellen, der echte Leistungen und die Anwendung von Kenntnissen und F\u00e4higkeiten zeigt, die notwendig sein werden, wenn sie unerwartet arbeitslos werden.<\/p>\n\t\t\t\t\t\t\t\t<\/div>\n\t\t\t\t<\/div>\n\t\t\t\t<div class=\"elementor-element elementor-element-f386c12 elementor-widget elementor-widget-heading\" data-id=\"f386c12\" data-element_type=\"widget\" data-settings=\"{&quot;vlt_animated_widget_animation&quot;:&quot;none&quot;}\" data-widget_type=\"heading.default\">\n\t\t\t\t<div class=\"elementor-widget-container\">\n\t\t\t\t\t<h3 class=\"elementor-heading-title elementor-size-default\"><span class=\"has-first-color\">5.<\/span> Die Vorteile<\/h3>\t\t\t\t<\/div>\n\t\t\t\t<\/div>\n\t\t\t\t<div class=\"elementor-element elementor-element-3de37d5 elementor-widget elementor-widget-spacer\" data-id=\"3de37d5\" data-element_type=\"widget\" data-settings=\"{&quot;vlt_animated_widget_animation&quot;:&quot;none&quot;}\" data-widget_type=\"spacer.default\">\n\t\t\t\t<div class=\"elementor-widget-container\">\n\t\t\t\t\t\t\t<div class=\"elementor-spacer\">\n\t\t\t<div class=\"elementor-spacer-inner\"><\/div>\n\t\t<\/div>\n\t\t\t\t\t\t<\/div>\n\t\t\t\t<\/div>\n\t\t\t\t<div class=\"vlt-animate-element elementor-element elementor-element-c138941 elementor-widget elementor-widget-text-editor\" data-animation-name=\"mikael\" style=\" --animate-delay: 200ms;\" data-id=\"c138941\" data-element_type=\"widget\" data-settings=\"{&quot;vlt_animated_widget_animation&quot;:&quot;mikael&quot;}\" data-widget_type=\"text-editor.default\">\n\t\t\t\t<div class=\"elementor-widget-container\">\n\t\t\t\t\t\t\t\t\t<p>Sobald Sie mit der Lebenslauferstellung begonnen haben, werden Sie die Vorteile f\u00fcr sich selbst erkennen und feststellen, wie Ihre Selbstanalyse und Selbsteinsch\u00e4tzung ein pers\u00f6nliches Marketing f\u00fcr Ihre F\u00e4higkeiten und Fertigkeiten schafft.<\/p>\n<p>Das Verst\u00e4ndnis f\u00fcr Ihre Leistungen kann Ihnen helfen, Ihre pers\u00f6nliche Zufriedenheit, Erf\u00fcllung und Ihr Gl\u00fcck zu steigern, w\u00e4hrend Sie arbeiten.  <\/p>\n<p>Deshalb empfehlen wir Ihnen, einen Lebenslauf zu f\u00fchren, auch wenn Sie mit Ihrer Arbeit und Ihrem derzeitigen Arbeitgeber zufrieden sind.<\/p>\n\t\t\t\t\t\t\t\t<\/div>\n\t\t\t\t<\/div>\n\t\t\t\t<div class=\"elementor-element elementor-element-ad0ff8a elementor-widget elementor-widget-spacer\" data-id=\"ad0ff8a\" data-element_type=\"widget\" data-settings=\"{&quot;vlt_animated_widget_animation&quot;:&quot;none&quot;}\" data-widget_type=\"spacer.default\">\n\t\t\t\t<div class=\"elementor-widget-container\">\n\t\t\t\t\t\t\t<div class=\"elementor-spacer\">\n\t\t\t<div class=\"elementor-spacer-inner\"><\/div>\n\t\t<\/div>\n\t\t\t\t\t\t<\/div>\n\t\t\t\t<\/div>\n\t\t\t\t\t<\/div>\n\t\t<\/div>\n\t\t\t\t\t<\/div>\n\t\t<\/section>\n\t\t<div class=\"elementor-element elementor-element-cb5a247 e-flex e-con-boxed e-con e-parent\" data-id=\"cb5a247\" data-element_type=\"container\">\n\t\t\t\t\t<div class=\"e-con-inner\">\n\t\t\t\t<div class=\"elementor-element elementor-element-275a755 elementor-widget elementor-widget-vlt-button\" data-id=\"275a755\" data-element_type=\"widget\" data-settings=\"{&quot;_animation_mobile&quot;:&quot;slideInUp&quot;,&quot;vlt_animated_widget_animation&quot;:&quot;none&quot;}\" data-widget_type=\"vlt-button.default\">\n\t\t\t\t<div class=\"elementor-widget-container\">\n\t\t\t\t\t\n\t\t<a class=\"vlt-btn vlt-btn--md vlt-btn--primary\" role=\"button\" href=\"\/contact\" target=\"_blank\">\n\n\t\t\t\n\t\t\t<span class=\"vlt-btn__text\">CONTACT ME<\/span>\n\n\t\t\t\n\t\t<\/a>\n\n\t\t\t\t\t\t<\/div>\n\t\t\t\t<\/div>\n\t\t\t\t\t<\/div>\n\t\t\t\t<\/div>\n\t\t\t\t<\/div>\n\t\t","protected":false},"excerpt":{"rendered":"<p>InsightCVIhr professioneller Karriereberatungsservice Warum brauche ich einen Lebenslauf? Viele Menschen glauben, dass ein Lebenslauf nur f\u00fcr die Stellensuche ben\u00f6tigt wird.Aber der Lebenslauf ist auch dann von Nutzen f\u00fcr Ihre berufliche Entwicklung, wenn Sie mit Ihrer Arbeit zufrieden sind und nicht nach einem Wechsel des Unternehmens oder der Organisation suchen. 1. Brauche ich wirklich einen Lebenslauf? [&hellip;]<\/p>\n","protected":false},"author":1,"featured_media":0,"parent":0,"menu_order":0,"comment_status":"closed","ping_status":"closed","template":"","meta":{"_acf_changed":false,"footnotes":""},"class_list":["post-29658","page","type-page","status-publish","hentry"],"acf":[],"yoast_head":"<!-- This site is optimized with the Yoast SEO plugin v25.3.1 - https:\/\/yoast.com\/wordpress\/plugins\/seo\/ -->\n<title>Der erstaunliche Lebenslauf - Insight CV - Tidy.co<\/title>\n<meta name=\"robots\" content=\"index, follow, max-snippet:-1, max-image-preview:large, max-video-preview:-1\" \/>\n<link rel=\"canonical\" href=\"https:\/\/tidy.co\/de\/der-erstaunliche-lebenslauf\/\" \/>\n<meta property=\"og:locale\" content=\"de_DE\" \/>\n<meta property=\"og:type\" content=\"article\" \/>\n<meta property=\"og:title\" content=\"Der erstaunliche Lebenslauf - Insight CV - Tidy.co\" \/>\n<meta property=\"og:description\" content=\"InsightCVIhr professioneller Karriereberatungsservice Warum brauche ich einen Lebenslauf? Viele Menschen glauben, dass ein Lebenslauf nur f\u00fcr die Stellensuche ben\u00f6tigt wird.Aber der Lebenslauf ist auch dann von Nutzen f\u00fcr Ihre berufliche Entwicklung, wenn Sie mit Ihrer Arbeit zufrieden sind und nicht nach einem Wechsel des Unternehmens oder der Organisation suchen. 1. Brauche ich wirklich einen Lebenslauf? [&hellip;]\" \/>\n<meta property=\"og:url\" content=\"https:\/\/tidy.co\/de\/der-erstaunliche-lebenslauf\/\" \/>\n<meta property=\"og:site_name\" content=\"Insight CV - Tidy.co\" \/>\n<meta property=\"article:modified_time\" content=\"2024-08-14T16:19:12+00:00\" \/>\n<meta name=\"twitter:card\" content=\"summary_large_image\" \/>\n<meta name=\"twitter:label1\" content=\"Gesch\u00e4tzte Lesezeit\" \/>\n\t<meta name=\"twitter:data1\" content=\"4\u00a0Minuten\" \/>\n<script type=\"application\/ld+json\" class=\"yoast-schema-graph\">{\"@context\":\"https:\/\/schema.org\",\"@graph\":[{\"@type\":\"WebPage\",\"@id\":\"https:\/\/tidy.co\/de\/der-erstaunliche-lebenslauf\/\",\"url\":\"https:\/\/tidy.co\/de\/der-erstaunliche-lebenslauf\/\",\"name\":\"Der erstaunliche Lebenslauf - Insight CV - Tidy.co\",\"isPartOf\":{\"@id\":\"https:\/\/tidy.co\/de\/#website\"},\"datePublished\":\"2024-07-31T03:54:35+00:00\",\"dateModified\":\"2024-08-14T16:19:12+00:00\",\"breadcrumb\":{\"@id\":\"https:\/\/tidy.co\/de\/der-erstaunliche-lebenslauf\/#breadcrumb\"},\"inLanguage\":\"de\",\"potentialAction\":[{\"@type\":\"ReadAction\",\"target\":[\"https:\/\/tidy.co\/de\/der-erstaunliche-lebenslauf\/\"]}]},{\"@type\":\"BreadcrumbList\",\"@id\":\"https:\/\/tidy.co\/de\/der-erstaunliche-lebenslauf\/#breadcrumb\",\"itemListElement\":[{\"@type\":\"ListItem\",\"position\":1,\"name\":\"Accueil\",\"item\":\"https:\/\/tidy.co\/\"},{\"@type\":\"ListItem\",\"position\":2,\"name\":\"Der erstaunliche Lebenslauf\"}]},{\"@type\":\"WebSite\",\"@id\":\"https:\/\/tidy.co\/de\/#website\",\"url\":\"https:\/\/tidy.co\/de\/\",\"name\":\"Insight CV - Tidy.co\",\"description\":\"CV and Resume preparation\",\"potentialAction\":[{\"@type\":\"SearchAction\",\"target\":{\"@type\":\"EntryPoint\",\"urlTemplate\":\"https:\/\/tidy.co\/de\/?s={search_term_string}\"},\"query-input\":{\"@type\":\"PropertyValueSpecification\",\"valueRequired\":true,\"valueName\":\"search_term_string\"}}],\"inLanguage\":\"de\"}]}<\/script>\n<!-- \/ Yoast SEO plugin. -->","yoast_head_json":{"title":"Der erstaunliche Lebenslauf - Insight CV - Tidy.co","robots":{"index":"index","follow":"follow","max-snippet":"max-snippet:-1","max-image-preview":"max-image-preview:large","max-video-preview":"max-video-preview:-1"},"canonical":"https:\/\/tidy.co\/de\/der-erstaunliche-lebenslauf\/","og_locale":"de_DE","og_type":"article","og_title":"Der erstaunliche Lebenslauf - Insight CV - Tidy.co","og_description":"InsightCVIhr professioneller Karriereberatungsservice Warum brauche ich einen Lebenslauf? Viele Menschen glauben, dass ein Lebenslauf nur f\u00fcr die Stellensuche ben\u00f6tigt wird.Aber der Lebenslauf ist auch dann von Nutzen f\u00fcr Ihre berufliche Entwicklung, wenn Sie mit Ihrer Arbeit zufrieden sind und nicht nach einem Wechsel des Unternehmens oder der Organisation suchen. 1. Brauche ich wirklich einen Lebenslauf? [&hellip;]","og_url":"https:\/\/tidy.co\/de\/der-erstaunliche-lebenslauf\/","og_site_name":"Insight CV - Tidy.co","article_modified_time":"2024-08-14T16:19:12+00:00","twitter_card":"summary_large_image","twitter_misc":{"Gesch\u00e4tzte Lesezeit":"4\u00a0Minuten"},"schema":{"@context":"https:\/\/schema.org","@graph":[{"@type":"WebPage","@id":"https:\/\/tidy.co\/de\/der-erstaunliche-lebenslauf\/","url":"https:\/\/tidy.co\/de\/der-erstaunliche-lebenslauf\/","name":"Der erstaunliche Lebenslauf - Insight CV - Tidy.co","isPartOf":{"@id":"https:\/\/tidy.co\/de\/#website"},"datePublished":"2024-07-31T03:54:35+00:00","dateModified":"2024-08-14T16:19:12+00:00","breadcrumb":{"@id":"https:\/\/tidy.co\/de\/der-erstaunliche-lebenslauf\/#breadcrumb"},"inLanguage":"de","potentialAction":[{"@type":"ReadAction","target":["https:\/\/tidy.co\/de\/der-erstaunliche-lebenslauf\/"]}]},{"@type":"BreadcrumbList","@id":"https:\/\/tidy.co\/de\/der-erstaunliche-lebenslauf\/#breadcrumb","itemListElement":[{"@type":"ListItem","position":1,"name":"Accueil","item":"https:\/\/tidy.co\/"},{"@type":"ListItem","position":2,"name":"Der erstaunliche Lebenslauf"}]},{"@type":"WebSite","@id":"https:\/\/tidy.co\/de\/#website","url":"https:\/\/tidy.co\/de\/","name":"Insight CV - Tidy.co","description":"CV and Resume preparation","potentialAction":[{"@type":"SearchAction","target":{"@type":"EntryPoint","urlTemplate":"https:\/\/tidy.co\/de\/?s={search_term_string}"},"query-input":{"@type":"PropertyValueSpecification","valueRequired":true,"valueName":"search_term_string"}}],"inLanguage":"de"}]}},"_links":{"self":[{"href":"https:\/\/tidy.co\/de\/wp-json\/wp\/v2\/pages\/29658","targetHints":{"allow":["GET"]}}],"collection":[{"href":"https:\/\/tidy.co\/de\/wp-json\/wp\/v2\/pages"}],"about":[{"href":"https:\/\/tidy.co\/de\/wp-json\/wp\/v2\/types\/page"}],"author":[{"embeddable":true,"href":"https:\/\/tidy.co\/de\/wp-json\/wp\/v2\/users\/1"}],"replies":[{"embeddable":true,"href":"https:\/\/tidy.co\/de\/wp-json\/wp\/v2\/comments?post=29658"}],"version-history":[{"count":0,"href":"https:\/\/tidy.co\/de\/wp-json\/wp\/v2\/pages\/29658\/revisions"}],"wp:attachment":[{"href":"https:\/\/tidy.co\/de\/wp-json\/wp\/v2\/media?parent=29658"}],"curies":[{"name":"wp","href":"https:\/\/api.w.org\/{rel}","templated":true}]}}