{"id":29543,"date":"2024-07-31T05:37:15","date_gmt":"2024-07-31T03:37:15","guid":{"rendered":"https:\/\/tidy.co\/der-kurs\/"},"modified":"2024-08-14T18:16:14","modified_gmt":"2024-08-14T16:16:14","slug":"der-kurs","status":"publish","type":"page","link":"https:\/\/tidy.co\/de\/der-kurs\/","title":{"rendered":"Der Kurs"},"content":{"rendered":"\t\t<div data-elementor-type=\"wp-page\" data-elementor-id=\"29543\" class=\"elementor elementor-29543\" data-elementor-post-type=\"page\">\n\t\t\t\t\t\t<section class=\"elementor-section elementor-top-section elementor-element elementor-element-a87bb40 elementor-section-boxed elementor-section-height-default elementor-section-height-default\" data-id=\"a87bb40\" data-element_type=\"section\">\n\t\t\t\t\t\t<div class=\"elementor-container elementor-column-gap-extended\">\n\t\t\t\t\t<div class=\"elementor-column elementor-col-100 elementor-top-column elementor-element elementor-element-68f6df8\" data-id=\"68f6df8\" data-element_type=\"column\">\n\t\t\t<div class=\"elementor-widget-wrap elementor-element-populated\">\n\t\t\t\t\t\t<section class=\"elementor-section elementor-inner-section elementor-element elementor-element-e120824 row w-auto elementor-section-boxed elementor-section-height-default elementor-section-height-default\" data-id=\"e120824\" data-element_type=\"section\">\n\t\t\t\t\t\t<div class=\"elementor-container elementor-column-gap-extended\">\n\t\t\t\t\t<div class=\"elementor-column elementor-col-33 elementor-inner-column elementor-element elementor-element-83b7c01 elementor-invisible\" data-id=\"83b7c01\" data-element_type=\"column\" data-settings=\"{&quot;animation&quot;:&quot;slideInLeft&quot;}\">\n\t\t\t<div class=\"elementor-widget-wrap elementor-element-populated\">\n\t\t\t\t\t\t<div class=\"elementor-element elementor-element-2fc3d49 elementor-widget elementor-widget-heading\" data-id=\"2fc3d49\" data-element_type=\"widget\" data-settings=\"{&quot;vlt_animated_widget_animation&quot;:&quot;none&quot;}\" data-widget_type=\"heading.default\">\n\t\t\t\t<div class=\"elementor-widget-container\">\n\t\t\t\t\t<h3 class=\"elementor-heading-title elementor-size-default\"><span class=\"has-first-color\">1.<\/span> Willkommen<\/h3>\t\t\t\t<\/div>\n\t\t\t\t<\/div>\n\t\t\t\t<div class=\"elementor-element elementor-element-1b2ea96 elementor-widget elementor-widget-text-editor\" data-id=\"1b2ea96\" data-element_type=\"widget\" data-settings=\"{&quot;vlt_animated_widget_animation&quot;:&quot;none&quot;}\" data-widget_type=\"text-editor.default\">\n\t\t\t\t<div class=\"elementor-widget-container\">\n\t\t\t\t\t\t\t\t\t<p>Vorstellung der Moderatoren des Kurses, Dr. Arthur Morse und Frau Suparat Sukpradit. Sie verf\u00fcgen \u00fcber umfangreiche Erfahrungen in der F\u00fchrung von Unternehmen und der Verwaltung von Projekten in Asien, Europa, dem Nahen Osten und Australien. Sie setzen sich daf\u00fcr ein, jungen Berufst\u00e4tigen zu helfen, in ihrer gew\u00e4hlten Karriere gl\u00fccklich und erfolgreich zu sein.<\/p>\n\t\t\t\t\t\t\t\t<\/div>\n\t\t\t\t<\/div>\n\t\t\t\t\t<\/div>\n\t\t<\/div>\n\t\t\t\t<div class=\"elementor-column elementor-col-33 elementor-inner-column elementor-element elementor-element-d71fdfc elementor-invisible\" data-id=\"d71fdfc\" data-element_type=\"column\" data-settings=\"{&quot;animation&quot;:&quot;slideInLeft&quot;}\">\n\t\t\t<div class=\"elementor-widget-wrap elementor-element-populated\">\n\t\t\t\t\t\t<div class=\"elementor-element elementor-element-38e519e elementor-widget elementor-widget-heading\" data-id=\"38e519e\" data-element_type=\"widget\" data-settings=\"{&quot;vlt_animated_widget_animation&quot;:&quot;none&quot;}\" data-widget_type=\"heading.default\">\n\t\t\t\t<div class=\"elementor-widget-container\">\n\t\t\t\t\t<h3 class=\"elementor-heading-title elementor-size-default\"><span class=\"has-first-color\">2.<\/span> Einf\u00fchrung in den Kurs  <\/h3>\t\t\t\t<\/div>\n\t\t\t\t<\/div>\n\t\t\t\t<div class=\"elementor-element elementor-element-ad74548 elementor-widget elementor-widget-text-editor\" data-id=\"ad74548\" data-element_type=\"widget\" data-settings=\"{&quot;vlt_animated_widget_animation&quot;:&quot;none&quot;}\" data-widget_type=\"text-editor.default\">\n\t\t\t\t<div class=\"elementor-widget-container\">\n\t\t\t\t\t\t\t\t\t<p>Der Auswahlprozess unter Bezugnahme auf die Techniken, die von Personalabteilungen und Einstellungsleitern in Regierungsbeh\u00f6rden und gro\u00dfen Unternehmen verwendet werden.&#8220;<\/p>\n\t\t\t\t\t\t\t\t<\/div>\n\t\t\t\t<\/div>\n\t\t\t\t\t<\/div>\n\t\t<\/div>\n\t\t\t\t<div class=\"elementor-column elementor-col-33 elementor-inner-column elementor-element elementor-element-edd702f elementor-invisible\" data-id=\"edd702f\" data-element_type=\"column\" data-settings=\"{&quot;animation&quot;:&quot;slideInLeft&quot;}\">\n\t\t\t<div class=\"elementor-widget-wrap elementor-element-populated\">\n\t\t\t\t\t\t<div class=\"elementor-element elementor-element-980ef1b elementor-widget elementor-widget-heading\" data-id=\"980ef1b\" data-element_type=\"widget\" data-settings=\"{&quot;vlt_animated_widget_animation&quot;:&quot;none&quot;}\" data-widget_type=\"heading.default\">\n\t\t\t\t<div class=\"elementor-widget-container\">\n\t\t\t\t\t<h3 class=\"elementor-heading-title elementor-size-default\"><span class=\"has-first-color\">3.<\/span> Grundlegende Vorbereitung  <\/h3>\t\t\t\t<\/div>\n\t\t\t\t<\/div>\n\t\t\t\t<div class=\"elementor-element elementor-element-a5aa77a elementor-widget elementor-widget-text-editor\" data-id=\"a5aa77a\" data-element_type=\"widget\" data-settings=\"{&quot;vlt_animated_widget_animation&quot;:&quot;none&quot;}\" data-widget_type=\"text-editor.default\">\n\t\t\t\t<div class=\"elementor-widget-container\">\n\t\t\t\t\t\t\t\t\t<p>Der Interviewprozess mit Bezug auf die Techniken, die von Personalabteilungen und einstellenden Managern in Regierungsbeh\u00f6rden und gro\u00dfen Unternehmen verwendet werden, sowie die Identifizierung der spezifischen F\u00e4higkeiten, die von sehr erfolgreichen Menschen bei der Einstellung und Auswahl ihrer Teams gesucht werden.<\/p>\n\t\t\t\t\t\t\t\t<\/div>\n\t\t\t\t<\/div>\n\t\t\t\t\t<\/div>\n\t\t<\/div>\n\t\t\t\t\t<\/div>\n\t\t<\/section>\n\t\t\t\t<section class=\"elementor-section elementor-inner-section elementor-element elementor-element-a35d553 row w-auto elementor-section-boxed elementor-section-height-default elementor-section-height-default\" data-id=\"a35d553\" data-element_type=\"section\">\n\t\t\t\t\t\t<div class=\"elementor-container elementor-column-gap-extended\">\n\t\t\t\t\t<div class=\"elementor-column elementor-col-33 elementor-inner-column elementor-element elementor-element-86340b0 elementor-invisible\" data-id=\"86340b0\" data-element_type=\"column\" data-settings=\"{&quot;animation&quot;:&quot;slideInLeft&quot;}\">\n\t\t\t<div class=\"elementor-widget-wrap elementor-element-populated\">\n\t\t\t\t\t\t<div class=\"elementor-element elementor-element-6653408 elementor-widget elementor-widget-heading\" data-id=\"6653408\" data-element_type=\"widget\" data-settings=\"{&quot;vlt_animated_widget_animation&quot;:&quot;none&quot;}\" data-widget_type=\"heading.default\">\n\t\t\t\t<div class=\"elementor-widget-container\">\n\t\t\t\t\t<h3 class=\"elementor-heading-title elementor-size-default\"><span class=\"has-first-color\">4.<\/span> Vorbereitung des Dokuments  <\/h3>\t\t\t\t<\/div>\n\t\t\t\t<\/div>\n\t\t\t\t<div class=\"elementor-element elementor-element-f1eb5e2 elementor-widget elementor-widget-text-editor\" data-id=\"f1eb5e2\" data-element_type=\"widget\" data-settings=\"{&quot;vlt_animated_widget_animation&quot;:&quot;none&quot;}\" data-widget_type=\"text-editor.default\">\n\t\t\t\t<div class=\"elementor-widget-container\">\n\t\t\t\t\t\t\t\t\t<p>Der Lebenslauf und das Res\u00fcmee . Wie man Nebenjobs und au\u00dferschulische Aktivit\u00e4ten ausw\u00e4hlt, um Erfahrungen zu sammeln und sich selbst und anderen zu zeigen, was man am liebsten mag und am besten kann. Erkl\u00e4rung, wie man einen Lebenslauf erstellt, der die Ausbildung, den beruflichen Werdegang und die Errungenschaften illustriert<\/p>\n\t\t\t\t\t\t\t\t<\/div>\n\t\t\t\t<\/div>\n\t\t\t\t\t<\/div>\n\t\t<\/div>\n\t\t\t\t<div class=\"elementor-column elementor-col-33 elementor-inner-column elementor-element elementor-element-a067c66 elementor-invisible\" data-id=\"a067c66\" data-element_type=\"column\" data-settings=\"{&quot;animation&quot;:&quot;slideInLeft&quot;}\">\n\t\t\t<div class=\"elementor-widget-wrap elementor-element-populated\">\n\t\t\t\t\t\t<div class=\"elementor-element elementor-element-68fdd67 elementor-widget elementor-widget-heading\" data-id=\"68fdd67\" data-element_type=\"widget\" data-settings=\"{&quot;vlt_animated_widget_animation&quot;:&quot;none&quot;}\" data-widget_type=\"heading.default\">\n\t\t\t\t<div class=\"elementor-widget-container\">\n\t\t\t\t\t<h3 class=\"elementor-heading-title elementor-size-default\"><span class=\"has-first-color\">5.<\/span> Das Res\u00fcmee  <\/h3>\t\t\t\t<\/div>\n\t\t\t\t<\/div>\n\t\t\t\t<div class=\"elementor-element elementor-element-3ccce9e elementor-widget elementor-widget-text-editor\" data-id=\"3ccce9e\" data-element_type=\"widget\" data-settings=\"{&quot;vlt_animated_widget_animation&quot;:&quot;none&quot;}\" data-widget_type=\"text-editor.default\">\n\t\t\t\t<div class=\"elementor-widget-container\">\n\t\t\t\t\t\t\t\t\t<p>Der Inhalt eines Lebenslaufs und die Art und Weise, wie er gestaltet ist, um die Aufmerksamkeit des Personalchefs zu erregen, der eine perfekte \u00dcbereinstimmung mit den Stellenanforderungen sucht. Erkl\u00e4rung, was nicht im Lebenslauf enthalten ist, und die Gr\u00fcnde, warum dies nicht der Fall ist.<\/p>\n\t\t\t\t\t\t\t\t<\/div>\n\t\t\t\t<\/div>\n\t\t\t\t\t<\/div>\n\t\t<\/div>\n\t\t\t\t<div class=\"elementor-column elementor-col-33 elementor-inner-column elementor-element elementor-element-0bf910b elementor-invisible\" data-id=\"0bf910b\" data-element_type=\"column\" data-settings=\"{&quot;animation&quot;:&quot;slideInLeft&quot;}\">\n\t\t\t<div class=\"elementor-widget-wrap elementor-element-populated\">\n\t\t\t\t\t\t<div class=\"elementor-element elementor-element-f55e6b8 elementor-widget elementor-widget-heading\" data-id=\"f55e6b8\" data-element_type=\"widget\" data-settings=\"{&quot;vlt_animated_widget_animation&quot;:&quot;none&quot;}\" data-widget_type=\"heading.default\">\n\t\t\t\t<div class=\"elementor-widget-container\">\n\t\t\t\t\t<h3 class=\"elementor-heading-title elementor-size-default\"><span class=\"has-first-color\">6.<\/span> Reaktion auf eine Stellenanzeige  <\/h3>\t\t\t\t<\/div>\n\t\t\t\t<\/div>\n\t\t\t\t<div class=\"elementor-element elementor-element-e2b7903 elementor-widget elementor-widget-text-editor\" data-id=\"e2b7903\" data-element_type=\"widget\" data-settings=\"{&quot;vlt_animated_widget_animation&quot;:&quot;none&quot;}\" data-widget_type=\"text-editor.default\">\n\t\t\t\t<div class=\"elementor-widget-container\">\n\t\t\t\t\t\t\t\t\t<p>Die Erstellung eines Lebenslaufs, der auf eine Stellenanzeige abgestimmt ist, veranschaulicht den Prozess, wie der Lebenslauf und das dazugeh\u00f6rige Anschreiben erstellt werden. Identifizierung von Schl\u00fcsselw\u00f6rtern und Schl\u00fcssels\u00e4tzen und Sicherstellung, dass diese im Lebenslauf und dem dazugeh\u00f6rigen Anschreiben mit herunterladbaren Materialien angemessen ber\u00fccksichtigt werden<\/p>\n\t\t\t\t\t\t\t\t<\/div>\n\t\t\t\t<\/div>\n\t\t\t\t\t<\/div>\n\t\t<\/div>\n\t\t\t\t\t<\/div>\n\t\t<\/section>\n\t\t\t\t<section class=\"elementor-section elementor-inner-section elementor-element elementor-element-ab6d837 row w-auto elementor-section-boxed elementor-section-height-default elementor-section-height-default\" data-id=\"ab6d837\" data-element_type=\"section\">\n\t\t\t\t\t\t<div class=\"elementor-container elementor-column-gap-extended\">\n\t\t\t\t\t<div class=\"elementor-column elementor-col-33 elementor-inner-column elementor-element elementor-element-d21fc13 elementor-invisible\" data-id=\"d21fc13\" data-element_type=\"column\" data-settings=\"{&quot;animation&quot;:&quot;slideInLeft&quot;}\">\n\t\t\t<div class=\"elementor-widget-wrap elementor-element-populated\">\n\t\t\t\t\t\t<div class=\"elementor-element elementor-element-b080b39 elementor-widget elementor-widget-heading\" data-id=\"b080b39\" data-element_type=\"widget\" data-settings=\"{&quot;vlt_animated_widget_animation&quot;:&quot;none&quot;}\" data-widget_type=\"heading.default\">\n\t\t\t\t<div class=\"elementor-widget-container\">\n\t\t\t\t\t<h3 class=\"elementor-heading-title elementor-size-default\"><span class=\"has-first-color\">7.<\/span> Das Anschreiben  <\/h3>\t\t\t\t<\/div>\n\t\t\t\t<\/div>\n\t\t\t\t<div class=\"elementor-element elementor-element-b57f9fa elementor-widget elementor-widget-text-editor\" data-id=\"b57f9fa\" data-element_type=\"widget\" data-settings=\"{&quot;vlt_animated_widget_animation&quot;:&quot;none&quot;}\" data-widget_type=\"text-editor.default\">\n\t\t\t\t<div class=\"elementor-widget-container\">\n\t\t\t\t\t\t\t\t\t<p>Die Erstellung und Ausarbeitung eines Anschreibens, das den Lebenslauf des angehenden Ingenieurs begleiten wird. Der Aufbau des Briefes wird erl\u00e4utert, wobei der Zweck der einzelnen Abschnitte des Briefes hervorgehoben wird, mit einer Vorlage zum Herunterladen. Sie k\u00f6nnen ein \u00e4hnliches Anschreiben f\u00fcr jeden Lebenslauf verwenden, auch f\u00fcr einen Account Executive.<\/p>\n\t\t\t\t\t\t\t\t<\/div>\n\t\t\t\t<\/div>\n\t\t\t\t\t<\/div>\n\t\t<\/div>\n\t\t\t\t<div class=\"elementor-column elementor-col-33 elementor-inner-column elementor-element elementor-element-c99b379 elementor-invisible\" data-id=\"c99b379\" data-element_type=\"column\" data-settings=\"{&quot;animation&quot;:&quot;slideInLeft&quot;}\">\n\t\t\t<div class=\"elementor-widget-wrap elementor-element-populated\">\n\t\t\t\t\t\t<div class=\"elementor-element elementor-element-5570e85 elementor-widget elementor-widget-heading\" data-id=\"5570e85\" data-element_type=\"widget\" data-settings=\"{&quot;vlt_animated_widget_animation&quot;:&quot;none&quot;}\" data-widget_type=\"heading.default\">\n\t\t\t\t<div class=\"elementor-widget-container\">\n\t\t\t\t\t<h3 class=\"elementor-heading-title elementor-size-default\"><span class=\"has-first-color\">8.<\/span> InsightCV Schl\u00fcsselwort-Techniken (ICVKT)  <\/h3>\t\t\t\t<\/div>\n\t\t\t\t<\/div>\n\t\t\t\t<div class=\"elementor-element elementor-element-0bf3012 elementor-widget elementor-widget-text-editor\" data-id=\"0bf3012\" data-element_type=\"widget\" data-settings=\"{&quot;vlt_animated_widget_animation&quot;:&quot;none&quot;}\" data-widget_type=\"text-editor.default\">\n\t\t\t\t<div class=\"elementor-widget-container\">\n\t\t\t\t\t\t\t\t\t<p>ICVKT bezieht sich auf den Prozess der wahrheitsgem\u00e4\u00dfen Anpassung eines Lebenslaufs an die Anforderungen einer Stellenanzeige. Applicant Tracking Systems und wie sie bei einer gro\u00dfen Anzahl von Bewerbungen zur Sichtung von Lebensl\u00e4ufen eingesetzt werden. Der Wert eines sorgf\u00e4ltig gestalteten Anschreibens zur professionellen Unterst\u00fctzung des Lebenslaufs.<\/p>\n\t\t\t\t\t\t\t\t<\/div>\n\t\t\t\t<\/div>\n\t\t\t\t\t<\/div>\n\t\t<\/div>\n\t\t\t\t<div class=\"elementor-column elementor-col-33 elementor-inner-column elementor-element elementor-element-c307473 elementor-invisible\" data-id=\"c307473\" data-element_type=\"column\" data-settings=\"{&quot;animation&quot;:&quot;slideInLeft&quot;}\">\n\t\t\t<div class=\"elementor-widget-wrap elementor-element-populated\">\n\t\t\t\t\t\t<div class=\"elementor-element elementor-element-a98e4cc elementor-widget elementor-widget-heading\" data-id=\"a98e4cc\" data-element_type=\"widget\" data-settings=\"{&quot;vlt_animated_widget_animation&quot;:&quot;none&quot;}\" data-widget_type=\"heading.default\">\n\t\t\t\t<div class=\"elementor-widget-container\">\n\t\t\t\t\t<h3 class=\"elementor-heading-title elementor-size-default\"><span class=\"has-first-color\">9.<\/span> Zusammenfassung<\/h3>\t\t\t\t<\/div>\n\t\t\t\t<\/div>\n\t\t\t\t<div class=\"elementor-element elementor-element-c10fbd5 elementor-widget elementor-widget-text-editor\" data-id=\"c10fbd5\" data-element_type=\"widget\" data-settings=\"{&quot;vlt_animated_widget_animation&quot;:&quot;none&quot;}\" data-widget_type=\"text-editor.default\">\n\t\t\t\t<div class=\"elementor-widget-container\">\n\t\t\t\t\t\t\t\t\tEin R\u00fcckblick auf den Kurs mit den wichtigsten Empfehlungen und abschlie\u00dfenden Bemerkungen.  \t\t\t\t\t\t\t\t<\/div>\n\t\t\t\t<\/div>\n\t\t\t\t\t<\/div>\n\t\t<\/div>\n\t\t\t\t\t<\/div>\n\t\t<\/section>\n\t\t\t\t\t<\/div>\n\t\t<\/div>\n\t\t\t\t\t<\/div>\n\t\t<\/section>\n\t\t<div class=\"elementor-element elementor-element-c7c697c e-flex e-con-boxed e-con e-parent\" data-id=\"c7c697c\" data-element_type=\"container\">\n\t\t\t\t\t<div class=\"e-con-inner\">\n\t\t\t\t<div class=\"elementor-element elementor-element-e962b50 elementor-widget elementor-widget-vlt-button\" data-id=\"e962b50\" data-element_type=\"widget\" data-settings=\"{&quot;_animation_mobile&quot;:&quot;slideInUp&quot;,&quot;vlt_animated_widget_animation&quot;:&quot;none&quot;}\" data-widget_type=\"vlt-button.default\">\n\t\t\t\t<div class=\"elementor-widget-container\">\n\t\t\t\t\t\n\t\t<a class=\"vlt-btn vlt-btn--md vlt-btn--primary\" role=\"button\" href=\"https:\/\/insightcv.promptskill.com\/course\/PS66002\" target=\"_blank\">\n\n\t\t\t\n\t\t\t<span class=\"vlt-btn__text\">DISCOVER THE COURSE<\/span>\n\n\t\t\t\n\t\t<\/a>\n\n\t\t\t\t\t\t<\/div>\n\t\t\t\t<\/div>\n\t\t\t\t\t<\/div>\n\t\t\t\t<\/div>\n\t\t\t\t<\/div>\n\t\t","protected":false},"excerpt":{"rendered":"<p>1. Willkommen Vorstellung der Moderatoren des Kurses, Dr. Arthur Morse und Frau Suparat Sukpradit. Sie verf\u00fcgen \u00fcber umfangreiche Erfahrungen in der F\u00fchrung von Unternehmen und der Verwaltung von Projekten in Asien, Europa, dem Nahen Osten und Australien. Sie setzen sich daf\u00fcr ein, jungen Berufst\u00e4tigen zu helfen, in ihrer gew\u00e4hlten Karriere gl\u00fccklich und erfolgreich zu sein. [&hellip;]<\/p>\n","protected":false},"author":1,"featured_media":0,"parent":0,"menu_order":0,"comment_status":"closed","ping_status":"closed","template":"","meta":{"_acf_changed":false,"footnotes":""},"class_list":["post-29543","page","type-page","status-publish","hentry"],"acf":[],"yoast_head":"<!-- This site is optimized with the Yoast SEO plugin v25.3.1 - https:\/\/yoast.com\/wordpress\/plugins\/seo\/ -->\n<title>Der Kurs - Insight CV - Tidy.co<\/title>\n<meta name=\"robots\" content=\"index, follow, max-snippet:-1, max-image-preview:large, max-video-preview:-1\" \/>\n<link rel=\"canonical\" href=\"https:\/\/tidy.co\/de\/der-kurs\/\" \/>\n<meta property=\"og:locale\" content=\"de_DE\" \/>\n<meta property=\"og:type\" content=\"article\" \/>\n<meta property=\"og:title\" content=\"Der Kurs - Insight CV - Tidy.co\" \/>\n<meta property=\"og:description\" content=\"1. Willkommen Vorstellung der Moderatoren des Kurses, Dr. Arthur Morse und Frau Suparat Sukpradit. Sie verf\u00fcgen \u00fcber umfangreiche Erfahrungen in der F\u00fchrung von Unternehmen und der Verwaltung von Projekten in Asien, Europa, dem Nahen Osten und Australien. Sie setzen sich daf\u00fcr ein, jungen Berufst\u00e4tigen zu helfen, in ihrer gew\u00e4hlten Karriere gl\u00fccklich und erfolgreich zu sein. [&hellip;]\" \/>\n<meta property=\"og:url\" content=\"https:\/\/tidy.co\/de\/der-kurs\/\" \/>\n<meta property=\"og:site_name\" content=\"Insight CV - Tidy.co\" \/>\n<meta property=\"article:modified_time\" content=\"2024-08-14T16:16:14+00:00\" \/>\n<meta name=\"twitter:card\" content=\"summary_large_image\" \/>\n<meta name=\"twitter:label1\" content=\"Gesch\u00e4tzte Lesezeit\" \/>\n\t<meta name=\"twitter:data1\" content=\"2\u00a0Minuten\" \/>\n<script type=\"application\/ld+json\" class=\"yoast-schema-graph\">{\"@context\":\"https:\/\/schema.org\",\"@graph\":[{\"@type\":\"WebPage\",\"@id\":\"https:\/\/tidy.co\/de\/der-kurs\/\",\"url\":\"https:\/\/tidy.co\/de\/der-kurs\/\",\"name\":\"Der Kurs - Insight CV - Tidy.co\",\"isPartOf\":{\"@id\":\"https:\/\/tidy.co\/de\/#website\"},\"datePublished\":\"2024-07-31T03:37:15+00:00\",\"dateModified\":\"2024-08-14T16:16:14+00:00\",\"breadcrumb\":{\"@id\":\"https:\/\/tidy.co\/de\/der-kurs\/#breadcrumb\"},\"inLanguage\":\"de\",\"potentialAction\":[{\"@type\":\"ReadAction\",\"target\":[\"https:\/\/tidy.co\/de\/der-kurs\/\"]}]},{\"@type\":\"BreadcrumbList\",\"@id\":\"https:\/\/tidy.co\/de\/der-kurs\/#breadcrumb\",\"itemListElement\":[{\"@type\":\"ListItem\",\"position\":1,\"name\":\"Accueil\",\"item\":\"https:\/\/tidy.co\/\"},{\"@type\":\"ListItem\",\"position\":2,\"name\":\"Der Kurs\"}]},{\"@type\":\"WebSite\",\"@id\":\"https:\/\/tidy.co\/de\/#website\",\"url\":\"https:\/\/tidy.co\/de\/\",\"name\":\"Insight CV - Tidy.co\",\"description\":\"CV and Resume preparation\",\"potentialAction\":[{\"@type\":\"SearchAction\",\"target\":{\"@type\":\"EntryPoint\",\"urlTemplate\":\"https:\/\/tidy.co\/de\/?s={search_term_string}\"},\"query-input\":{\"@type\":\"PropertyValueSpecification\",\"valueRequired\":true,\"valueName\":\"search_term_string\"}}],\"inLanguage\":\"de\"}]}<\/script>\n<!-- \/ Yoast SEO plugin. -->","yoast_head_json":{"title":"Der Kurs - Insight CV - Tidy.co","robots":{"index":"index","follow":"follow","max-snippet":"max-snippet:-1","max-image-preview":"max-image-preview:large","max-video-preview":"max-video-preview:-1"},"canonical":"https:\/\/tidy.co\/de\/der-kurs\/","og_locale":"de_DE","og_type":"article","og_title":"Der Kurs - Insight CV - Tidy.co","og_description":"1. Willkommen Vorstellung der Moderatoren des Kurses, Dr. Arthur Morse und Frau Suparat Sukpradit. Sie verf\u00fcgen \u00fcber umfangreiche Erfahrungen in der F\u00fchrung von Unternehmen und der Verwaltung von Projekten in Asien, Europa, dem Nahen Osten und Australien. Sie setzen sich daf\u00fcr ein, jungen Berufst\u00e4tigen zu helfen, in ihrer gew\u00e4hlten Karriere gl\u00fccklich und erfolgreich zu sein. [&hellip;]","og_url":"https:\/\/tidy.co\/de\/der-kurs\/","og_site_name":"Insight CV - Tidy.co","article_modified_time":"2024-08-14T16:16:14+00:00","twitter_card":"summary_large_image","twitter_misc":{"Gesch\u00e4tzte Lesezeit":"2\u00a0Minuten"},"schema":{"@context":"https:\/\/schema.org","@graph":[{"@type":"WebPage","@id":"https:\/\/tidy.co\/de\/der-kurs\/","url":"https:\/\/tidy.co\/de\/der-kurs\/","name":"Der Kurs - Insight CV - Tidy.co","isPartOf":{"@id":"https:\/\/tidy.co\/de\/#website"},"datePublished":"2024-07-31T03:37:15+00:00","dateModified":"2024-08-14T16:16:14+00:00","breadcrumb":{"@id":"https:\/\/tidy.co\/de\/der-kurs\/#breadcrumb"},"inLanguage":"de","potentialAction":[{"@type":"ReadAction","target":["https:\/\/tidy.co\/de\/der-kurs\/"]}]},{"@type":"BreadcrumbList","@id":"https:\/\/tidy.co\/de\/der-kurs\/#breadcrumb","itemListElement":[{"@type":"ListItem","position":1,"name":"Accueil","item":"https:\/\/tidy.co\/"},{"@type":"ListItem","position":2,"name":"Der Kurs"}]},{"@type":"WebSite","@id":"https:\/\/tidy.co\/de\/#website","url":"https:\/\/tidy.co\/de\/","name":"Insight CV - Tidy.co","description":"CV and Resume preparation","potentialAction":[{"@type":"SearchAction","target":{"@type":"EntryPoint","urlTemplate":"https:\/\/tidy.co\/de\/?s={search_term_string}"},"query-input":{"@type":"PropertyValueSpecification","valueRequired":true,"valueName":"search_term_string"}}],"inLanguage":"de"}]}},"_links":{"self":[{"href":"https:\/\/tidy.co\/de\/wp-json\/wp\/v2\/pages\/29543","targetHints":{"allow":["GET"]}}],"collection":[{"href":"https:\/\/tidy.co\/de\/wp-json\/wp\/v2\/pages"}],"about":[{"href":"https:\/\/tidy.co\/de\/wp-json\/wp\/v2\/types\/page"}],"author":[{"embeddable":true,"href":"https:\/\/tidy.co\/de\/wp-json\/wp\/v2\/users\/1"}],"replies":[{"embeddable":true,"href":"https:\/\/tidy.co\/de\/wp-json\/wp\/v2\/comments?post=29543"}],"version-history":[{"count":0,"href":"https:\/\/tidy.co\/de\/wp-json\/wp\/v2\/pages\/29543\/revisions"}],"wp:attachment":[{"href":"https:\/\/tidy.co\/de\/wp-json\/wp\/v2\/media?parent=29543"}],"curies":[{"name":"wp","href":"https:\/\/api.w.org\/{rel}","templated":true}]}}